{"id":3087,"date":"2021-09-10T20:29:24","date_gmt":"2021-09-10T20:29:24","guid":{"rendered":"https:\/\/ibmlstaging.wpengine.com\/services\/ibml-as-a-service-iaas\/"},"modified":"2022-06-07T20:43:37","modified_gmt":"2022-06-07T20:43:37","slug":"ibml-as-a-service-iaas","status":"publish","type":"page","link":"https:\/\/www.ibml.com\/fr\/services\/ibml-as-a-service-iaas\/","title":{"rendered":"ibml-as-a-service (iaaS)"},"content":{"rendered":"<p>La technologie de saisie joue un r\u00f4le cl\u00e9 dans la r\u00e9ussite de vos initiatives de transformation num\u00e9rique. Ne vous contentez pas d&rsquo;\u00e9quipements ou de logiciels obsol\u00e8tes pour vos op\u00e9rations de num\u00e9risation de documents. Transformez vos flux en tirant parti de l&rsquo;expertise du leader mondial de la saisie intelligente de documents, tout en contr\u00f4lant les co\u00fbts et l&rsquo;efficacit\u00e9, avec ibml-as-a-service.<\/p>\n","protected":false},"excerpt":{"rendered":"<p>La technologie de saisie joue un r\u00f4le cl\u00e9 dans la r\u00e9ussite de vos initiatives de transformation num\u00e9rique. Ne vous contentez pas d&rsquo;\u00e9quipements ou de logiciels obsol\u00e8tes pour vos op\u00e9rations de num\u00e9risation de documents. Transformez vos flux en tirant parti de l&rsquo;expertise du leader mondial de la saisie intelligente de documents, tout en contr\u00f4lant les co\u00fbts [&hellip;]<\/p>\n","protected":false},"author":2,"featured_media":2393,"parent":3034,"menu_order":0,"comment_status":"closed","ping_status":"closed","template":"template-iaas.php","meta":{"_acf_changed":false,"content-type":"","_crsspst_to_ibmldevwpenginecom":false,"_crsspst_to_wwwibmlcom":false,"footnotes":""},"class_list":["post-3087","page","type-page","status-publish","has-post-thumbnail","hentry"],"acf":{"flexible_content":[{"acf_fc_layout":"why_iaas_content_block","why_iaas_headline":"Pourquoi iaaS\u00a0?","why_iaas_description":"Dans un monde qui change rapidement, les entreprises sont confront\u00e9es \u00e0 des d\u00e9fis simultan\u00e9s. La plupart ressentent de la pression de se transformer num\u00e9riquement et d'obtenir de nouvelles infrastructures pour \u00eatre comp\u00e9titives, mais ne peuvent pas pour ces raisons\u00a0: ","why_iaas_list_items":"Manque de liquidit\u00e9s pour les achats initiaux\r\n\r\nBesoin de liquidit\u00e9s pour les initiatives de croissance de base\r\n\r\nPeur de perturber l'activit\u00e9\r\n\r\nPr\u00e9occupation concernant le RSI ","why_iaas_headline_right":"Pendant ce temps, les organisation constatent que la technologie existante devient de plus en plus co\u00fbteuse \u00e0 entretenir et pas aussi efficace que les derni\u00e8res technologies.","why_iaas_description_right":"Pire encore, au fur et \u00e0 mesure que l'\u00e9quipement existant vieillit, il devient un risque de s\u00e9curit\u00e9 encore plus grand, car souvent les logiciels dont il a besoin ne peuvent plus \u00eatre mis \u00e0 jour. En fin de compte, tous ces facteurs cr\u00e9ent un sc\u00e9nario o\u00f9 les services g\u00e9r\u00e9s gagnent rapidement du terrain en tant qu'alternative prometteuse au paiement en un bloc pour de nouvelles infrastructures.\r\n\r\nD\u00e9couvrez ibml-as-a-Service. Avec des paiements trimestriels simples, vous pouvez lib\u00e9rer votre argent pour les besoins de base de l'entreprise, tout en b\u00e9n\u00e9ficiant de la derni\u00e8re technologie de saisie de pointe. En tant que service g\u00e9r\u00e9 unique en son genre, iaaS vous permet de payer au fur et \u00e0 mesure tout en conservant la possibilit\u00e9 de personnaliser, d'adapter et de regrouper la technologie sans co\u00fbt suppl\u00e9mentaire. Cette solution offre aux organisations de nouvelles possibilit\u00e9s de rester agiles et de transf\u00e9rer facilement des ressources pour exploiter de nouvelles opportunit\u00e9s.","why_iaas_cta":{"title":"T\u00e9l\u00e9chargez la brochure","url":"https:\/\/www.ibml.com\/wp-content\/uploads\/2022\/05\/ibml_iaaS_FusionBrochure_French.pdf","target":"_blank"},"why_iaas_asset_image":4187},{"acf_fc_layout":"h3_h4_headline","h3_h4_h3_headline":"Comment fonctionne le processus\u00a0?","h3_h4_h4_headline":"ibml-as-a-service peut \u00eatre expliqu\u00e9 en cinq \u00e9tapes simples\u00a0:","center_text":true},{"acf_fc_layout":"responsive_image","desktop_image":2899,"mobile_image":2897},{"acf_fc_layout":"headline_full_width_image","full_width_headline":"Quels sont les autres avantages\u00a0?","full_width_image":2875,"full_width_image_mobile":2877},{"acf_fc_layout":"faq_block","faq_block_title":"Foire aux questions sp\u00e9ciale iaaS","faq_block_sub_title":"Tout ce que vous devez savoir sur iaaS","faq_block_description":"Vous avez d'autres questions sur les services g\u00e9r\u00e9s d'ibml\u00a0? Consultez notre FAQ ci-dessous ou contactez un repr\u00e9sentant pour en savoir plus.","faq_block_question_answer":[{"faq_block_question":"ibml-as-a-service convient-il \u00e0 mon entreprise\u00a0?","faq_block_answer":"En r\u00e8gle g\u00e9n\u00e9rale, toutes les entreprises peuvent b\u00e9n\u00e9ficier d'iaaS. C'est un choix particuli\u00e8rement judicieux pour les entreprises qui souhaitent\u00a0:\r\n<ul>\r\n \t<li>Maintenir de la flexibilit\u00e9 et rester inform\u00e9 de l'\u00e9volution rapide de la technologie tout en \u00e9vitant l'obsolescence<\/li>\r\n \t<li>Mettre \u00e0 jour p\u00e9riodiquement la technologie, mais ne pas lier les liquidit\u00e9s dans les actifs amortissables<\/li>\r\n \t<li>Conserver les liquidit\u00e9s pour les autres besoins de l'entreprise<\/li>\r\n \t<li>B\u00e9n\u00e9ficier d'un guichet unique pour le financement du mat\u00e9riel, des logiciels et des services, plus la commodit\u00e9 d'un seul paiement trimestriel<\/li>\r\n \t<li>\u00c9liminer en toute s\u00e9curit\u00e9 les vieux \u00e9quipements avec un impact minimal sur l'environnement, mais ne poss\u00e8dent pas les comp\u00e9tences de base pour le faire<\/li>\r\n<\/ul>"},{"faq_block_question":"iaaS pr\u00e9sente-t-il des avantages autres que financiers ?","faq_block_answer":"Oui. iaaS peut aider \u00e0 acc\u00e9l\u00e9rer le remplacement et la modernisation de l'\u00e9quipement, avec \u00e0 la cl\u00e9 un impact positif sur tous les aspects d'une entreprise. En outre, la plupart des contrats de services g\u00e9r\u00e9s \u00e9vitent aux chefs d'entreprise de s'inqui\u00e9ter des probl\u00e8mes de mise au rebut de fin de vie de la technologie, y compris les consid\u00e9rations environnementales, la s\u00e9curit\u00e9 et la destruction des donn\u00e9es, et la conformit\u00e9 aux lois de mise au rebut en constante \u00e9volution."},{"faq_block_question":"Qu'est-ce qui peut \u00eatre inclus dans mon service g\u00e9r\u00e9 iaaS\u00a0?","faq_block_answer":"Le mat\u00e9riel, les logiciels et les services ibml n\u00e9cessaires \u00e0 l'installation, \u00e0 la personnalisation, \u00e0 la mise en \u0153uvre et \u00e0 la maintenance des produits ainsi qu'\u00e0 l'exp\u00e9dition, \u00e0 la manutention et aux consommables n\u00e9cessaires aux op\u00e9rations sont inclus."},{"faq_block_question":"iaaS peut-il \u00eatre d\u00e9duit pour b\u00e9n\u00e9ficier d'avantages fiscaux\u00a0?","faq_block_answer":"La comptabilisation des paiements iaaS \u00e0 titre de frais d'exploitation r\u00e9duit votre revenu imposable, ce qui les rend d\u00e9ductibles \u00e0 100\u00a0%."}]},{"acf_fc_layout":"custom_html","custom_html":"<section class=\"cta-callout-centered\">\r\n\t\t\t<div class=\"container pb-md-5\">\r\n\t\t\t\t<div class=\"row\">\r\n\t\t\t\t\t<div class=\"col-12\">\r\n\t\t\t\t\t\t<div class=\"wysiwyg text-center\">\r\n\t\t\t\t\t\t\t<a href=\"\" class=\"cta white-bg black-text mb-4 js-content-1 js-iaas-gated-asset click-gtm-event\" data-gtm-action=\"Click Link PDF\" data-gtm-label=\"Download iaaS Frequently Asked Questions\" data-toggle=\"modal\" data-target=\"#gatedAssetModal\">\r\n T\u00e9l\u00e9charger la FAQ sur iaaS\r\n\t\t\t\t\t\t\t<\/a>\r\n\t\t\t\t\t\t<\/div>\r\n\t\t\t\t\t<\/div>\r\n\t\t\t\t<\/div>\r\n\t\t\t<\/div>\r\n\t\t<\/section>\r\n\t\t<div class=\"modal fade form-modal modal--gated-asset\" id=\"gatedAssetModal\" tabindex=\"-1\" role=\"dialog\" aria-labelledby=\"gatedAssetModalLabel\" style=\"display: none;\" aria-hidden=\"true\">\r\n\t\t    <button type=\"button\" class=\"close m-0 p-0\" data-dismiss=\"modal\" aria-label=\"Close\">\r\n\t\t        <span aria-hidden=\"true\">\u00d7<\/span>\r\n\t\t    <\/button>\r\n\t\t    <div class=\"modal-dialog\" role=\"document\">\r\n\t\t        <div class=\"modal-content\">\r\n\t\t            <div class=\"modal-body\">\r\n\t\t                <h5 class=\"headline h2 font-light text-center\" id=\"gatedAssetModalLabel\">\r\n T\u00e9l\u00e9chargez iaaS<br> Foire aux questions\r\n\t\t\t\t\t\t<\/h5>\r\n\t\t                <iframe src=\"https:\/\/go.ibml.com\/l\/504351\/2021-08-02\/43fsk5\" class=\"gated-asset-iframe w-100\" width=\"100%\" height=\"600\" frameborder=\"0\" allowtransparency=\"true\" style=\"border: 0\"><\/iframe>\r\n\t\t            <\/div>\r\n\t\t        <\/div>\r\n\t\t    <\/div>\r\n\t\t<\/div>"}],"icons_text_rows":[{"icon":2895,"icon_headline":"Payez au fur et \u00e0 mesure","icon_description":"Acc\u00e9dez aux derni\u00e8res technologies sans frais initiaux."},{"icon":2887,"icon_headline":"Obtenez les meilleurs r\u00e9sultats gr\u00e2ce \u00e0 un avantage technologique","icon_description":"Remplacez la technologie existante par les derni\u00e8res mises \u00e0 niveau"},{"icon":2883,"icon_headline":"Am\u00e9liorez les flux de tr\u00e9sorerie","icon_description":"Pr\u00e9servez les liquidit\u00e9s pour les initiatives de croissance essentielles tout en laissant votre plateforme de saisie s'autofinancer."},{"icon":2881,"icon_headline":"Op\u00e9rez de mani\u00e8re responsable","icon_description":"Externalisez la mise au rebut \u00e9cologique des \u00e9quipements inutiles. "},{"icon":2889,"icon_headline":"\u00c9vitez les co\u00fbts cach\u00e9s","icon_description":"B\u00e9n\u00e9ficiez de frais fixes pour l'\u00e9quipement, les services et la maintenance."}],"address":"","phone":"","select_pre_footer_ad":[1450],"background_image":"","headline":"","cta_label":"","cta_url":"","new_window":false,"sub-headline":"Toutes les derni\u00e8res technologies, sans les co\u00fbts initiaux","sub_sub_headline":"Transformez votre strat\u00e9gie de saisie de documents"},"yoast_head":"<!-- This site is optimized with the Yoast SEO plugin v26.9 - https:\/\/yoast.com\/product\/yoast-seo-wordpress\/ -->\n<title>ibml-as-a-service (iaaS) | ibml<\/title>\n<meta name=\"description\" content=\"Toutes les derni\u00e8res technologies, sans les co\u00fbts initiaux. La technologie de saisie joue un r\u00f4le cl\u00e9 dans le succ\u00e8s de vos initiatives de transformation num\u00e9rique\u00a0: ne vous contentez pas d&#039;\u00e9quipements ou de logiciels obsol\u00e8tes dans vos op\u00e9rations de num\u00e9risation de documents.\" \/>\n<meta name=\"robots\" content=\"index, follow, max-snippet:-1, max-image-preview:large, max-video-preview:-1\" \/>\n<link rel=\"canonical\" href=\"https:\/\/www.ibml.com\/fr\/services\/ibml-as-a-service-iaas\/\" \/>\n<meta property=\"og:locale\" content=\"fr_FR\" \/>\n<meta property=\"og:type\" content=\"article\" \/>\n<meta property=\"og:title\" content=\"ibml-as-a-service (iaaS) | ibml\" \/>\n<meta property=\"og:description\" content=\"Toutes les derni\u00e8res technologies, sans les co\u00fbts initiaux. La technologie de saisie joue un r\u00f4le cl\u00e9 dans le succ\u00e8s de vos initiatives de transformation num\u00e9rique\u00a0: ne vous contentez pas d&#039;\u00e9quipements ou de logiciels obsol\u00e8tes dans vos op\u00e9rations de num\u00e9risation de documents.\" \/>\n<meta property=\"og:url\" content=\"https:\/\/www.ibml.com\/fr\/services\/ibml-as-a-service-iaas\/\" \/>\n<meta property=\"og:site_name\" content=\"https:\/\/www.ibml.com\/\" \/>\n<meta property=\"article:publisher\" content=\"https:\/\/www.facebook.com\/ibmlnews\" \/>\n<meta property=\"article:modified_time\" content=\"2022-06-07T20:43:37+00:00\" \/>\n<meta property=\"og:image\" content=\"https:\/\/www.ibml.com\/wp-content\/uploads\/2020\/01\/ibml-leasing-banner.jpg\" \/>\n\t<meta property=\"og:image:width\" content=\"3800\" \/>\n\t<meta property=\"og:image:height\" content=\"800\" \/>\n\t<meta property=\"og:image:type\" content=\"image\/jpeg\" \/>\n<meta name=\"twitter:card\" content=\"summary_large_image\" \/>\n<meta name=\"twitter:site\" content=\"@ibmlnews\" \/>\n<!-- \/ Yoast SEO plugin. -->","yoast_head_json":{"title":"ibml-as-a-service (iaaS) | ibml","description":"Toutes les derni\u00e8res technologies, sans les co\u00fbts initiaux. La technologie de saisie joue un r\u00f4le cl\u00e9 dans le succ\u00e8s de vos initiatives de transformation num\u00e9rique\u00a0: ne vous contentez pas d'\u00e9quipements ou de logiciels obsol\u00e8tes dans vos op\u00e9rations de num\u00e9risation de documents.","robots":{"index":"index","follow":"follow","max-snippet":"max-snippet:-1","max-image-preview":"max-image-preview:large","max-video-preview":"max-video-preview:-1"},"canonical":"https:\/\/www.ibml.com\/fr\/services\/ibml-as-a-service-iaas\/","og_locale":"fr_FR","og_type":"article","og_title":"ibml-as-a-service (iaaS) | ibml","og_description":"Toutes les derni\u00e8res technologies, sans les co\u00fbts initiaux. La technologie de saisie joue un r\u00f4le cl\u00e9 dans le succ\u00e8s de vos initiatives de transformation num\u00e9rique\u00a0: ne vous contentez pas d'\u00e9quipements ou de logiciels obsol\u00e8tes dans vos op\u00e9rations de num\u00e9risation de documents.","og_url":"https:\/\/www.ibml.com\/fr\/services\/ibml-as-a-service-iaas\/","og_site_name":"https:\/\/www.ibml.com\/","article_publisher":"https:\/\/www.facebook.com\/ibmlnews","article_modified_time":"2022-06-07T20:43:37+00:00","og_image":[{"width":3800,"height":800,"url":"https:\/\/www.ibml.com\/wp-content\/uploads\/2020\/01\/ibml-leasing-banner.jpg","type":"image\/jpeg"}],"twitter_card":"summary_large_image","twitter_site":"@ibmlnews","schema":{"@context":"https:\/\/schema.org","@graph":[{"@type":"WebPage","@id":"https:\/\/www.ibml.com\/fr\/services\/ibml-as-a-service-iaas\/","url":"https:\/\/www.ibml.com\/fr\/services\/ibml-as-a-service-iaas\/","name":"ibml-as-a-service (iaaS) | ibml","isPartOf":{"@id":"https:\/\/www.ibml.com\/fr\/#website"},"primaryImageOfPage":{"@id":"https:\/\/www.ibml.com\/fr\/services\/ibml-as-a-service-iaas\/#primaryimage"},"image":{"@id":"https:\/\/www.ibml.com\/fr\/services\/ibml-as-a-service-iaas\/#primaryimage"},"thumbnailUrl":"https:\/\/www.ibml.com\/wp-content\/uploads\/2020\/01\/ibml-leasing-banner.jpg","datePublished":"2021-09-10T20:29:24+00:00","dateModified":"2022-06-07T20:43:37+00:00","description":"Toutes les derni\u00e8res technologies, sans les co\u00fbts initiaux. La technologie de saisie joue un r\u00f4le cl\u00e9 dans le succ\u00e8s de vos initiatives de transformation num\u00e9rique\u00a0: ne vous contentez pas d'\u00e9quipements ou de logiciels obsol\u00e8tes dans vos op\u00e9rations de num\u00e9risation de documents.","breadcrumb":{"@id":"https:\/\/www.ibml.com\/fr\/services\/ibml-as-a-service-iaas\/#breadcrumb"},"inLanguage":"fr-FR","potentialAction":[{"@type":"ReadAction","target":["https:\/\/www.ibml.com\/fr\/services\/ibml-as-a-service-iaas\/"]}]},{"@type":"ImageObject","inLanguage":"fr-FR","@id":"https:\/\/www.ibml.com\/fr\/services\/ibml-as-a-service-iaas\/#primaryimage","url":"https:\/\/www.ibml.com\/wp-content\/uploads\/2020\/01\/ibml-leasing-banner.jpg","contentUrl":"https:\/\/www.ibml.com\/wp-content\/uploads\/2020\/01\/ibml-leasing-banner.jpg","width":3800,"height":800,"caption":"Programme ibml Leasing"},{"@type":"BreadcrumbList","@id":"https:\/\/www.ibml.com\/fr\/services\/ibml-as-a-service-iaas\/#breadcrumb","itemListElement":[{"@type":"ListItem","position":1,"name":"Home","item":"https:\/\/www.ibml.com\/fr\/"},{"@type":"ListItem","position":2,"name":"Services","item":"https:\/\/www.ibml.com\/fr\/services\/?lang=fr"},{"@type":"ListItem","position":3,"name":"ibml-as-a-service (iaaS)"}]},{"@type":"WebSite","@id":"https:\/\/www.ibml.com\/fr\/#website","url":"https:\/\/www.ibml.com\/fr\/","name":"https:\/\/www.ibml.com\/","description":"End-to-End Enterprise Capture Solutions","publisher":{"@id":"https:\/\/www.ibml.com\/fr\/#organization"},"potentialAction":[{"@type":"SearchAction","target":{"@type":"EntryPoint","urlTemplate":"https:\/\/www.ibml.com\/fr\/?s={search_term_string}"},"query-input":{"@type":"PropertyValueSpecification","valueRequired":true,"valueName":"search_term_string"}}],"inLanguage":"fr-FR"},{"@type":"Organization","@id":"https:\/\/www.ibml.com\/fr\/#organization","name":"IBML","url":"https:\/\/www.ibml.com\/fr\/","logo":{"@type":"ImageObject","inLanguage":"fr-FR","@id":"https:\/\/www.ibml.com\/fr\/#\/schema\/logo\/image\/","url":"https:\/\/www.ibml.com\/wp-content\/uploads\/2022\/08\/ibml-logo-dark-1.png","contentUrl":"https:\/\/www.ibml.com\/wp-content\/uploads\/2022\/08\/ibml-logo-dark-1.png","width":301,"height":149,"caption":"IBML"},"image":{"@id":"https:\/\/www.ibml.com\/fr\/#\/schema\/logo\/image\/"},"sameAs":["https:\/\/www.facebook.com\/ibmlnews","https:\/\/x.com\/ibmlnews","https:\/\/www.linkedin.com\/company\/ibml\/","https:\/\/www.youtube.com\/user\/ibmltube"]}]}},"_links":{"self":[{"href":"https:\/\/www.ibml.com\/fr\/wp-json\/wp\/v2\/pages\/3087","targetHints":{"allow":["GET"]}}],"collection":[{"href":"https:\/\/www.ibml.com\/fr\/wp-json\/wp\/v2\/pages"}],"about":[{"href":"https:\/\/www.ibml.com\/fr\/wp-json\/wp\/v2\/types\/page"}],"author":[{"embeddable":true,"href":"https:\/\/www.ibml.com\/fr\/wp-json\/wp\/v2\/users\/2"}],"replies":[{"embeddable":true,"href":"https:\/\/www.ibml.com\/fr\/wp-json\/wp\/v2\/comments?post=3087"}],"version-history":[{"count":0,"href":"https:\/\/www.ibml.com\/fr\/wp-json\/wp\/v2\/pages\/3087\/revisions"}],"up":[{"embeddable":true,"href":"https:\/\/www.ibml.com\/fr\/wp-json\/wp\/v2\/pages\/3034"}],"acf:post":[{"embeddable":true,"href":"https:\/\/www.ibml.com\/fr\/wp-json\/wp\/v2\/pre_footer_ad\/1450"}],"wp:featuredmedia":[{"embeddable":true,"href":"https:\/\/www.ibml.com\/fr\/wp-json\/wp\/v2\/media\/2393"}],"wp:attachment":[{"href":"https:\/\/www.ibml.com\/fr\/wp-json\/wp\/v2\/media?parent=3087"}],"curies":[{"name":"wp","href":"https:\/\/api.w.org\/{rel}","templated":true}]}}