{"id":3081,"date":"2021-09-10T20:29:20","date_gmt":"2021-09-10T20:29:20","guid":{"rendered":"https:\/\/ibmlstaging.wpengine.com\/accueil\/"},"modified":"2023-03-22T15:54:27","modified_gmt":"2023-03-22T15:54:27","slug":"accueil","status":"publish","type":"page","link":"https:\/\/www.ibml.com\/fr\/","title":{"rendered":"Accueil"},"content":{"rendered":"","protected":false},"excerpt":{"rendered":"","protected":false},"author":2,"featured_media":0,"parent":0,"menu_order":0,"comment_status":"closed","ping_status":"closed","template":"template-home-page.php","meta":{"_acf_changed":false,"content-type":"","_crsspst_to_ibmldevwpenginecom":false,"_crsspst_to_wwwibmlcom":false,"footnotes":""},"class_list":["post-3081","page","type-page","status-publish","hentry"],"acf":{"flexible_content":null,"home_carousel_item":[{"headline":"","paragraph":"","cta":null},{"headline":"Transformez votre<br> gestion des documents","paragraph":"Unifiez la gestion et le traitement de votre contenu avec une solution pr\u00e9-int\u00e9gr\u00e9e con\u00e7ue pour saisir, traiter et g\u00e9rer sur un logiciel \u00e9volutif natif du cloud.","cta":{"title":"Explorer ibml Cloud Capture","url":"https:\/\/www.ibml.com\/products\/logiciels\/ibml-cloud-capture\/?lang=fr","target":""}},{"headline":"Faites avancer votre<br> activit\u00e9 de BPO","paragraph":"Acc\u00e9l\u00e9rez vos op\u00e9rations tout en r\u00e9duisant vos d\u00e9penses gr\u00e2ce \u00e0 une technologie robuste et intelligente con\u00e7ue pour \u00eatre efficace. D\u00e9couvrez une intelligence in\u00e9gal\u00e9e pour la saisie d'informations \u00e0 haut volume.","cta":{"title":"En savoir plus","url":"https:\/\/www.ibml.com\/fr\/secteurs\/fournisseurs-de-bpo\/","target":""}},{"headline":"Pr\u00e9parer vos<br> op\u00e9rations de paiement pour l'avenir","paragraph":"Acc\u00e9l\u00e9rez et \u00e9tendez vos services de paiement avec les solutions de num\u00e9risation de documents les plus rapides et les plus intelligentes au monde, con\u00e7ues pour optimiser l'efficacit\u00e9 de votre extraction de donn\u00e9es et vous aider \u00e0 progresser sur de nouveaux march\u00e9s.","cta":{"title":"Voir les solutions","url":"https:\/\/www.ibml.com\/fr\/solutions\/traitement-lockbox-paiements\/","target":""}},{"headline":"Acc\u00e9l\u00e9rez le traitement<br> de vos donn\u00e9es strat\u00e9giques","paragraph":"Ma\u00eetrisez de grands volumes d'informations avec une vitesse et une intelligence sans compromis gr\u00e2ce au premier scanner ultra-haute vitesse conforme \u00e0 la norme FADGI 3 \u00e9toiles et fabriqu\u00e9 aux \u00c9tats-Unis.","cta":{"title":"D\u00e9couvrir ibml Fusion","url":"https:\/\/www.ibml.com\/products\/scanners\/ibml-fusion-scanners-de-courrier-ultra-rapides\/?lang=fr","target":""}},{"headline":"Am\u00e9liorez votre tr\u00e9sorerie","paragraph":"En tant que service g\u00e9r\u00e9 unique en son genre, ibml-as-a-service vous permet de payer au fur et \u00e0 mesure tout en conservant la possibilit\u00e9 de personnaliser, de faire \u00e9voluer et de regrouper la technologie sans frais suppl\u00e9mentaires.","cta":{"title":"\u00c9CONOMISEZ AVEC ibml-as-a-Service","url":"https:\/\/www.ibml.com\/services\/ibml-as-a-service-iaas\/?lang=fr","target":""}}],"":"","home_icons_headline":"ibml-as-a-service (iaaS)","home_icons_subheadline":"Vous voulez le dernier cri, mais vous avez du mal \u00e0 trouver l'argent\u00a0?","home_icons_description":"Lib\u00e9rez votre flux de tr\u00e9sorerie avec ibml-as-a-service\u00a0: un abonnement aux services g\u00e9r\u00e9s unique en son genre. D\u00e9sormais, vous pouvez exploiter toutes les derni\u00e8res technologies de capture de documents sans avoir \u00e0 payer l'int\u00e9gralit\u00e9 de la plateforme d\u00e8s le d\u00e9part.","home_icons_and_text":[{"icon":2887,"text":"Personnalisez, mettez \u00e0 l'\u00e9chelle et proposez un forfait sans co\u00fbt suppl\u00e9mentaire"},{"icon":2895,"text":"Facture trimestrielle ou annuelle au d\u00e9caissement"},{"icon":2893,"text":"Investissement d\u00e9ductible d'imp\u00f4t \u00e0 100\u00a0%"},{"icon":2891,"text":"Conditions n\u00e9gociables de 36 \u00e0 72 mois avec options de renouvellement"},{"icon":2889,"text":"0 frais suppl\u00e9mentaires par rapport \u00e0 l'achat \u00e0 l'avance"}],"home_icons_cta":{"title":"En savoir plus","url":"https:\/\/www.ibml.com\/services\/ibml-as-a-service-iaas\/?lang=fr","target":""},"use_black_background":false,"icons_text_rows":null,"address":"","phone":"","background_image":"","headline":"","cta_label":"","cta_url":"","new_window":false,"home_page_banner_headline":"Personnalisable. \u00c9volutif. Imbattable.","home_page_banner_video":4109,"home_page_banner_video_img_fallback":2597,"home_page_callouts":[{"home_page_callout_title":"Scanners de documents intelligents","home_page_callout_image":2865,"home_page_callout_description":"Des vitesses \u00e0 couper le souffle. Du mod\u00e8le pour bureau \u00e0 volume moyen \u00e0 l'\u00e9lite pour ultra haut volume, il existe un scanner surpuissant pour chaque environnement exigeant auquel vous \u00eates confront\u00e9e.","home_page_callout_cta_label":"Explorer","home_page_callout_cta_link":[355]},{"home_page_callout_title":"Logiciel de saisie intelligente","home_page_callout_image":2419,"home_page_callout_description":"Acc\u00e9l\u00e9rez la transmission de donn\u00e9es strat\u00e9giques vers les applications d'entreprise essentielles. Int\u00e9grez en toute s\u00e9curit\u00e9 toute entr\u00e9e ou tout format, structur\u00e9 \u00e0 non structur\u00e9, \u00e0 l'aide d'un logiciel aussi puissant que polyvalent.","home_page_callout_cta_label":"D\u00e9couvrir","home_page_callout_cta_link":[579]}],"sub-headline":"","sub_sub_headline":"","home_page_industries_headline":"Secteurs et solutions","home_page_industries_bg":2197,"home_page_industries_bg_mobile":2203,"home_page_industries_selection":[3051,3073,3056,3057,3054,3055,3059],"featured_product_headline":"ibml <span>FUSiON<sup>\u2122<\/sup><\/span>","featured_product_sub_headline":"Acc\u00e9l\u00e9rer | Consolider | Surpasser","featured_product_image":2865,"featured_product_details":[1518],"featured_product_side_text":" Plus rapide que tout sur le march\u00e9 dans sa cat\u00e9gorie","featured_product_cta_label":"Apprendre encore plus","hide_component":true,"featured_solution_headline":"Traitement<br>de pr\u00eat immobilier<br>\u00e9volutif","featured_solution_description":"R\u00e9pondez aux exigences en constante \u00e9volution d'un march\u00e9 incertain en utilisant une puissante solution de cloud hybride qui vous permet de payer au fur et \u00e0 mesure de votre croissance.","featured_solution_link_label":"Commencer","featured_solution_stat_text_start":"Obtenez jusqu'\u00e0","featured_solution_link":{"title":"Pr\u00eats et cr\u00e9dit immobilier","url":"https:\/\/www.ibml.com\/industries-solutions\/solutions\/mortgage-and-lending\/","target":""},"featured_solution_stat_number":"95%","featured_solution_box_headline":"Un retour sur investissement plus rapide","featured_solution_stat_text_end":"Pr\u00e9cision \u00e0 l'aide d'une intelligence bas\u00e9e sur l'IA","featured_solution_box_description":"Que pourriez-vous r\u00e9aliser avec des op\u00e9rations plus flexibles\u00a0?","featured_solution_footnote":""},"yoast_head":"<!-- This site is optimized with the Yoast SEO plugin v26.9 - https:\/\/yoast.com\/product\/yoast-seo-wordpress\/ -->\n<title>Solutions de saisie d&#039;entreprise de bout en bout \u2013 ibml<\/title>\n<meta name=\"description\" content=\"ibml est un fournisseur mondial de solutions de saisie d&#039;informations de bout en bout. ibml fournit des scanners intelligents avec des logiciels et services de saisie de pointe. Pour en savoir plus, cliquez ici.\" \/>\n<meta name=\"robots\" content=\"index, follow, max-snippet:-1, max-image-preview:large, max-video-preview:-1\" \/>\n<link rel=\"canonical\" href=\"https:\/\/www.ibml.com\/fr\/\" \/>\n<meta property=\"og:locale\" content=\"fr_FR\" \/>\n<meta property=\"og:type\" content=\"article\" \/>\n<meta property=\"og:title\" content=\"Solutions de saisie d&#039;entreprise de bout en bout \u2013 ibml\" \/>\n<meta property=\"og:description\" content=\"ibml est un fournisseur mondial de solutions de saisie d&#039;informations de bout en bout. ibml fournit des scanners intelligents avec des logiciels et services de saisie de pointe. Pour en savoir plus, cliquez ici.\" \/>\n<meta property=\"og:url\" content=\"https:\/\/www.ibml.com\/fr\/\" \/>\n<meta property=\"og:site_name\" content=\"https:\/\/www.ibml.com\/\" \/>\n<meta property=\"article:publisher\" content=\"https:\/\/www.facebook.com\/ibmlnews\" \/>\n<meta property=\"article:modified_time\" content=\"2023-03-22T15:54:27+00:00\" \/>\n<meta name=\"twitter:card\" content=\"summary_large_image\" \/>\n<meta name=\"twitter:site\" content=\"@ibmlnews\" \/>\n<!-- \/ Yoast SEO plugin. -->","yoast_head_json":{"title":"Solutions de saisie d'entreprise de bout en bout \u2013 ibml","description":"ibml est un fournisseur mondial de solutions de saisie d'informations de bout en bout. ibml fournit des scanners intelligents avec des logiciels et services de saisie de pointe. Pour en savoir plus, cliquez ici.","robots":{"index":"index","follow":"follow","max-snippet":"max-snippet:-1","max-image-preview":"max-image-preview:large","max-video-preview":"max-video-preview:-1"},"canonical":"https:\/\/www.ibml.com\/fr\/","og_locale":"fr_FR","og_type":"article","og_title":"Solutions de saisie d'entreprise de bout en bout \u2013 ibml","og_description":"ibml est un fournisseur mondial de solutions de saisie d'informations de bout en bout. ibml fournit des scanners intelligents avec des logiciels et services de saisie de pointe. Pour en savoir plus, cliquez ici.","og_url":"https:\/\/www.ibml.com\/fr\/","og_site_name":"https:\/\/www.ibml.com\/","article_publisher":"https:\/\/www.facebook.com\/ibmlnews","article_modified_time":"2023-03-22T15:54:27+00:00","twitter_card":"summary_large_image","twitter_site":"@ibmlnews","schema":{"@context":"https:\/\/schema.org","@graph":[{"@type":"WebPage","@id":"https:\/\/www.ibml.com\/fr\/","url":"https:\/\/www.ibml.com\/fr\/","name":"Solutions de saisie d'entreprise de bout en bout \u2013 ibml","isPartOf":{"@id":"https:\/\/www.ibml.com\/fr\/#website"},"datePublished":"2021-09-10T20:29:20+00:00","dateModified":"2023-03-22T15:54:27+00:00","description":"ibml est un fournisseur mondial de solutions de saisie d'informations de bout en bout. ibml fournit des scanners intelligents avec des logiciels et services de saisie de pointe. Pour en savoir plus, cliquez ici.","breadcrumb":{"@id":"https:\/\/www.ibml.com\/fr\/#breadcrumb"},"inLanguage":"fr-FR","potentialAction":[{"@type":"ReadAction","target":["https:\/\/www.ibml.com\/fr\/"]}]},{"@type":"BreadcrumbList","@id":"https:\/\/www.ibml.com\/fr\/#breadcrumb","itemListElement":[{"@type":"ListItem","position":1,"name":"Home","item":"https:\/\/www.ibml.com\/fr\/"},{"@type":"ListItem","position":2,"name":"Accueil"}]},{"@type":"WebSite","@id":"https:\/\/www.ibml.com\/fr\/#website","url":"https:\/\/www.ibml.com\/fr\/","name":"https:\/\/www.ibml.com\/","description":"End-to-End Enterprise Capture Solutions","publisher":{"@id":"https:\/\/www.ibml.com\/fr\/#organization"},"potentialAction":[{"@type":"SearchAction","target":{"@type":"EntryPoint","urlTemplate":"https:\/\/www.ibml.com\/fr\/?s={search_term_string}"},"query-input":{"@type":"PropertyValueSpecification","valueRequired":true,"valueName":"search_term_string"}}],"inLanguage":"fr-FR"},{"@type":"Organization","@id":"https:\/\/www.ibml.com\/fr\/#organization","name":"IBML","url":"https:\/\/www.ibml.com\/fr\/","logo":{"@type":"ImageObject","inLanguage":"fr-FR","@id":"https:\/\/www.ibml.com\/fr\/#\/schema\/logo\/image\/","url":"https:\/\/www.ibml.com\/wp-content\/uploads\/2022\/08\/ibml-logo-dark-1.png","contentUrl":"https:\/\/www.ibml.com\/wp-content\/uploads\/2022\/08\/ibml-logo-dark-1.png","width":301,"height":149,"caption":"IBML"},"image":{"@id":"https:\/\/www.ibml.com\/fr\/#\/schema\/logo\/image\/"},"sameAs":["https:\/\/www.facebook.com\/ibmlnews","https:\/\/x.com\/ibmlnews","https:\/\/www.linkedin.com\/company\/ibml\/","https:\/\/www.youtube.com\/user\/ibmltube"]}]}},"_links":{"self":[{"href":"https:\/\/www.ibml.com\/fr\/wp-json\/wp\/v2\/pages\/3081","targetHints":{"allow":["GET"]}}],"collection":[{"href":"https:\/\/www.ibml.com\/fr\/wp-json\/wp\/v2\/pages"}],"about":[{"href":"https:\/\/www.ibml.com\/fr\/wp-json\/wp\/v2\/types\/page"}],"author":[{"embeddable":true,"href":"https:\/\/www.ibml.com\/fr\/wp-json\/wp\/v2\/users\/2"}],"replies":[{"embeddable":true,"href":"https:\/\/www.ibml.com\/fr\/wp-json\/wp\/v2\/comments?post=3081"}],"version-history":[{"count":0,"href":"https:\/\/www.ibml.com\/fr\/wp-json\/wp\/v2\/pages\/3081\/revisions"}],"acf:post":[{"embeddable":true,"href":"https:\/\/www.ibml.com\/fr\/wp-json\/wp\/v2\/products\/1518"},{"embeddable":true,"href":"https:\/\/www.ibml.com\/fr\/wp-json\/wp\/v2\/pages\/3059"},{"embeddable":true,"href":"https:\/\/www.ibml.com\/fr\/wp-json\/wp\/v2\/pages\/3055"},{"embeddable":true,"href":"https:\/\/www.ibml.com\/fr\/wp-json\/wp\/v2\/pages\/3054"},{"embeddable":true,"href":"https:\/\/www.ibml.com\/fr\/wp-json\/wp\/v2\/pages\/3057"},{"embeddable":true,"href":"https:\/\/www.ibml.com\/fr\/wp-json\/wp\/v2\/pages\/3056"},{"embeddable":true,"href":"https:\/\/www.ibml.com\/fr\/wp-json\/wp\/v2\/pages\/3073"},{"embeddable":true,"href":"https:\/\/www.ibml.com\/fr\/wp-json\/wp\/v2\/pages\/3051"}],"wp:attachment":[{"href":"https:\/\/www.ibml.com\/fr\/wp-json\/wp\/v2\/media?parent=3081"}],"curies":[{"name":"wp","href":"https:\/\/api.w.org\/{rel}","templated":true}]}}