{"id":3070,"date":"2021-09-10T20:29:16","date_gmt":"2021-09-10T20:29:16","guid":{"rendered":"https:\/\/ibmlstaging.wpengine.com\/courrier-renvoye\/"},"modified":"2021-11-30T15:50:34","modified_gmt":"2021-11-30T15:50:34","slug":"courrier-renvoye","status":"publish","type":"page","link":"https:\/\/www.ibml.com\/fr\/courrier-renvoye\/","title":{"rendered":"Courrier renvoy\u00e9"},"content":{"rendered":"<p>Tous les exp\u00e9diteurs de courrier connaissent ce probl\u00e8me\u00a0: le courrier ne parvient pas \u00e0 son destinataire parce que l&rsquo;adresse est incorrecte, incompl\u00e8te ou illisible. Les exp\u00e9diteurs et les BPO qui les desservent ont souvent des bacs pleins de courriers renvoy\u00e9s non ouverts (c&rsquo;est-\u00e0-dire du courrier non distribuable \u00e0 l&rsquo;adresse indiqu\u00e9e) qui encombrent leur salle de courrier.<\/p>\n<p>Le courrier renvoy\u00e9 non ouvert n&rsquo;est pas qu&rsquo;une pile de documents dans un coin. C&rsquo;est \u00e9galement un frein \u00e0 vos r\u00e9sultats financiers.<\/p>\n<p>Selon le service postal am\u00e9ricain (USPS), le courrier renvoy\u00e9 co\u00fbte aux entreprises la somme astronomique de 20 milliards de dollars par an. Beaucoup de ces co\u00fbts sont li\u00e9s au retour, \u00e0 l&rsquo;exp\u00e9dition et \u00e0 la destruction du courrier retourn\u00e9. De nombreux exp\u00e9diteurs doivent ouvrir, extraire et retraiter manuellement le courrier renvoy\u00e9 non ouvert. Mais le retour du courrier a \u00e9galement un impact n\u00e9gatif sur la productivit\u00e9, les flux de tr\u00e9sorerie, les ventes et le service client.<\/p>\n<p>ibml peut vous aider.<\/p>\n<p>Nous proposons des solutions de saisie de donn\u00e9es intelligente qui automatisent la capture d&rsquo;adresses de destinataires incorrectes, incompl\u00e8tes ou illisibles, ainsi que le t\u00e9l\u00e9chargement des informations vers le syst\u00e8me en aval appropri\u00e9.<\/p>\n<p>Voici comment cela fonctionne\u00a0: le courrier renvoy\u00e9 non ouvert est num\u00e9ris\u00e9 sur un scanner pour bureau ou autonome. Le logiciel ibml convertit automatiquement l&rsquo;adresse du destinataire ou l&rsquo;\u00e9tiquette de retour NIXIE en donn\u00e9es et\/ou interpr\u00e8te tout code-barres 1D, 2D ou IMb pr\u00e9sent sur l&rsquo;enveloppe. Le logiciel g\u00e9n\u00e8re ensuite un fichier d&rsquo;adresses pour le courrier renvoy\u00e9. Une recherche de base de donn\u00e9es facultative fournit l&rsquo;adresse de destinataire correcte.<\/p>\n<p><img loading=\"lazy\" decoding=\"async\" class=\"alignnone size-full wp-image-2035\" src=\"https:\/\/www.ibml.com\/wp-content\/uploads\/2019\/11\/return-mail-infographic.jpg\" alt=\"Courrier renvoy\u00e9\" width=\"1696\" height=\"872\" srcset=\"https:\/\/www.ibml.com\/wp-content\/uploads\/2019\/11\/return-mail-infographic.jpg 1696w, https:\/\/www.ibml.com\/wp-content\/uploads\/2019\/11\/return-mail-infographic-300x154.jpg 300w, https:\/\/www.ibml.com\/wp-content\/uploads\/2019\/11\/return-mail-infographic-768x395.jpg 768w, https:\/\/www.ibml.com\/wp-content\/uploads\/2019\/11\/return-mail-infographic-1024x526.jpg 1024w, https:\/\/www.ibml.com\/wp-content\/uploads\/2019\/11\/return-mail-infographic-1200x617.jpg 1200w, https:\/\/www.ibml.com\/wp-content\/uploads\/2019\/11\/return-mail-infographic-800x411.jpg 800w, https:\/\/www.ibml.com\/wp-content\/uploads\/2019\/11\/return-mail-infographic-920x473.jpg 920w, https:\/\/www.ibml.com\/wp-content\/uploads\/2019\/11\/return-mail-infographic-335x172.jpg 335w, https:\/\/www.ibml.com\/wp-content\/uploads\/2019\/11\/return-mail-infographic-669x344.jpg 669w, https:\/\/www.ibml.com\/wp-content\/uploads\/2019\/11\/return-mail-infographic-570x293.jpg 570w, https:\/\/www.ibml.com\/wp-content\/uploads\/2019\/11\/return-mail-infographic-820x422.jpg 820w, https:\/\/www.ibml.com\/wp-content\/uploads\/2019\/11\/return-mail-infographic-200x103.jpg 200w, https:\/\/www.ibml.com\/wp-content\/uploads\/2019\/11\/return-mail-infographic-100x51.jpg 100w\" sizes=\"auto, (max-width: 1696px) 100vw, 1696px\" \/><\/p>\n","protected":false},"excerpt":{"rendered":"<p>Tous les exp\u00e9diteurs de courrier connaissent ce probl\u00e8me\u00a0: le courrier ne parvient pas \u00e0 son destinataire parce que l&rsquo;adresse est incorrecte, incompl\u00e8te ou illisible. Les exp\u00e9diteurs et les BPO qui les desservent ont souvent des bacs pleins de courriers renvoy\u00e9s non ouverts (c&rsquo;est-\u00e0-dire du courrier non distribuable \u00e0 l&rsquo;adresse indiqu\u00e9e) qui encombrent leur salle de [&hellip;]<\/p>\n","protected":false},"author":2,"featured_media":2287,"parent":6685,"menu_order":0,"comment_status":"closed","ping_status":"closed","template":"template-outsourced-industries.php","meta":{"_acf_changed":false,"content-type":"","_crsspst_to_ibmldevwpenginecom":false,"_crsspst_to_wwwibmlcom":false,"footnotes":""},"class_list":["post-3070","page","type-page","status-publish","has-post-thumbnail","hentry"],"acf":{"flexible_content":[{"acf_fc_layout":"image_and_text_60_40","image":2285,"headline":"R\u00e9duisez les co\u00fbts","paragraph":"L'automatisation du traitement du courrier renvoy\u00e9 non ouvert \u00e0 l'aide d'une solution de saisie de donn\u00e9es ibml am\u00e9liore la possibilit\u00e9 globale de livrer le courrier, ce qui r\u00e9duit les frais de retour, de transfert et de destruction du courrier retourn\u00e9. L'automatisation du traitement du courrier renvoy\u00e9 permet \u00e9galement \u00e0 votre personnel de se concentrer sur les t\u00e2ches \u00e0 valeur ajout\u00e9e."},{"acf_fc_layout":"two_column_title_and_paragraph","headline_1":"Augmentez les flux de tr\u00e9sorerie","paragraph_1":"Une facture non livrable ralentit le flux de tr\u00e9sorerie ou, si la pi\u00e8ce n'atteint jamais son destinataire pr\u00e9vu, ne donne lieu \u00e0 aucun paiement. L'automatisation du traitement du courrier renvoy\u00e9 non ouvert avec ibml permet de garder vos liquidit\u00e9s en veillant \u00e0 ce que les clients re\u00e7oivent leurs factures en temps utile.","headline_2":"Am\u00e9liorez le service client","paragraph_2":"Peu de choses d\u00e9rangent un client autant que des frais de retard pour une facture retard\u00e9e par une adresse incorrecte ou incompl\u00e8te. L'automatisation du traitement du courrier renvoy\u00e9 non ouvert \u00e0 l'aide d'une solution de saisie de donn\u00e9es ibml peut \u00e9viter les appels irrit\u00e9s au service client\u00e8le, ainsi que les frais g\u00e9n\u00e9raux et la perte de bonne volont\u00e9 qui les accompagnent."},{"acf_fc_layout":"two_column_title_and_paragraph","headline_1":"Augmentez les ventes","paragraph_1":"Les exp\u00e9diteurs n'ont aucune chance de r\u00e9aliser une vente si leur courrier de sollicitation ne parvient pas au client vis\u00e9. La solution ibml pour le courrier renvoy\u00e9 non ouvert permet de s'assurer que les acheteurs qualifi\u00e9s verront vos envois.","headline_2":"","paragraph_2":""},{"acf_fc_layout":"highlight_content_box","headline":"ibml-as-a-service (iaaS)","subheadline":"Exploitez les derni\u00e8res technologies<br> Sans les co\u00fbts initiaux","description":"B\u00e9n\u00e9ficiez d'un avantage technologique imbattable tout en lib\u00e9rant vos liquidit\u00e9s. Avec le nouvel ibml-as-a-service, vous pouvez utiliser la technologie de saisie de pointe d'ibml en payant \u00e0 l'utilisation par r\u00e8glements trimestriels fixes. Avec plus de flexibilit\u00e9 et de libert\u00e9, vous serez en mesure d'\u00e9viter des co\u00fbts d'investissement \u00e9lev\u00e9s, de conserver des liquidit\u00e9s pour d'autres initiatives de croissance de base, et de personnaliser, d'adapter et de regrouper votre abonnement technologique pour r\u00e9pondre aux besoins individuels. De plus, votre investissement est d\u00e9ductible \u00e0 100\u00a0% des imp\u00f4ts et peut b\u00e9n\u00e9ficier de mises \u00e0 niveau ou de nouvelles fonctionnalit\u00e9s \u00e0 tout moment.","remove_margin_top":false},{"acf_fc_layout":"wysiwyg_paragraph_full","wysiwyg_paragraph_full":"<h3 class=\"h2\" style=\"text-align: center;\">Comment fonctionne le processus d'abonnement iaaS\u00a0:<\/h3>"},{"acf_fc_layout":"responsive_image","desktop_image":2899,"mobile_image":2897}],"address":"","phone":"","select_pre_footer_ad":[3014],"background_image":"","headline":"","cta_label":"","cta_url":"","new_window":false,"relevant_link":null,"sub-headline":"R\u00e9duisez les co\u00fbts, optimisez les flux de tr\u00e9sorerie et am\u00e9liorez le service client\u00e8le","sub_sub_headline":""},"yoast_head":"<!-- This site is optimized with the Yoast SEO plugin v26.9 - https:\/\/yoast.com\/product\/yoast-seo-wordpress\/ -->\n<title>Solutions de saisie de donn\u00e9es intelligente pour le courrier renvoy\u00e9 | ibml<\/title>\n<meta name=\"description\" content=\"BPO\u00a0: ne laissez pas le courrier renvoy\u00e9 engorger votre salle de courrier. ibml peut vous aider. D\u00e9couvrez nos solutions de saisie de donn\u00e9es intelligente qui peuvent automatiser vos processus ici.\" \/>\n<meta name=\"robots\" content=\"index, follow, max-snippet:-1, max-image-preview:large, max-video-preview:-1\" \/>\n<link rel=\"canonical\" href=\"https:\/\/www.ibml.com\/fr\/courrier-renvoye\/\" \/>\n<meta property=\"og:locale\" content=\"fr_FR\" \/>\n<meta property=\"og:type\" content=\"article\" \/>\n<meta property=\"og:title\" content=\"Solutions de saisie de donn\u00e9es intelligente pour le courrier renvoy\u00e9 | ibml\" \/>\n<meta property=\"og:description\" content=\"BPO\u00a0: ne laissez pas le courrier renvoy\u00e9 engorger votre salle de courrier. ibml peut vous aider. D\u00e9couvrez nos solutions de saisie de donn\u00e9es intelligente qui peuvent automatiser vos processus ici.\" \/>\n<meta property=\"og:url\" content=\"https:\/\/www.ibml.com\/fr\/courrier-renvoye\/\" \/>\n<meta property=\"og:site_name\" content=\"https:\/\/www.ibml.com\/\" \/>\n<meta property=\"article:publisher\" content=\"https:\/\/www.facebook.com\/ibmlnews\" \/>\n<meta property=\"article:modified_time\" content=\"2021-11-30T15:50:34+00:00\" \/>\n<meta property=\"og:image\" content=\"https:\/\/www.ibml.com\/wp-content\/uploads\/2020\/01\/returned-mail-banner.jpg\" \/>\n\t<meta property=\"og:image:width\" content=\"3800\" \/>\n\t<meta property=\"og:image:height\" content=\"800\" \/>\n\t<meta property=\"og:image:type\" content=\"image\/jpeg\" \/>\n<meta name=\"twitter:card\" content=\"summary_large_image\" \/>\n<meta name=\"twitter:site\" content=\"@ibmlnews\" \/>\n<meta name=\"twitter:label1\" content=\"Dur\u00e9e de lecture estim\u00e9e\" \/>\n\t<meta name=\"twitter:data1\" content=\"1 minute\" \/>\n<!-- \/ Yoast SEO plugin. -->","yoast_head_json":{"title":"Solutions de saisie de donn\u00e9es intelligente pour le courrier renvoy\u00e9 | ibml","description":"BPO\u00a0: ne laissez pas le courrier renvoy\u00e9 engorger votre salle de courrier. ibml peut vous aider. D\u00e9couvrez nos solutions de saisie de donn\u00e9es intelligente qui peuvent automatiser vos processus ici.","robots":{"index":"index","follow":"follow","max-snippet":"max-snippet:-1","max-image-preview":"max-image-preview:large","max-video-preview":"max-video-preview:-1"},"canonical":"https:\/\/www.ibml.com\/fr\/courrier-renvoye\/","og_locale":"fr_FR","og_type":"article","og_title":"Solutions de saisie de donn\u00e9es intelligente pour le courrier renvoy\u00e9 | ibml","og_description":"BPO\u00a0: ne laissez pas le courrier renvoy\u00e9 engorger votre salle de courrier. ibml peut vous aider. D\u00e9couvrez nos solutions de saisie de donn\u00e9es intelligente qui peuvent automatiser vos processus ici.","og_url":"https:\/\/www.ibml.com\/fr\/courrier-renvoye\/","og_site_name":"https:\/\/www.ibml.com\/","article_publisher":"https:\/\/www.facebook.com\/ibmlnews","article_modified_time":"2021-11-30T15:50:34+00:00","og_image":[{"width":3800,"height":800,"url":"https:\/\/www.ibml.com\/wp-content\/uploads\/2020\/01\/returned-mail-banner.jpg","type":"image\/jpeg"}],"twitter_card":"summary_large_image","twitter_site":"@ibmlnews","twitter_misc":{"Dur\u00e9e de lecture estim\u00e9e":"1 minute"},"schema":{"@context":"https:\/\/schema.org","@graph":[{"@type":"WebPage","@id":"https:\/\/www.ibml.com\/fr\/courrier-renvoye\/","url":"https:\/\/www.ibml.com\/fr\/courrier-renvoye\/","name":"Solutions de saisie de donn\u00e9es intelligente pour le courrier renvoy\u00e9 | ibml","isPartOf":{"@id":"https:\/\/www.ibml.com\/fr\/#website"},"primaryImageOfPage":{"@id":"https:\/\/www.ibml.com\/fr\/courrier-renvoye\/#primaryimage"},"image":{"@id":"https:\/\/www.ibml.com\/fr\/courrier-renvoye\/#primaryimage"},"thumbnailUrl":"https:\/\/www.ibml.com\/wp-content\/uploads\/2020\/01\/returned-mail-banner.jpg","datePublished":"2021-09-10T20:29:16+00:00","dateModified":"2021-11-30T15:50:34+00:00","description":"BPO\u00a0: ne laissez pas le courrier renvoy\u00e9 engorger votre salle de courrier. ibml peut vous aider. D\u00e9couvrez nos solutions de saisie de donn\u00e9es intelligente qui peuvent automatiser vos processus ici.","breadcrumb":{"@id":"https:\/\/www.ibml.com\/fr\/courrier-renvoye\/#breadcrumb"},"inLanguage":"fr-FR","potentialAction":[{"@type":"ReadAction","target":["https:\/\/www.ibml.com\/fr\/courrier-renvoye\/"]}]},{"@type":"ImageObject","inLanguage":"fr-FR","@id":"https:\/\/www.ibml.com\/fr\/courrier-renvoye\/#primaryimage","url":"https:\/\/www.ibml.com\/wp-content\/uploads\/2020\/01\/returned-mail-banner.jpg","contentUrl":"https:\/\/www.ibml.com\/wp-content\/uploads\/2020\/01\/returned-mail-banner.jpg","width":3800,"height":800,"caption":"Courrier renvoy\u00e9"},{"@type":"BreadcrumbList","@id":"https:\/\/www.ibml.com\/fr\/courrier-renvoye\/#breadcrumb","itemListElement":[{"@type":"ListItem","position":1,"name":"Home","item":"https:\/\/www.ibml.com\/fr\/"},{"@type":"ListItem","position":2,"name":"Secteurs et solutions","item":"https:\/\/www.ibml.com\/fr\/secteurs-et-solutions\/?lang=fr"},{"@type":"ListItem","position":3,"name":"Solutions","item":"https:\/\/www.ibml.com\/fr\/secteurs-et-solutions\/solutions\/?lang=fr"},{"@type":"ListItem","position":4,"name":"Courrier renvoy\u00e9"}]},{"@type":"WebSite","@id":"https:\/\/www.ibml.com\/fr\/#website","url":"https:\/\/www.ibml.com\/fr\/","name":"https:\/\/www.ibml.com\/","description":"End-to-End Enterprise Capture Solutions","publisher":{"@id":"https:\/\/www.ibml.com\/fr\/#organization"},"potentialAction":[{"@type":"SearchAction","target":{"@type":"EntryPoint","urlTemplate":"https:\/\/www.ibml.com\/fr\/?s={search_term_string}"},"query-input":{"@type":"PropertyValueSpecification","valueRequired":true,"valueName":"search_term_string"}}],"inLanguage":"fr-FR"},{"@type":"Organization","@id":"https:\/\/www.ibml.com\/fr\/#organization","name":"IBML","url":"https:\/\/www.ibml.com\/fr\/","logo":{"@type":"ImageObject","inLanguage":"fr-FR","@id":"https:\/\/www.ibml.com\/fr\/#\/schema\/logo\/image\/","url":"https:\/\/www.ibml.com\/wp-content\/uploads\/2022\/08\/ibml-logo-dark-1.png","contentUrl":"https:\/\/www.ibml.com\/wp-content\/uploads\/2022\/08\/ibml-logo-dark-1.png","width":301,"height":149,"caption":"IBML"},"image":{"@id":"https:\/\/www.ibml.com\/fr\/#\/schema\/logo\/image\/"},"sameAs":["https:\/\/www.facebook.com\/ibmlnews","https:\/\/x.com\/ibmlnews","https:\/\/www.linkedin.com\/company\/ibml\/","https:\/\/www.youtube.com\/user\/ibmltube"]}]}},"_links":{"self":[{"href":"https:\/\/www.ibml.com\/fr\/wp-json\/wp\/v2\/pages\/3070","targetHints":{"allow":["GET"]}}],"collection":[{"href":"https:\/\/www.ibml.com\/fr\/wp-json\/wp\/v2\/pages"}],"about":[{"href":"https:\/\/www.ibml.com\/fr\/wp-json\/wp\/v2\/types\/page"}],"author":[{"embeddable":true,"href":"https:\/\/www.ibml.com\/fr\/wp-json\/wp\/v2\/users\/2"}],"replies":[{"embeddable":true,"href":"https:\/\/www.ibml.com\/fr\/wp-json\/wp\/v2\/comments?post=3070"}],"version-history":[{"count":0,"href":"https:\/\/www.ibml.com\/fr\/wp-json\/wp\/v2\/pages\/3070\/revisions"}],"up":[{"embeddable":true,"href":"https:\/\/www.ibml.com\/fr\/wp-json\/wp\/v2\/pages\/6685"}],"acf:post":[{"embeddable":true,"href":"https:\/\/www.ibml.com\/fr\/wp-json\/wp\/v2\/pre_footer_ad\/3014"}],"wp:featuredmedia":[{"embeddable":true,"href":"https:\/\/www.ibml.com\/fr\/wp-json\/wp\/v2\/media\/2287"}],"wp:attachment":[{"href":"https:\/\/www.ibml.com\/fr\/wp-json\/wp\/v2\/media?parent=3070"}],"curies":[{"name":"wp","href":"https:\/\/api.w.org\/{rel}","templated":true}]}}