{"id":3056,"date":"2021-09-10T20:29:05","date_gmt":"2021-09-10T20:29:05","guid":{"rendered":"https:\/\/www.ibml.com\/secteurs-et-solutions\/secteurs\/gouvernement-federal\/"},"modified":"2021-11-30T15:05:29","modified_gmt":"2021-11-30T15:05:29","slug":"gouvernement-federal","status":"publish","type":"page","link":"https:\/\/www.ibml.com\/fr\/secteurs\/gouvernement-federal\/","title":{"rendered":"Gouvernement f\u00e9d\u00e9ral"},"content":{"rendered":"<p>Les organismes du gouvernement f\u00e9d\u00e9ral ont un d\u00e9fi unique \u00e0 relever\u00a0: ils ont \u00e9t\u00e9 laiss\u00e9s pour compte dans l&rsquo;\u00e8re num\u00e9rique et ont du mal \u00e0 rattraper leur retard. Entre-temps, la charge de travail augmente chaque ann\u00e9e, tout comme les compressions budg\u00e9taires.<\/p>\n<p>Vous servez un public multig\u00e9n\u00e9rationnel qui attend la m\u00eame vitesse et le m\u00eame service que dans le secteur priv\u00e9, mais vous avez beaucoup moins de ressources pour r\u00e9pondre \u00e0 ces attentes. Les organismes ont besoin de subir une transformation num\u00e9rique, mais par o\u00f9 commencer\u00a0?<\/p>\n<p>Pour compliquer davantage la num\u00e9risation, vous \u00eates \u00e9galement charg\u00e9s de r\u00e9pondre \u00e0 des normes plus \u00e9lev\u00e9es en mati\u00e8re de s\u00e9curit\u00e9 et de conformit\u00e9 des donn\u00e9es. Cela limite vos options num\u00e9riques et n\u00e9cessite souvent des pistes num\u00e9riques et papier rigoureuses, ce qui ralentit vos flux de travail et frustre votre base.<\/p>\n<p>Outre la lenteur des flux, les organismes f\u00e9d\u00e9raux sont \u00e9galement aux prises avec un roulement \u00e9lev\u00e9 du personnel, m\u00eame au-del\u00e0 du courrier de la salle de courrier. Une technologie d\u00e9su\u00e8te, des ressources limit\u00e9es et un travail de faible valeur \u00e9rodent la motivation des employ\u00e9s. De plus, la pression pour r\u00e9pondre aux demandes croissantes avec la diminution des budgets surcharge les travailleurs f\u00e9d\u00e9raux, qui finissent souvent par partir pour le secteur priv\u00e9.<\/p>\n<p>Ces d\u00e9fis vous emp\u00eachent de remplir votre mission de service. Cela semble insurmontable. Comment pouvez-vous surmonter tous ces obstacles\u00a0?<\/p>\n<hr \/>\n<p><img loading=\"lazy\" decoding=\"async\" class=\"wp-image-2777 alignleft\" src=\"https:\/\/www.ibml.com\/wp-content\/uploads\/2020\/07\/FADGI-100.png\" alt=\"\" width=\"90\" height=\"90\" srcset=\"https:\/\/www.ibml.com\/wp-content\/uploads\/2020\/07\/FADGI-100.png 371w, https:\/\/www.ibml.com\/wp-content\/uploads\/2020\/07\/FADGI-100-300x300.png 300w, https:\/\/www.ibml.com\/wp-content\/uploads\/2020\/07\/FADGI-100-150x150.png 150w, https:\/\/www.ibml.com\/wp-content\/uploads\/2020\/07\/FADGI-100-100x100.png 100w, https:\/\/www.ibml.com\/wp-content\/uploads\/2020\/07\/FADGI-100-265x265.png 265w, https:\/\/www.ibml.com\/wp-content\/uploads\/2020\/07\/FADGI-100-172x172.png 172w, https:\/\/www.ibml.com\/wp-content\/uploads\/2020\/07\/FADGI-100-344x344.png 344w, https:\/\/www.ibml.com\/wp-content\/uploads\/2020\/07\/FADGI-100-322x322.png 322w, https:\/\/www.ibml.com\/wp-content\/uploads\/2020\/07\/FADGI-100-200x200.png 200w\" sizes=\"auto, (max-width: 90px) 100vw, 90px\" \/><a href=\"https:\/\/www.ibml.com\/thought-leadership\/is-beauty-truly-in-the-eye-of-the-beholder-not-when-it-comes-to-image-quality\/\"><strong>Le premier scanner ultra-rapide certifi\u00e9 FADGI 3 \u00e9toiles\u00a0!<\/strong> <\/a>La Federal Agencies Digital Guidelines Initiative (FADGI) \u00e9tablit des lignes directrices pour garantir des images de grande qualit\u00e9 dans l&rsquo;ensemble des organismes f\u00e9d\u00e9raux.<\/p>\n","protected":false},"excerpt":{"rendered":"<p>Les organismes du gouvernement f\u00e9d\u00e9ral ont un d\u00e9fi unique \u00e0 relever\u00a0: ils ont \u00e9t\u00e9 laiss\u00e9s pour compte dans l&rsquo;\u00e8re num\u00e9rique et ont du mal \u00e0 rattraper leur retard. Entre-temps, la charge de travail augmente chaque ann\u00e9e, tout comme les compressions budg\u00e9taires. Vous servez un public multig\u00e9n\u00e9rationnel qui attend la m\u00eame vitesse et le m\u00eame service [&hellip;]<\/p>\n","protected":false},"author":2,"featured_media":2303,"parent":3046,"menu_order":3,"comment_status":"closed","ping_status":"closed","template":"template-outsourced-industries.php","meta":{"_acf_changed":false,"content-type":"","_crsspst_to_ibmldevwpenginecom":false,"_crsspst_to_wwwibmlcom":false,"footnotes":""},"class_list":["post-3056","page","type-page","status-publish","has-post-thumbnail","hentry"],"acf":{"flexible_content":[{"acf_fc_layout":"h3_h4_headline","h3_h4_h3_headline":"","h3_h4_h4_headline":"Num\u00e9risation intelligente","center_text":false},{"acf_fc_layout":"wysiwyg_paragraph_full","wysiwyg_paragraph_full":"Traitez les documents gouvernementaux vitaux avec l'urgence et la sensibilit\u00e9 dont ils ont besoin en utilisant des solutions de saisie bas\u00e9es sur le renseignement. Gagnez en efficacit\u00e9, rationalisez les informations et num\u00e9risez des ann\u00e9es de documents papier avec les solutions ibml."},{"acf_fc_layout":"h3_headline","h3_headline":"D\u00e9fis"},{"acf_fc_layout":"challenges_columns","challenges_col_layout":"2","challenges_vert_hori":"hori","challenges":[{"challenges_icon":2117,"challenges_title":"Des d\u00e9lais de traitement longs","challenges_description":"La quantit\u00e9 de documents et de processus manuels cr\u00e9e un goulet d'\u00e9tranglement, ce qui ralentit le service aux \u00e9lecteurs."},{"challenges_icon":2481,"challenges_title":"Des tonnes de papier","challenges_description":"Vous comptez sur des documents papier pour la conformit\u00e9 et la communication avec les \u00e9lecteurs, mais le traitement vous ralentit."},{"challenges_icon":2483,"challenges_title":"Gestion des dossiers","challenges_description":"Des ann\u00e9es de documents papier doivent \u00eatre num\u00e9ris\u00e9es et organis\u00e9es\u00a0: un processus fastidieux et chronophage."},{"challenges_icon":2135,"challenges_title":"Normes de conformit\u00e9 strictes","challenges_description":"Les pistes papier, la rationalisation de l'audit, le respect de r\u00e9glementations strictes et la s\u00e9curit\u00e9 de l'information sont des priorit\u00e9s absolues."},{"challenges_icon":2141,"challenges_title":"Services num\u00e9riques obsol\u00e8tes","challenges_description":"Se tenir au fait des derni\u00e8res technologies peut peser sur le budget, mais maintenir le statu quo est encore plus co\u00fbteux."}]},{"acf_fc_layout":"h3_headline","h3_headline":"La solution ibml"},{"acf_fc_layout":"wysiwyg_paragraph_full","wysiwyg_paragraph_full":"Modernisez le traitement de vos documents avec l'intelligence, l'efficacit\u00e9 et la rapidit\u00e9 d'ibml. Raccourcissez en toute s\u00e9curit\u00e9 les d\u00e9lais de transfert des documents sensibles vers les syst\u00e8mes en aval pour acc\u00e9l\u00e9rer vos op\u00e9rations de courrier et fournir des informations pr\u00e9cises l\u00e0 o\u00f9 il le faut."},{"acf_fc_layout":"image_and_text_60_40","image":2359,"headline":"R\u00e9duisez vos co\u00fbts op\u00e9rationnels","paragraph":"Les pressions exerc\u00e9es sur les effectifs et les coupes budg\u00e9taires vous obligent \u00e0 \u00eatre le plus efficace possible. Surmontez la pression en g\u00e9rant tous vos documents avec rapidit\u00e9 et efficacit\u00e9 \u00e0 l'aide de la saisie de documents automatis\u00e9e et mixte."},{"acf_fc_layout":"two_column_title_and_paragraph","headline_1":"R\u00e9duisez le temps de traitement","paragraph_1":"Acc\u00e9l\u00e9rez le traitement et maximisez la pr\u00e9cision. L'\u00e9limination de la saisie manuelle permettra de r\u00e9duire consid\u00e9rablement les erreurs tout en rationalisant le service.","headline_2":"Ma\u00eetrisez la conformit\u00e9 et les r\u00e9glementations","paragraph_2":"Respectez les r\u00e9glementations sur la confidentialit\u00e9 des donn\u00e9es et les r\u00e8gles de conformit\u00e9 gouvernementales en constante \u00e9volution, en utilisant une saisie de donn\u00e9es coh\u00e9rente, v\u00e9rifiable et s\u00e9curis\u00e9e."},{"acf_fc_layout":"image_and_text_60_40","image":2333,"headline":"Am\u00e9liorez le service aux \u00e9lecteurs","paragraph":"Lib\u00e9rez du temps aux employ\u00e9s pour qu'ils puissent mieux servir le public."},{"acf_fc_layout":"highlight_content_box","headline":"ibml-as-a-service (iaaS)","subheadline":"Exploitez les derni\u00e8res technologies<br> Sans les co\u00fbts initiaux","description":"B\u00e9n\u00e9ficiez d'un avantage technologique imbattable tout en lib\u00e9rant vos liquidit\u00e9s. Avec le nouvel ibml-as-a-service, vous pouvez utiliser la technologie de saisie de pointe d'ibml en payant \u00e0 l'utilisation par r\u00e8glements trimestriels fixes. Avec plus de flexibilit\u00e9 et de libert\u00e9, vous serez en mesure d'\u00e9viter des co\u00fbts d'investissement \u00e9lev\u00e9s, de conserver des liquidit\u00e9s pour d'autres initiatives de croissance de base, et de personnaliser, d'adapter et de regrouper votre abonnement technologique pour r\u00e9pondre aux besoins individuels. De plus, votre investissement est d\u00e9ductible \u00e0 100\u00a0% des imp\u00f4ts et peut b\u00e9n\u00e9ficier de mises \u00e0 niveau ou de nouvelles fonctionnalit\u00e9s \u00e0 tout moment.","remove_margin_top":false},{"acf_fc_layout":"wysiwyg_paragraph_full","wysiwyg_paragraph_full":"<h3 class=\"h2\" style=\"text-align: center;\">Comment fonctionne le processus d'abonnement iaaS\u00a0:<\/h3>"},{"acf_fc_layout":"responsive_image","desktop_image":2899,"mobile_image":2897},{"acf_fc_layout":"applications_listing","applications_listing_bg":2165,"style":"new","applications_listing_headline":"Utilisations","applications_listing_paragraph_text":"Les solutions de saisie d'information ibml ont fait leurs preuves dans un large \u00e9ventail d'applications du gouvernement f\u00e9d\u00e9ral.","applications_list_name":[{"applications_list_name":"S\u00e9curit\u00e9 sociale\/carte nationale d'identit\u00e9"},{"applications_list_name":"Recensement et statistiques"},{"applications_list_name":"\u00c9lections et scrutins"},{"applications_list_name":"Gestion des archives et des dossiers"},{"applications_list_name":"Traitement fiscal"},{"applications_list_name":"Registres publics"},{"applications_list_name":"Logement et services sociaux"},{"applications_list_name":"Dossiers et avantages des anciens combattants"},{"applications_list_name":"Services de sant\u00e9"},{"applications_list_name":"S\u00e9curit\u00e9 nationale et forces de l'ordre"},{"applications_list_name":"Tribunaux et justice"},{"applications_list_name":"Bureau des brevets"},{"applications_list_name":"Notation des tests et \u00e9valuation des examens"},{"applications_list_name":"Passeports et immigration"}],"applications_listing_paragraph_text_2":"De plus, nous vous aidons \u00e0 extraire des informations d'une multitude de documents, papier ou \u00e9lectroniques\u00a0:","applications_list_name_2":[{"applications_list_name_2":"Formulaires prescrits par le gouvernement"},{"applications_list_name_2":"Photos"},{"applications_list_name_2":"Ch\u00e8ques"},{"applications_list_name_2":"Correspondance"},{"applications_list_name_2":"Enregistrements"},{"applications_list_name_2":"Documents historiques"},{"applications_list_name_2":"Bons de r\u00e9duction"},{"applications_list_name_2":"Bon d'alimentation"},{"applications_list_name_2":"Cartes de s\u00e9curit\u00e9 sociale"},{"applications_list_name_2":"Documents fiscaux"}]}],"preview_text":"Permettez un acc\u00e8s s\u00e9curis\u00e9 aux contenus critiques","address":"","phone":"","select_pre_footer_ad":[2998],"background_image":"","headline":"","cta_label":"","cta_url":"","new_window":false,"industry_title":"Gouvernement f\u00e9d\u00e9ral","industry_description":"Consolidez les efforts et r\u00e9duisez les co\u00fbts. D\u00e9couvrez comment ibml aide les gouvernements du monde entier \u00e0 fonctionner de fa\u00e7on plus efficace.","relevant_link":null,"sub-headline":"Stimulez la transformation num\u00e9rique avec une saisie de documents simplifi\u00e9e","sub_sub_headline":""},"yoast_head":"<!-- This site is optimized with the Yoast SEO plugin v26.9 - https:\/\/yoast.com\/product\/yoast-seo-wordpress\/ -->\n<title>Solutions de gestion des documents pour les organismes de gouvernement f\u00e9d\u00e9ral<\/title>\n<meta name=\"description\" content=\"Les solutions de saisie de documents d&#039;ibml pour les organismes f\u00e9d\u00e9raux offrent une num\u00e9risation et une saisie de donn\u00e9es rapides pour les applications gouvernementales les plus exigeantes.\" \/>\n<meta name=\"robots\" content=\"index, follow, max-snippet:-1, max-image-preview:large, max-video-preview:-1\" \/>\n<link rel=\"canonical\" href=\"https:\/\/www.ibml.com\/fr\/secteurs\/gouvernement-federal\/\" \/>\n<meta property=\"og:locale\" content=\"fr_FR\" \/>\n<meta property=\"og:type\" content=\"article\" \/>\n<meta property=\"og:title\" content=\"Solutions de gestion des documents pour les organismes de gouvernement f\u00e9d\u00e9ral\" \/>\n<meta property=\"og:description\" content=\"Les solutions de saisie de documents d&#039;ibml pour les organismes f\u00e9d\u00e9raux offrent une num\u00e9risation et une saisie de donn\u00e9es rapides pour les applications gouvernementales les plus exigeantes.\" \/>\n<meta property=\"og:url\" content=\"https:\/\/www.ibml.com\/fr\/secteurs\/gouvernement-federal\/\" \/>\n<meta property=\"og:site_name\" content=\"https:\/\/www.ibml.com\/\" \/>\n<meta property=\"article:publisher\" content=\"https:\/\/www.facebook.com\/ibmlnews\" \/>\n<meta property=\"article:modified_time\" content=\"2021-11-30T15:05:29+00:00\" \/>\n<meta property=\"og:image\" content=\"https:\/\/www.ibml.com\/wp-content\/uploads\/2020\/01\/state-local-government-banner.jpg\" \/>\n\t<meta property=\"og:image:width\" content=\"3800\" \/>\n\t<meta property=\"og:image:height\" content=\"800\" \/>\n\t<meta property=\"og:image:type\" content=\"image\/jpeg\" \/>\n<meta name=\"twitter:card\" content=\"summary_large_image\" \/>\n<meta name=\"twitter:site\" content=\"@ibmlnews\" \/>\n<meta name=\"twitter:label1\" content=\"Dur\u00e9e de lecture estim\u00e9e\" \/>\n\t<meta name=\"twitter:data1\" content=\"1 minute\" \/>\n<!-- \/ Yoast SEO plugin. -->","yoast_head_json":{"title":"Solutions de gestion des documents pour les organismes de gouvernement f\u00e9d\u00e9ral","description":"Les solutions de saisie de documents d'ibml pour les organismes f\u00e9d\u00e9raux offrent une num\u00e9risation et une saisie de donn\u00e9es rapides pour les applications gouvernementales les plus exigeantes.","robots":{"index":"index","follow":"follow","max-snippet":"max-snippet:-1","max-image-preview":"max-image-preview:large","max-video-preview":"max-video-preview:-1"},"canonical":"https:\/\/www.ibml.com\/fr\/secteurs\/gouvernement-federal\/","og_locale":"fr_FR","og_type":"article","og_title":"Solutions de gestion des documents pour les organismes de gouvernement f\u00e9d\u00e9ral","og_description":"Les solutions de saisie de documents d'ibml pour les organismes f\u00e9d\u00e9raux offrent une num\u00e9risation et une saisie de donn\u00e9es rapides pour les applications gouvernementales les plus exigeantes.","og_url":"https:\/\/www.ibml.com\/fr\/secteurs\/gouvernement-federal\/","og_site_name":"https:\/\/www.ibml.com\/","article_publisher":"https:\/\/www.facebook.com\/ibmlnews","article_modified_time":"2021-11-30T15:05:29+00:00","og_image":[{"width":3800,"height":800,"url":"https:\/\/www.ibml.com\/wp-content\/uploads\/2020\/01\/state-local-government-banner.jpg","type":"image\/jpeg"}],"twitter_card":"summary_large_image","twitter_site":"@ibmlnews","twitter_misc":{"Dur\u00e9e de lecture estim\u00e9e":"1 minute"},"schema":{"@context":"https:\/\/schema.org","@graph":[{"@type":"WebPage","@id":"https:\/\/www.ibml.com\/fr\/secteurs\/gouvernement-federal\/","url":"https:\/\/www.ibml.com\/fr\/secteurs\/gouvernement-federal\/","name":"Solutions de gestion des documents pour les organismes de gouvernement f\u00e9d\u00e9ral","isPartOf":{"@id":"https:\/\/www.ibml.com\/fr\/#website"},"primaryImageOfPage":{"@id":"https:\/\/www.ibml.com\/fr\/secteurs\/gouvernement-federal\/#primaryimage"},"image":{"@id":"https:\/\/www.ibml.com\/fr\/secteurs\/gouvernement-federal\/#primaryimage"},"thumbnailUrl":"https:\/\/www.ibml.com\/wp-content\/uploads\/2020\/01\/state-local-government-banner.jpg","datePublished":"2021-09-10T20:29:05+00:00","dateModified":"2021-11-30T15:05:29+00:00","description":"Les solutions de saisie de documents d'ibml pour les organismes f\u00e9d\u00e9raux offrent une num\u00e9risation et une saisie de donn\u00e9es rapides pour les applications gouvernementales les plus exigeantes.","breadcrumb":{"@id":"https:\/\/www.ibml.com\/fr\/secteurs\/gouvernement-federal\/#breadcrumb"},"inLanguage":"fr-FR","potentialAction":[{"@type":"ReadAction","target":["https:\/\/www.ibml.com\/fr\/secteurs\/gouvernement-federal\/"]}]},{"@type":"ImageObject","inLanguage":"fr-FR","@id":"https:\/\/www.ibml.com\/fr\/secteurs\/gouvernement-federal\/#primaryimage","url":"https:\/\/www.ibml.com\/wp-content\/uploads\/2020\/01\/state-local-government-banner.jpg","contentUrl":"https:\/\/www.ibml.com\/wp-content\/uploads\/2020\/01\/state-local-government-banner.jpg","width":3800,"height":800,"caption":"Administration publique"},{"@type":"BreadcrumbList","@id":"https:\/\/www.ibml.com\/fr\/secteurs\/gouvernement-federal\/#breadcrumb","itemListElement":[{"@type":"ListItem","position":1,"name":"Home","item":"https:\/\/www.ibml.com\/fr\/"},{"@type":"ListItem","position":2,"name":"Secteurs et solutions","item":"https:\/\/www.ibml.com\/fr\/secteurs-et-solutions\/?lang=fr"},{"@type":"ListItem","position":3,"name":"Secteurs","item":"https:\/\/www.ibml.com\/fr\/secteurs-et-solutions\/secteurs\/?lang=fr"},{"@type":"ListItem","position":4,"name":"Gouvernement f\u00e9d\u00e9ral"}]},{"@type":"WebSite","@id":"https:\/\/www.ibml.com\/fr\/#website","url":"https:\/\/www.ibml.com\/fr\/","name":"https:\/\/www.ibml.com\/","description":"End-to-End Enterprise Capture Solutions","publisher":{"@id":"https:\/\/www.ibml.com\/fr\/#organization"},"potentialAction":[{"@type":"SearchAction","target":{"@type":"EntryPoint","urlTemplate":"https:\/\/www.ibml.com\/fr\/?s={search_term_string}"},"query-input":{"@type":"PropertyValueSpecification","valueRequired":true,"valueName":"search_term_string"}}],"inLanguage":"fr-FR"},{"@type":"Organization","@id":"https:\/\/www.ibml.com\/fr\/#organization","name":"IBML","url":"https:\/\/www.ibml.com\/fr\/","logo":{"@type":"ImageObject","inLanguage":"fr-FR","@id":"https:\/\/www.ibml.com\/fr\/#\/schema\/logo\/image\/","url":"https:\/\/www.ibml.com\/wp-content\/uploads\/2022\/08\/ibml-logo-dark-1.png","contentUrl":"https:\/\/www.ibml.com\/wp-content\/uploads\/2022\/08\/ibml-logo-dark-1.png","width":301,"height":149,"caption":"IBML"},"image":{"@id":"https:\/\/www.ibml.com\/fr\/#\/schema\/logo\/image\/"},"sameAs":["https:\/\/www.facebook.com\/ibmlnews","https:\/\/x.com\/ibmlnews","https:\/\/www.linkedin.com\/company\/ibml\/","https:\/\/www.youtube.com\/user\/ibmltube"]}]}},"_links":{"self":[{"href":"https:\/\/www.ibml.com\/fr\/wp-json\/wp\/v2\/pages\/3056","targetHints":{"allow":["GET"]}}],"collection":[{"href":"https:\/\/www.ibml.com\/fr\/wp-json\/wp\/v2\/pages"}],"about":[{"href":"https:\/\/www.ibml.com\/fr\/wp-json\/wp\/v2\/types\/page"}],"author":[{"embeddable":true,"href":"https:\/\/www.ibml.com\/fr\/wp-json\/wp\/v2\/users\/2"}],"replies":[{"embeddable":true,"href":"https:\/\/www.ibml.com\/fr\/wp-json\/wp\/v2\/comments?post=3056"}],"version-history":[{"count":0,"href":"https:\/\/www.ibml.com\/fr\/wp-json\/wp\/v2\/pages\/3056\/revisions"}],"up":[{"embeddable":true,"href":"https:\/\/www.ibml.com\/fr\/wp-json\/wp\/v2\/pages\/3046"}],"acf:post":[{"embeddable":true,"href":"https:\/\/www.ibml.com\/fr\/wp-json\/wp\/v2\/pre_footer_ad\/2998"}],"wp:featuredmedia":[{"embeddable":true,"href":"https:\/\/www.ibml.com\/fr\/wp-json\/wp\/v2\/media\/2303"}],"wp:attachment":[{"href":"https:\/\/www.ibml.com\/fr\/wp-json\/wp\/v2\/media?parent=3056"}],"curies":[{"name":"wp","href":"https:\/\/api.w.org\/{rel}","templated":true}]}}