{"id":3051,"date":"2021-09-10T20:29:04","date_gmt":"2021-09-10T20:29:04","guid":{"rendered":"https:\/\/ibmlstaging.wpengine.com\/secteurs-et-solutions\/secteurs\/services-bancaires-et-financiers\/"},"modified":"2022-02-01T00:25:08","modified_gmt":"2022-02-01T00:25:08","slug":"services-bancaires-et-financiers","status":"publish","type":"page","link":"https:\/\/www.ibml.com\/fr\/services-bancaires-et-financiers\/","title":{"rendered":"Services bancaires et financiers"},"content":{"rendered":"<p>Les services bancaires et financiers sont des secteurs \u00e0 forts enjeux. Vous g\u00e9n\u00e9rez des centaines de documents par client, des ch\u00e8ques et donn\u00e9es de transaction aux demandes de pr\u00eat. Vous devez traiter ces informations pour fournir des services rapidement, tout en prot\u00e9geant les donn\u00e9es des clients et en vous conformant aux r\u00e9glementations gouvernementales en constante \u00e9volution. Comment acc\u00e9l\u00e9rer le service tout en prot\u00e9geant les donn\u00e9es sensibles\u00a0?<\/p>\n<p>Des m\u00e9thodes de traitement de documents obsol\u00e8tes ne suffiront pas. Elles sont chronophages et sujettes aux erreurs, ce qui peut avoir de graves cons\u00e9quences financi\u00e8res ou au niveau de la conformit\u00e9. Vous avez besoin d&rsquo;une solution de saisie de documents qui peut r\u00e9pondre aux exigences des clients ET se conformer aux r\u00e9glementations en mati\u00e8re de conformit\u00e9 et de s\u00e9curit\u00e9.<\/p>\n<p><strong>D\u00e9couvrez les solutions de saisie intelligente d&rsquo;ibml.<\/strong> Lorsque vous automatisez la num\u00e9risation de documents en extrayant toutes les donn\u00e9es structur\u00e9es et non structur\u00e9es, vous obtenez un avantage imbattable.<\/p>\n<p>Non seulement ibml fournit les op\u00e9rations bancaires et <a href=\"https:\/\/www.ibml.com\/white-papers\/nautomatisez-pas-seulement-vos-operations-de-services-financiers-mais-transformez-les\/?lang=fr\">services financiers<\/a> les plus exigeants du monde, mais nous sommes \u00e9galement la solution de saisie n \u00b01 pour les op\u00e9rations de lockbox en gros des banques.<\/p>\n","protected":false},"excerpt":{"rendered":"<p>Les services bancaires et financiers sont des secteurs \u00e0 forts enjeux. Vous g\u00e9n\u00e9rez des centaines de documents par client, des ch\u00e8ques et donn\u00e9es de transaction aux demandes de pr\u00eat. Vous devez traiter ces informations pour fournir des services rapidement, tout en prot\u00e9geant les donn\u00e9es des clients et en vous conformant aux r\u00e9glementations gouvernementales en constante [&hellip;]<\/p>\n","protected":false},"author":2,"featured_media":2305,"parent":6678,"menu_order":1,"comment_status":"closed","ping_status":"closed","template":"template-outsourced-industries.php","meta":{"_acf_changed":false,"content-type":"","_crsspst_to_ibmldevwpenginecom":false,"_crsspst_to_wwwibmlcom":false,"footnotes":""},"class_list":["post-3051","page","type-page","status-publish","has-post-thumbnail","hentry"],"acf":{"flexible_content":[{"acf_fc_layout":"h3_headline","h3_headline":"D\u00e9fis"},{"acf_fc_layout":"challenges_columns","challenges_col_layout":"2","challenges_vert_hori":"hori","challenges":[{"challenges_icon":2501,"challenges_title":"Exigences de rapidit\u00e9 in\u00e9dite","challenges_description":"Les attentes des clients en mati\u00e8re de traitement rapide, pr\u00e9cis et s\u00e9curis\u00e9 continuent de cro\u00eetre, et si vous ne pouvez pas fournir des donn\u00e9es strat\u00e9giques pour une r\u00e9ponse plus rapide, ils iront ailleurs."},{"challenges_icon":2259,"challenges_title":"Des processus sujets aux erreurs","challenges_description":"La saisie manuelle d'informations est sujette aux erreurs et pourrait entra\u00eener des cons\u00e9quences co\u00fbteuses."},{"challenges_icon":2135,"challenges_title":"Conformit\u00e9 aux r\u00e9glementations gouvernementales","challenges_description":"Les r\u00e9glementations changent constamment, ce qui donne l'impression d'essayer d'atteindre une cible en mouvement. L'apprentissage et la mise \u00e0 jour des anciens syst\u00e8mes entra\u00eenent des d\u00e9penses importantes."},{"challenges_icon":2131,"challenges_title":"Des donn\u00e9es d\u00e9centralis\u00e9es","challenges_description":"L'analyse des donn\u00e9es des clients est incompl\u00e8te parce que les informations sont r\u00e9parties sur divers documents, formulaires et bases de donn\u00e9es, ce qui peut vous faire manquer des informations lucratives."},{"challenges_icon":2129,"challenges_title":"Anciens syst\u00e8mes vieillissants","challenges_description":"Les anciens syst\u00e8mes, co\u00fbteux \u00e0 entretenir, arrivent en fin de vie et ne seront plus pris en charge par les fabricants."}]},{"acf_fc_layout":"h3_headline","h3_headline":"La solution ibml"},{"acf_fc_layout":"wysiwyg_paragraph_full","wysiwyg_paragraph_full":"<a href=\"https:\/\/www.ibml.com\/blog\/les-avantages-de-la-saisie-automatique-des-donnees-pour-les-societes-de-services-financiers\/?lang=fr\">Vous cherchez \u00e0 obtenir plus de rentabilit\u00e9 et un service plus efficace\u00a0?<\/a> Faites appel \u00e0 ibml. En tant que leader mondial des services bancaires et financiers, ibml acc\u00e9l\u00e8re les activit\u00e9s et vous permet de stimuler la rentabilit\u00e9 et la croissance gr\u00e2ce aux solutions de saisie de documents les plus rapides du march\u00e9."},{"acf_fc_layout":"image_and_text_60_40","image":2351,"headline":"Maximisez la rentabilit\u00e9","paragraph":"Num\u00e9risez plus de documents avec moins de manipulation. Associez des documents, automatisez le tri des documents et d\u00e9tectez les exceptions rapidement gr\u00e2ce \u00e0 une qualit\u00e9 d'image sup\u00e9rieure et \u00e0 des outils de manipulation d'image de pointe."},{"acf_fc_layout":"two_column_title_and_paragraph","headline_1":"Mettez \u00e0 niveau votre service client","paragraph_1":"R\u00e9duisez le temps d'attente des clients avec les flux de traitement les plus rapides, trouvez et corrigez les erreurs avec une saisie intelligente et acc\u00e9l\u00e9rez l'ensemble de votre processus de bout en bout.","headline_2":"Gagnez la confiance des clients","paragraph_2":"Gardez une longueur d'avance sur les voleurs de donn\u00e9es et les auditeurs. La saisie de donn\u00e9es coh\u00e9rente, v\u00e9rifiable et s\u00e9curis\u00e9e permet d'assurer la conformit\u00e9 et la s\u00e9curit\u00e9. ibml vous aide \u00e0 r\u00e9pondre \u00e0 des exigences telles que Dodd-Frank et PCI, ainsi qu'aux r\u00e9glementations du Bureau de la protection financi\u00e8re des consommateurs."},{"acf_fc_layout":"two_column_title_and_paragraph","headline_1":"Prenez vos d\u00e9cisions avec une visibilit\u00e9 compl\u00e8te","paragraph_1":"Saisissez plus de donn\u00e9es, plus rapidement. Extrayez et envoyez des informations pr\u00e9cises aux syst\u00e8mes en aval pour obtenir une vue plus compl\u00e8te de votre activit\u00e9 client.","headline_2":"Simplifiez la conservation des documents","paragraph_2":"All\u00e9gez le fardeau de la conservation des documents tout en acc\u00e9l\u00e9rant l'acc\u00e8s aux informations archiv\u00e9es. Convertissez tous vos fichiers de documents en images num\u00e9riques avec les services de location d'\u00e9quipement et de num\u00e9risation d'ibml."},{"acf_fc_layout":"highlight_content_box","headline":"ibml-as-a-service (iaaS)","subheadline":"Exploitez les derni\u00e8res technologies<br> Sans les co\u00fbts initiaux","description":"B\u00e9n\u00e9ficiez d'un avantage technologique imbattable tout en lib\u00e9rant vos liquidit\u00e9s. Avec le nouvel ibml-as-a-service, vous pouvez utiliser la technologie de saisie de pointe d'ibml en payant \u00e0 l'utilisation par r\u00e8glements trimestriels fixes. Avec plus de flexibilit\u00e9 et de libert\u00e9, vous serez en mesure d'\u00e9viter des co\u00fbts d'investissement \u00e9lev\u00e9s, de conserver des liquidit\u00e9s pour d'autres initiatives de croissance de base, et de personnaliser, d'adapter et de regrouper votre abonnement technologique pour r\u00e9pondre aux besoins individuels. De plus, votre investissement est d\u00e9ductible \u00e0 100\u00a0% des imp\u00f4ts et peut b\u00e9n\u00e9ficier de mises \u00e0 niveau ou de nouvelles fonctionnalit\u00e9s \u00e0 tout moment.","remove_margin_top":false},{"acf_fc_layout":"wysiwyg_paragraph_full","wysiwyg_paragraph_full":"<h3 class=\"h2\" style=\"text-align: center;\">Comment fonctionne le processus d'abonnement iaaS\u00a0:<\/h3>"},{"acf_fc_layout":"responsive_image","desktop_image":2899,"mobile_image":2897},{"acf_fc_layout":"applications_listing","applications_listing_bg":2127,"style":"new","applications_listing_headline":"Utilisations","applications_listing_paragraph_text":"Traitez davantage de documents essentiels pour vos clients.","applications_list_name":[{"applications_list_name":"Lockbox de d\u00e9tail"},{"applications_list_name":"Lockbox de gros"},{"applications_list_name":"Explication des prestations (EOB)"},{"applications_list_name":"Comptes clients"},{"applications_list_name":"Services de cartes"},{"applications_list_name":"Avis de paiement"},{"applications_list_name":"Formulaires en ligne"},{"applications_list_name":"Ouverture de compte"},{"applications_list_name":"Demandes de carte de cr\u00e9dit"},{"applications_list_name":"Fichiers d'origine des pr\u00eats immobiliers"},{"applications_list_name":"Titres de propri\u00e9t\u00e9"},{"applications_list_name":"Et plus encore "}],"applications_listing_paragraph_text_2":"","applications_list_name_2":null},{"acf_fc_layout":"cta_small_callout_left_align","callout_headline":"Tirez des le\u00e7ons de r\u00e9sultats r\u00e9els","callout_cta_label":"LIRE L'\u00c9TUDE DE CAS","callout_upload_a_file":true,"callout_cta_file":2651,"callout_cta_url":null,"new_window":true}],"address":"","phone":"","select_pre_footer_ad":[3016],"background_image":"","headline":"","cta_label":"","cta_url":"","new_window":false,"relevant_link":null,"sub-headline":"Offrez \u00e0 vos clients la rapidit\u00e9 qu'ils exigent","sub_sub_headline":"Avec les solutions ibml"},"yoast_head":"<!-- This site is optimized with the Yoast SEO plugin v26.9 - https:\/\/yoast.com\/product\/yoast-seo-wordpress\/ -->\n<title>Services bancaires et financiers | https:\/\/www.ibml.com\/<\/title>\n<meta name=\"description\" content=\"Offrez \u00e0 vos clients la rapidit\u00e9 qu&#039;ils exigent. Acc\u00e9l\u00e9rez le service tout en prot\u00e9geant les donn\u00e9es avec les solutions de saisie intelligente d&#039;ibml.\" \/>\n<meta name=\"robots\" content=\"index, follow, max-snippet:-1, max-image-preview:large, max-video-preview:-1\" \/>\n<link rel=\"canonical\" href=\"https:\/\/www.ibml.com\/fr\/services-bancaires-et-financiers\/\" \/>\n<meta property=\"og:locale\" content=\"fr_FR\" \/>\n<meta property=\"og:type\" content=\"article\" \/>\n<meta property=\"og:title\" content=\"Services bancaires et financiers | https:\/\/www.ibml.com\/\" \/>\n<meta property=\"og:description\" content=\"Offrez \u00e0 vos clients la rapidit\u00e9 qu&#039;ils exigent. Acc\u00e9l\u00e9rez le service tout en prot\u00e9geant les donn\u00e9es avec les solutions de saisie intelligente d&#039;ibml.\" \/>\n<meta property=\"og:url\" content=\"https:\/\/www.ibml.com\/fr\/services-bancaires-et-financiers\/\" \/>\n<meta property=\"og:site_name\" content=\"https:\/\/www.ibml.com\/\" \/>\n<meta property=\"article:publisher\" content=\"https:\/\/www.facebook.com\/ibmlnews\" \/>\n<meta property=\"article:modified_time\" content=\"2022-02-01T00:25:08+00:00\" \/>\n<meta property=\"og:image\" content=\"https:\/\/www.ibml.com\/wp-content\/uploads\/2020\/01\/banking-financial-services-banner.jpg\" \/>\n\t<meta property=\"og:image:width\" content=\"3800\" \/>\n\t<meta property=\"og:image:height\" content=\"800\" \/>\n\t<meta property=\"og:image:type\" content=\"image\/jpeg\" \/>\n<meta name=\"twitter:card\" content=\"summary_large_image\" \/>\n<meta name=\"twitter:site\" content=\"@ibmlnews\" \/>\n<meta name=\"twitter:label1\" content=\"Dur\u00e9e de lecture estim\u00e9e\" \/>\n\t<meta name=\"twitter:data1\" content=\"1 minute\" \/>\n<!-- \/ Yoast SEO plugin. -->","yoast_head_json":{"title":"Services bancaires et financiers | https:\/\/www.ibml.com\/","description":"Offrez \u00e0 vos clients la rapidit\u00e9 qu'ils exigent. Acc\u00e9l\u00e9rez le service tout en prot\u00e9geant les donn\u00e9es avec les solutions de saisie intelligente d'ibml.","robots":{"index":"index","follow":"follow","max-snippet":"max-snippet:-1","max-image-preview":"max-image-preview:large","max-video-preview":"max-video-preview:-1"},"canonical":"https:\/\/www.ibml.com\/fr\/services-bancaires-et-financiers\/","og_locale":"fr_FR","og_type":"article","og_title":"Services bancaires et financiers | https:\/\/www.ibml.com\/","og_description":"Offrez \u00e0 vos clients la rapidit\u00e9 qu'ils exigent. Acc\u00e9l\u00e9rez le service tout en prot\u00e9geant les donn\u00e9es avec les solutions de saisie intelligente d'ibml.","og_url":"https:\/\/www.ibml.com\/fr\/services-bancaires-et-financiers\/","og_site_name":"https:\/\/www.ibml.com\/","article_publisher":"https:\/\/www.facebook.com\/ibmlnews","article_modified_time":"2022-02-01T00:25:08+00:00","og_image":[{"width":3800,"height":800,"url":"https:\/\/www.ibml.com\/wp-content\/uploads\/2020\/01\/banking-financial-services-banner.jpg","type":"image\/jpeg"}],"twitter_card":"summary_large_image","twitter_site":"@ibmlnews","twitter_misc":{"Dur\u00e9e de lecture estim\u00e9e":"1 minute"},"schema":{"@context":"https:\/\/schema.org","@graph":[{"@type":"WebPage","@id":"https:\/\/www.ibml.com\/fr\/services-bancaires-et-financiers\/","url":"https:\/\/www.ibml.com\/fr\/services-bancaires-et-financiers\/","name":"Services bancaires et financiers | https:\/\/www.ibml.com\/","isPartOf":{"@id":"https:\/\/www.ibml.com\/fr\/#website"},"primaryImageOfPage":{"@id":"https:\/\/www.ibml.com\/fr\/services-bancaires-et-financiers\/#primaryimage"},"image":{"@id":"https:\/\/www.ibml.com\/fr\/services-bancaires-et-financiers\/#primaryimage"},"thumbnailUrl":"https:\/\/www.ibml.com\/wp-content\/uploads\/2020\/01\/banking-financial-services-banner.jpg","datePublished":"2021-09-10T20:29:04+00:00","dateModified":"2022-02-01T00:25:08+00:00","description":"Offrez \u00e0 vos clients la rapidit\u00e9 qu'ils exigent. Acc\u00e9l\u00e9rez le service tout en prot\u00e9geant les donn\u00e9es avec les solutions de saisie intelligente d'ibml.","breadcrumb":{"@id":"https:\/\/www.ibml.com\/fr\/services-bancaires-et-financiers\/#breadcrumb"},"inLanguage":"fr-FR","potentialAction":[{"@type":"ReadAction","target":["https:\/\/www.ibml.com\/fr\/services-bancaires-et-financiers\/"]}]},{"@type":"ImageObject","inLanguage":"fr-FR","@id":"https:\/\/www.ibml.com\/fr\/services-bancaires-et-financiers\/#primaryimage","url":"https:\/\/www.ibml.com\/wp-content\/uploads\/2020\/01\/banking-financial-services-banner.jpg","contentUrl":"https:\/\/www.ibml.com\/wp-content\/uploads\/2020\/01\/banking-financial-services-banner.jpg","width":3800,"height":800,"caption":"Services bancaires et financiers"},{"@type":"BreadcrumbList","@id":"https:\/\/www.ibml.com\/fr\/services-bancaires-et-financiers\/#breadcrumb","itemListElement":[{"@type":"ListItem","position":1,"name":"Home","item":"https:\/\/www.ibml.com\/fr\/"},{"@type":"ListItem","position":2,"name":"Secteurs et solutions","item":"https:\/\/www.ibml.com\/fr\/secteurs-et-solutions\/?lang=fr"},{"@type":"ListItem","position":3,"name":"Secteurs","item":"https:\/\/www.ibml.com\/fr\/secteurs-et-solutions\/secteurs\/?lang=fr"},{"@type":"ListItem","position":4,"name":"Services bancaires et financiers"}]},{"@type":"WebSite","@id":"https:\/\/www.ibml.com\/fr\/#website","url":"https:\/\/www.ibml.com\/fr\/","name":"https:\/\/www.ibml.com\/","description":"End-to-End Enterprise Capture Solutions","publisher":{"@id":"https:\/\/www.ibml.com\/fr\/#organization"},"potentialAction":[{"@type":"SearchAction","target":{"@type":"EntryPoint","urlTemplate":"https:\/\/www.ibml.com\/fr\/?s={search_term_string}"},"query-input":{"@type":"PropertyValueSpecification","valueRequired":true,"valueName":"search_term_string"}}],"inLanguage":"fr-FR"},{"@type":"Organization","@id":"https:\/\/www.ibml.com\/fr\/#organization","name":"IBML","url":"https:\/\/www.ibml.com\/fr\/","logo":{"@type":"ImageObject","inLanguage":"fr-FR","@id":"https:\/\/www.ibml.com\/fr\/#\/schema\/logo\/image\/","url":"https:\/\/www.ibml.com\/wp-content\/uploads\/2022\/08\/ibml-logo-dark-1.png","contentUrl":"https:\/\/www.ibml.com\/wp-content\/uploads\/2022\/08\/ibml-logo-dark-1.png","width":301,"height":149,"caption":"IBML"},"image":{"@id":"https:\/\/www.ibml.com\/fr\/#\/schema\/logo\/image\/"},"sameAs":["https:\/\/www.facebook.com\/ibmlnews","https:\/\/x.com\/ibmlnews","https:\/\/www.linkedin.com\/company\/ibml\/","https:\/\/www.youtube.com\/user\/ibmltube"]}]}},"_links":{"self":[{"href":"https:\/\/www.ibml.com\/fr\/wp-json\/wp\/v2\/pages\/3051","targetHints":{"allow":["GET"]}}],"collection":[{"href":"https:\/\/www.ibml.com\/fr\/wp-json\/wp\/v2\/pages"}],"about":[{"href":"https:\/\/www.ibml.com\/fr\/wp-json\/wp\/v2\/types\/page"}],"author":[{"embeddable":true,"href":"https:\/\/www.ibml.com\/fr\/wp-json\/wp\/v2\/users\/2"}],"replies":[{"embeddable":true,"href":"https:\/\/www.ibml.com\/fr\/wp-json\/wp\/v2\/comments?post=3051"}],"version-history":[{"count":0,"href":"https:\/\/www.ibml.com\/fr\/wp-json\/wp\/v2\/pages\/3051\/revisions"}],"up":[{"embeddable":true,"href":"https:\/\/www.ibml.com\/fr\/wp-json\/wp\/v2\/pages\/6678"}],"acf:post":[{"embeddable":true,"href":"https:\/\/www.ibml.com\/fr\/wp-json\/wp\/v2\/pre_footer_ad\/3016"}],"wp:featuredmedia":[{"embeddable":true,"href":"https:\/\/www.ibml.com\/fr\/wp-json\/wp\/v2\/media\/2305"}],"wp:attachment":[{"href":"https:\/\/www.ibml.com\/fr\/wp-json\/wp\/v2\/media?parent=3051"}],"curies":[{"name":"wp","href":"https:\/\/api.w.org\/{rel}","templated":true}]}}