{"id":3043,"date":"2021-09-10T20:29:01","date_gmt":"2021-09-10T20:29:01","guid":{"rendered":"https:\/\/ibmlstaging.wpengine.com\/actualites-et-evenements\/"},"modified":"2021-09-10T20:29:01","modified_gmt":"2021-09-10T20:29:01","slug":"actualites-et-evenements","status":"publish","type":"page","link":"https:\/\/www.ibml.com\/fr\/qui-sommes-nous-2\/actualites-et-evenements\/","title":{"rendered":"Actualit\u00e9s et \u00e9v\u00e9nements"},"content":{"rendered":"<p>Retrouvez-nous lors de nos prochains \u00e9v\u00e9nements et d\u00e9couvrez les derni\u00e8res actualit\u00e9s ibml.<\/p>\n","protected":false},"excerpt":{"rendered":"<p>Retrouvez-nous lors de nos prochains \u00e9v\u00e9nements et d\u00e9couvrez les derni\u00e8res actualit\u00e9s ibml.<\/p>\n","protected":false},"author":2,"featured_media":0,"parent":3041,"menu_order":0,"comment_status":"closed","ping_status":"closed","template":"template-news-items.php","meta":{"_acf_changed":false,"content-type":"","_crsspst_to_ibmldevwpenginecom":false,"_crsspst_to_wwwibmlcom":false,"footnotes":""},"class_list":["post-3043","page","type-page","status-publish","hentry"],"acf":{"flexible_content":null,"address":"","phone":"","background_image":null,"headline":"","cta_label":"","cta_url":null,"new_window":false,"sub-headline":"Nous serions ravis de vous rencontrer. ","sub_sub_headline":""},"yoast_head":"<!-- This site is optimized with the Yoast SEO plugin v26.9 - https:\/\/yoast.com\/product\/yoast-seo-wordpress\/ -->\n<title>Actualit\u00e9s et \u00e9v\u00e9nements Solutions de saisie d&#039;informations de pointe | ibml<\/title>\n<meta name=\"description\" content=\"Vous voulez en savoir plus sur les derni\u00e8res technologies de num\u00e9risation et de saisie\u00a0? Cliquez ici pour vous informer sur l&#039;actualit\u00e9 et les \u00e9v\u00e9nements avec ibml.\" \/>\n<meta name=\"robots\" content=\"index, follow, max-snippet:-1, max-image-preview:large, max-video-preview:-1\" \/>\n<link rel=\"canonical\" href=\"https:\/\/www.ibml.com\/fr\/qui-sommes-nous-2\/actualites-et-evenements\/\" \/>\n<meta property=\"og:locale\" content=\"fr_FR\" \/>\n<meta property=\"og:type\" content=\"article\" \/>\n<meta property=\"og:title\" content=\"Actualit\u00e9s et \u00e9v\u00e9nements Solutions de saisie d&#039;informations de pointe | ibml\" \/>\n<meta property=\"og:description\" content=\"Vous voulez en savoir plus sur les derni\u00e8res technologies de num\u00e9risation et de saisie\u00a0? Cliquez ici pour vous informer sur l&#039;actualit\u00e9 et les \u00e9v\u00e9nements avec ibml.\" \/>\n<meta property=\"og:url\" content=\"https:\/\/www.ibml.com\/fr\/qui-sommes-nous-2\/actualites-et-evenements\/\" \/>\n<meta property=\"og:site_name\" content=\"https:\/\/www.ibml.com\/\" \/>\n<meta property=\"article:publisher\" content=\"https:\/\/www.facebook.com\/ibmlnews\" \/>\n<meta name=\"twitter:card\" content=\"summary_large_image\" \/>\n<meta name=\"twitter:site\" content=\"@ibmlnews\" \/>\n<!-- \/ Yoast SEO plugin. -->","yoast_head_json":{"title":"Actualit\u00e9s et \u00e9v\u00e9nements Solutions de saisie d'informations de pointe | ibml","description":"Vous voulez en savoir plus sur les derni\u00e8res technologies de num\u00e9risation et de saisie\u00a0? Cliquez ici pour vous informer sur l'actualit\u00e9 et les \u00e9v\u00e9nements avec ibml.","robots":{"index":"index","follow":"follow","max-snippet":"max-snippet:-1","max-image-preview":"max-image-preview:large","max-video-preview":"max-video-preview:-1"},"canonical":"https:\/\/www.ibml.com\/fr\/qui-sommes-nous-2\/actualites-et-evenements\/","og_locale":"fr_FR","og_type":"article","og_title":"Actualit\u00e9s et \u00e9v\u00e9nements Solutions de saisie d'informations de pointe | ibml","og_description":"Vous voulez en savoir plus sur les derni\u00e8res technologies de num\u00e9risation et de saisie\u00a0? Cliquez ici pour vous informer sur l'actualit\u00e9 et les \u00e9v\u00e9nements avec ibml.","og_url":"https:\/\/www.ibml.com\/fr\/qui-sommes-nous-2\/actualites-et-evenements\/","og_site_name":"https:\/\/www.ibml.com\/","article_publisher":"https:\/\/www.facebook.com\/ibmlnews","twitter_card":"summary_large_image","twitter_site":"@ibmlnews","schema":{"@context":"https:\/\/schema.org","@graph":[{"@type":"WebPage","@id":"https:\/\/www.ibml.com\/fr\/qui-sommes-nous-2\/actualites-et-evenements\/","url":"https:\/\/www.ibml.com\/fr\/qui-sommes-nous-2\/actualites-et-evenements\/","name":"Actualit\u00e9s et \u00e9v\u00e9nements Solutions de saisie d'informations de pointe | ibml","isPartOf":{"@id":"https:\/\/www.ibml.com\/fr\/#website"},"datePublished":"2021-09-10T20:29:01+00:00","description":"Vous voulez en savoir plus sur les derni\u00e8res technologies de num\u00e9risation et de saisie\u00a0? Cliquez ici pour vous informer sur l'actualit\u00e9 et les \u00e9v\u00e9nements avec ibml.","breadcrumb":{"@id":"https:\/\/www.ibml.com\/fr\/qui-sommes-nous-2\/actualites-et-evenements\/#breadcrumb"},"inLanguage":"fr-FR","potentialAction":[{"@type":"ReadAction","target":["https:\/\/www.ibml.com\/fr\/qui-sommes-nous-2\/actualites-et-evenements\/"]}]},{"@type":"BreadcrumbList","@id":"https:\/\/www.ibml.com\/fr\/qui-sommes-nous-2\/actualites-et-evenements\/#breadcrumb","itemListElement":[{"@type":"ListItem","position":1,"name":"Home","item":"https:\/\/www.ibml.com\/fr\/"},{"@type":"ListItem","position":2,"name":"Qui sommes-nous&nbsp;?","item":"https:\/\/www.ibml.com\/fr\/qui-sommes-nous-2\/?lang=fr"},{"@type":"ListItem","position":3,"name":"Actualit\u00e9s et \u00e9v\u00e9nements"}]},{"@type":"WebSite","@id":"https:\/\/www.ibml.com\/fr\/#website","url":"https:\/\/www.ibml.com\/fr\/","name":"https:\/\/www.ibml.com\/","description":"End-to-End Enterprise Capture Solutions","publisher":{"@id":"https:\/\/www.ibml.com\/fr\/#organization"},"potentialAction":[{"@type":"SearchAction","target":{"@type":"EntryPoint","urlTemplate":"https:\/\/www.ibml.com\/fr\/?s={search_term_string}"},"query-input":{"@type":"PropertyValueSpecification","valueRequired":true,"valueName":"search_term_string"}}],"inLanguage":"fr-FR"},{"@type":"Organization","@id":"https:\/\/www.ibml.com\/fr\/#organization","name":"IBML","url":"https:\/\/www.ibml.com\/fr\/","logo":{"@type":"ImageObject","inLanguage":"fr-FR","@id":"https:\/\/www.ibml.com\/fr\/#\/schema\/logo\/image\/","url":"https:\/\/www.ibml.com\/wp-content\/uploads\/2022\/08\/ibml-logo-dark-1.png","contentUrl":"https:\/\/www.ibml.com\/wp-content\/uploads\/2022\/08\/ibml-logo-dark-1.png","width":301,"height":149,"caption":"IBML"},"image":{"@id":"https:\/\/www.ibml.com\/fr\/#\/schema\/logo\/image\/"},"sameAs":["https:\/\/www.facebook.com\/ibmlnews","https:\/\/x.com\/ibmlnews","https:\/\/www.linkedin.com\/company\/ibml\/","https:\/\/www.youtube.com\/user\/ibmltube"]}]}},"_links":{"self":[{"href":"https:\/\/www.ibml.com\/fr\/wp-json\/wp\/v2\/pages\/3043","targetHints":{"allow":["GET"]}}],"collection":[{"href":"https:\/\/www.ibml.com\/fr\/wp-json\/wp\/v2\/pages"}],"about":[{"href":"https:\/\/www.ibml.com\/fr\/wp-json\/wp\/v2\/types\/page"}],"author":[{"embeddable":true,"href":"https:\/\/www.ibml.com\/fr\/wp-json\/wp\/v2\/users\/2"}],"replies":[{"embeddable":true,"href":"https:\/\/www.ibml.com\/fr\/wp-json\/wp\/v2\/comments?post=3043"}],"version-history":[{"count":0,"href":"https:\/\/www.ibml.com\/fr\/wp-json\/wp\/v2\/pages\/3043\/revisions"}],"up":[{"embeddable":true,"href":"https:\/\/www.ibml.com\/fr\/wp-json\/wp\/v2\/pages\/3041"}],"wp:attachment":[{"href":"https:\/\/www.ibml.com\/fr\/wp-json\/wp\/v2\/media?parent=3043"}],"curies":[{"name":"wp","href":"https:\/\/api.w.org\/{rel}","templated":true}]}}