{"id":3037,"date":"2021-09-10T20:28:58","date_gmt":"2021-09-10T20:28:58","guid":{"rendered":"https:\/\/ibmlstaging.wpengine.com\/pourquoi-ibml\/"},"modified":"2021-10-04T21:23:06","modified_gmt":"2021-10-04T21:23:06","slug":"pourquoi-ibml","status":"publish","type":"page","link":"https:\/\/www.ibml.com\/fr\/qui-sommes-nous-2\/pourquoi-ibml\/","title":{"rendered":"Pourquoi ibml"},"content":{"rendered":"","protected":false},"excerpt":{"rendered":"","protected":false},"author":2,"featured_media":0,"parent":3041,"menu_order":0,"comment_status":"closed","ping_status":"closed","template":"","meta":{"_acf_changed":false,"content-type":"","_crsspst_to_ibmldevwpenginecom":false,"_crsspst_to_wwwibmlcom":false,"footnotes":""},"class_list":["post-3037","page","type-page","status-publish","hentry"],"acf":{"flexible_content":[{"acf_fc_layout":"three_column_image_and_list","column_1_image":2245,"column_1_headline":"Acc\u00e9l\u00e9rez l'acc\u00e8s aux informations commerciales essentielles","column_1_sub_headline":"","column_1_text":"<ul>\r\n \t<li>Capture Suite d'ibml am\u00e9liore l'efficacit\u00e9 des processus du point de saisie, en g\u00e9rant la num\u00e9risation de bout en bout et le flux de saisie, de la r\u00e9ception des documents au stockage des donn\u00e9es et \u00e0 l'\u00e9tablissement de rapports.<\/li>\r\n \t<li>Elle suit des documents tout au long du flux de num\u00e9risation et de saisie<\/li>\r\n \t<li>Elle s'int\u00e8gre facilement dans n'importe quel syst\u00e8me backend<\/li>\r\n \t<li>Elle g\u00e8re \u00e9galement les scanners d'autres fabricants<\/li>\r\n<\/ul>","column_2_image":2247,"column_2_headline":"R\u00e9duisez les co\u00fbts et gagnez en productivit\u00e9 gr\u00e2ce \u00e0 l'intelligence en temps r\u00e9el des scanners ibml","column_2_sub_headline":"","column_2_text":"<ul>\r\n \t<li>Validez les transactions lors de la num\u00e9risation, en \u00e9liminant les exceptions en aval<\/li>\r\n \t<li>Saisissez les informations \u00ab\u00a0in-line\u00a0\u00bb et acheminez les documents \u00e9lectroniquement<\/li>\r\n \t<li>Triez et s\u00e9parez automatiquement les documents apr\u00e8s la num\u00e9risation et r\u00e9duisez la pr\u00e9paration des documents<\/li>\r\n \t<li>La technologie de cam\u00e9ra brevet\u00e9e et les capacit\u00e9s d'am\u00e9lioration d'image int\u00e9gr\u00e9es dans le syst\u00e8me fournissent les meilleures images possible, ce qui accro\u00eet les taux de lecture OCR et ICR.<\/li>\r\n<\/ul>","column_3_image":2249,"column_3_headline":"B\u00e9n\u00e9ficiez de la num\u00e9risation de documents d'entreprise d'ibml","column_3_sub_headline":"","column_3_text":"<ul>\r\n \t<li>ibml a aid\u00e9 des centaines d'organisations \u00e0 tirer de r\u00e9els avantages de l'automatisation de la saisie de documents.<\/li>\r\n \t<li>Nos solutions de saisie d'informations traitent chaque jour des documents strat\u00e9giques dans des secteurs exigeants comme les services financiers, gouvernementaux, hospitaliers et m\u00e9dicaux, les assurances et les services d'externalisation.<\/li>\r\n \t<li>Nous sommes experts en conception de formulaires et en r\u00e9vision des flux du courrier\/des op\u00e9rations et en recommandation de changements de processus cibl\u00e9s.<\/li>\r\n<\/ul>"}],"address":"","phone":"","background_image":"","headline":"\u00cates-vous int\u00e9ress\u00e9.e par une carri\u00e8re chez ibml\u00a0?","cta_label":"Consultez notre page Carri\u00e8res","cta_url":{"title":"","url":"https:\/\/ibml.wpengine.com\/careers","target":""},"new_window":false,"anchors":{"hide_component":false,"anchor_id":"","anchor_dropdown_title":"","anchor_links":null},"downloadable_assets":{"hide_component":false,"anchor_id":"","downloadable_asset":null},"hero":{"hide_component":false,"anchor_id":"","hero_background_image":null,"eyebrow":"","hero_headline":"","hero_paragraph":"","hero_cta":null,"hero_video_images":null},"new_product":{"hide_component":false,"anchor_id":"","new_product_background_image":null,"headline":"","paragraph":"","product_image":null,"show_hotspots":false,"hotspot_1":"","hotspot_2":"","hotspot_3":"","hotspot_4":"","hotspot_5":"","hotspot_6":"","hotspot_7":"","hotspot_8":"","hotspot_9":""},"section_7":{"hide_component":false,"anchor_id":"","section_7_background_image":null,"section_7_headline":"","section_7_paragraph":"","cta_label":"","downloadable_asset":null,"infographic_asset":null},"testimonials":{"hide_component":false,"anchor_id":"","testimonial_quote":"","testimonial_author":"","testimonial_author_position":"","testimonial_company":"","downloadable_asset_label":"","downloadable_asset":null},"section_5":{"hide_component":false,"anchor_id":"","section_5_headline":"","section_5_paragraph":"","cta_label":"","downloadable_asset":null},"roi_calculator_section":{"hide_component":false,"anchor_id":"","roi_calculator_headline":"","roi_calculator_paragraph":"","roi_calculator_cta_link":null,"roi_calculator_image":null},"potencial_section":{"hide_component":false,"anchor_id":"","potencial_section_background_image":null,"potencial_section_headline":"","potencial_section_paragraph":"","cta_label":"","downloadable_asset":null,"potencial_section_asset_image":null},"section_8":{"hide_component":false,"anchor_id":"","section_8_background_image":null,"section_8_headline":"","section_8_paragraph":"","section_8_cta_link":null,"section_8_infographic_image":null,"cta_label":"","downloadable_asset":null,"left_image":null,"right_image":null},"section_9":{"hide_component":false,"anchor_id":"","section_9_background_image":null,"section_9_headline":"","section_9_paragraph":"","guide_image":null,"cta_label":"","downloadable_asset":null},"fadgi_callout":{"hide_component":false,"anchor_id":"","fadgi_logo":null,"show_stars":false,"headline":"","content":"","additional_content":"","cta":null},"section_11":{"hide_component":false,"anchor_id":"","section_11_headline":"","section_11_paragraph":""},"capture_suite":{"hide_component":false,"anchor_id":"","eyebrow":"","headline":"","content":"","cta":null,"image":null},"faqs":{"hide_component":false,"anchor_id":"","faqs_background_image":null,"faqs_headline":"","single_faq":null},"webinar_video_content":{"hide_component":false,"anchor_id":"","webinar_video_headline":"","webinar_video_paragraph":"","video_thumbnail":null,"video_url":"","cta_label":""},"section_10":{"hide_component":false,"anchor_id":"","section_10_headline":"","section_10_paragraph":"","section_10_cta_link":null,"section_10_image":null},"show_icon_text_col":false,"sub-headline":"Saisie d'informations et num\u00e9risation de documents d'entreprise","sub_sub_headline":""},"yoast_head":"<!-- This site is optimized with the Yoast SEO plugin v26.9 - https:\/\/yoast.com\/product\/yoast-seo-wordpress\/ -->\n<title>Saisie d&#039;informations et num\u00e9risation de documents d&#039;entreprise | pourquoi ibml\u00a0?<\/title>\n<meta name=\"description\" content=\"D\u00e9couvrez comment ibml adopte une approche globale des solutions de num\u00e9risation de documents et de saisie de donn\u00e9es, pour optimiser les processus tout au long du cycle de vie des documents.\" \/>\n<meta name=\"robots\" content=\"index, follow, max-snippet:-1, max-image-preview:large, max-video-preview:-1\" \/>\n<link rel=\"canonical\" href=\"https:\/\/www.ibml.com\/fr\/qui-sommes-nous-2\/pourquoi-ibml\/\" \/>\n<meta property=\"og:locale\" content=\"fr_FR\" \/>\n<meta property=\"og:type\" content=\"article\" \/>\n<meta property=\"og:title\" content=\"Saisie d&#039;informations et num\u00e9risation de documents d&#039;entreprise | pourquoi ibml\u00a0?\" \/>\n<meta property=\"og:description\" content=\"D\u00e9couvrez comment ibml adopte une approche globale des solutions de num\u00e9risation de documents et de saisie de donn\u00e9es, pour optimiser les processus tout au long du cycle de vie des documents.\" \/>\n<meta property=\"og:url\" content=\"https:\/\/www.ibml.com\/fr\/qui-sommes-nous-2\/pourquoi-ibml\/\" \/>\n<meta property=\"og:site_name\" content=\"https:\/\/www.ibml.com\/\" \/>\n<meta property=\"article:publisher\" content=\"https:\/\/www.facebook.com\/ibmlnews\" \/>\n<meta property=\"article:modified_time\" content=\"2021-10-04T21:23:06+00:00\" \/>\n<meta name=\"twitter:card\" content=\"summary_large_image\" \/>\n<meta name=\"twitter:site\" content=\"@ibmlnews\" \/>\n<!-- \/ Yoast SEO plugin. -->","yoast_head_json":{"title":"Saisie d'informations et num\u00e9risation de documents d'entreprise | pourquoi ibml\u00a0?","description":"D\u00e9couvrez comment ibml adopte une approche globale des solutions de num\u00e9risation de documents et de saisie de donn\u00e9es, pour optimiser les processus tout au long du cycle de vie des documents.","robots":{"index":"index","follow":"follow","max-snippet":"max-snippet:-1","max-image-preview":"max-image-preview:large","max-video-preview":"max-video-preview:-1"},"canonical":"https:\/\/www.ibml.com\/fr\/qui-sommes-nous-2\/pourquoi-ibml\/","og_locale":"fr_FR","og_type":"article","og_title":"Saisie d'informations et num\u00e9risation de documents d'entreprise | pourquoi ibml\u00a0?","og_description":"D\u00e9couvrez comment ibml adopte une approche globale des solutions de num\u00e9risation de documents et de saisie de donn\u00e9es, pour optimiser les processus tout au long du cycle de vie des documents.","og_url":"https:\/\/www.ibml.com\/fr\/qui-sommes-nous-2\/pourquoi-ibml\/","og_site_name":"https:\/\/www.ibml.com\/","article_publisher":"https:\/\/www.facebook.com\/ibmlnews","article_modified_time":"2021-10-04T21:23:06+00:00","twitter_card":"summary_large_image","twitter_site":"@ibmlnews","schema":{"@context":"https:\/\/schema.org","@graph":[{"@type":"WebPage","@id":"https:\/\/www.ibml.com\/fr\/qui-sommes-nous-2\/pourquoi-ibml\/","url":"https:\/\/www.ibml.com\/fr\/qui-sommes-nous-2\/pourquoi-ibml\/","name":"Saisie d'informations et num\u00e9risation de documents d'entreprise | pourquoi ibml\u00a0?","isPartOf":{"@id":"https:\/\/www.ibml.com\/fr\/#website"},"datePublished":"2021-09-10T20:28:58+00:00","dateModified":"2021-10-04T21:23:06+00:00","description":"D\u00e9couvrez comment ibml adopte une approche globale des solutions de num\u00e9risation de documents et de saisie de donn\u00e9es, pour optimiser les processus tout au long du cycle de vie des documents.","breadcrumb":{"@id":"https:\/\/www.ibml.com\/fr\/qui-sommes-nous-2\/pourquoi-ibml\/#breadcrumb"},"inLanguage":"fr-FR","potentialAction":[{"@type":"ReadAction","target":["https:\/\/www.ibml.com\/fr\/qui-sommes-nous-2\/pourquoi-ibml\/"]}]},{"@type":"BreadcrumbList","@id":"https:\/\/www.ibml.com\/fr\/qui-sommes-nous-2\/pourquoi-ibml\/#breadcrumb","itemListElement":[{"@type":"ListItem","position":1,"name":"Home","item":"https:\/\/www.ibml.com\/fr\/"},{"@type":"ListItem","position":2,"name":"Qui sommes-nous&nbsp;?","item":"https:\/\/www.ibml.com\/fr\/qui-sommes-nous-2\/?lang=fr"},{"@type":"ListItem","position":3,"name":"Pourquoi ibml"}]},{"@type":"WebSite","@id":"https:\/\/www.ibml.com\/fr\/#website","url":"https:\/\/www.ibml.com\/fr\/","name":"https:\/\/www.ibml.com\/","description":"End-to-End Enterprise Capture Solutions","publisher":{"@id":"https:\/\/www.ibml.com\/fr\/#organization"},"potentialAction":[{"@type":"SearchAction","target":{"@type":"EntryPoint","urlTemplate":"https:\/\/www.ibml.com\/fr\/?s={search_term_string}"},"query-input":{"@type":"PropertyValueSpecification","valueRequired":true,"valueName":"search_term_string"}}],"inLanguage":"fr-FR"},{"@type":"Organization","@id":"https:\/\/www.ibml.com\/fr\/#organization","name":"IBML","url":"https:\/\/www.ibml.com\/fr\/","logo":{"@type":"ImageObject","inLanguage":"fr-FR","@id":"https:\/\/www.ibml.com\/fr\/#\/schema\/logo\/image\/","url":"https:\/\/www.ibml.com\/wp-content\/uploads\/2022\/08\/ibml-logo-dark-1.png","contentUrl":"https:\/\/www.ibml.com\/wp-content\/uploads\/2022\/08\/ibml-logo-dark-1.png","width":301,"height":149,"caption":"IBML"},"image":{"@id":"https:\/\/www.ibml.com\/fr\/#\/schema\/logo\/image\/"},"sameAs":["https:\/\/www.facebook.com\/ibmlnews","https:\/\/x.com\/ibmlnews","https:\/\/www.linkedin.com\/company\/ibml\/","https:\/\/www.youtube.com\/user\/ibmltube"]}]}},"_links":{"self":[{"href":"https:\/\/www.ibml.com\/fr\/wp-json\/wp\/v2\/pages\/3037","targetHints":{"allow":["GET"]}}],"collection":[{"href":"https:\/\/www.ibml.com\/fr\/wp-json\/wp\/v2\/pages"}],"about":[{"href":"https:\/\/www.ibml.com\/fr\/wp-json\/wp\/v2\/types\/page"}],"author":[{"embeddable":true,"href":"https:\/\/www.ibml.com\/fr\/wp-json\/wp\/v2\/users\/2"}],"replies":[{"embeddable":true,"href":"https:\/\/www.ibml.com\/fr\/wp-json\/wp\/v2\/comments?post=3037"}],"version-history":[{"count":0,"href":"https:\/\/www.ibml.com\/fr\/wp-json\/wp\/v2\/pages\/3037\/revisions"}],"up":[{"embeddable":true,"href":"https:\/\/www.ibml.com\/fr\/wp-json\/wp\/v2\/pages\/3041"}],"wp:attachment":[{"href":"https:\/\/www.ibml.com\/fr\/wp-json\/wp\/v2\/media?parent=3037"}],"curies":[{"name":"wp","href":"https:\/\/api.w.org\/{rel}","templated":true}]}}