{"id":3034,"date":"2021-09-10T20:28:57","date_gmt":"2021-09-10T20:28:57","guid":{"rendered":"https:\/\/ibmlstaging.wpengine.com\/services\/"},"modified":"2021-10-04T20:56:29","modified_gmt":"2021-10-04T20:56:29","slug":"services","status":"publish","type":"page","link":"https:\/\/www.ibml.com\/fr\/services\/","title":{"rendered":"Services"},"content":{"rendered":"<p>Utilisez notre vaste gamme de services externalis\u00e9s pour num\u00e9riser votre contenu et g\u00e9rer plus efficacement les informations tout au long de leur cycle de vie. Les services externalis\u00e9s d&rsquo;ibml sont con\u00e7us pour aider les entreprises de toutes tailles, dans tous les secteurs, avec tout type de document.<\/p>\n","protected":false},"excerpt":{"rendered":"<p>Utilisez notre vaste gamme de services externalis\u00e9s pour num\u00e9riser votre contenu et g\u00e9rer plus efficacement les informations tout au long de leur cycle de vie. Les services externalis\u00e9s d&rsquo;ibml sont con\u00e7us pour aider les entreprises de toutes tailles, dans tous les secteurs, avec tout type de document.<\/p>\n","protected":false},"author":2,"featured_media":0,"parent":0,"menu_order":0,"comment_status":"closed","ping_status":"closed","template":"template-basic-content.php","meta":{"_acf_changed":false,"content-type":"","_crsspst_to_ibmldevwpenginecom":false,"_crsspst_to_wwwibmlcom":false,"footnotes":""},"class_list":["post-3034","page","type-page","status-publish","hentry"],"acf":{"flexible_content":[{"acf_fc_layout":"wysiwyg_paragraph_full","wysiwyg_paragraph_full":"Les services aux entreprises ibml incluent\u00a0:\r\n<ul>\r\n \t<li id=\"menu-item-871\" class=\"menu-item menu-item-type-post_type menu-item-object-page menu-item-871\"><a href=\"https:\/\/www.ibml.com\/services\/outsourced-services\/medical-banking\/\">Les services bancaires pour le m\u00e9dical<\/a><\/li>\r\n \t<li id=\"menu-item-872\" class=\"menu-item menu-item-type-post_type menu-item-object-page menu-item-872\"><a href=\"https:\/\/www.ibml.com\/services\/outsourced-services\/document-processing\/\">Le traitement des documents<\/a><\/li>\r\n \t<li id=\"menu-item-873\" class=\"menu-item menu-item-type-post_type menu-item-object-page menu-item-873\"><a href=\"https:\/\/www.ibml.com\/services\/outsourced-services\/remittance-service\/\">Le service de paiement<\/a><\/li>\r\n \t<li id=\"menu-item-874\" class=\"menu-item menu-item-type-post_type menu-item-object-page menu-item-874\"><a href=\"https:\/\/www.ibml.com\/services\/outsourced-services\/healthcare-revenue-cycle-management\/\">La gestion du cycle des revenus des soins de sant\u00e9<\/a><\/li>\r\n \t<li id=\"menu-item-875\" class=\"menu-item menu-item-type-post_type menu-item-object-page menu-item-875\"><a href=\"https:\/\/www.ibml.com\/services\/outsourced-services\/business-continuity-disaster-recovery\/\">La continuit\u00e9 des activit\u00e9s et la reprise apr\u00e8s sinistre<\/a><\/li>\r\n<\/ul>\r\nQue vous souhaitiez externaliser compl\u00e8tement le traitement de vos documents, num\u00e9riser un fichier ancien de documents papier, mieux g\u00e9rer les fluctuations saisonni\u00e8res du volume ou assurer la continuit\u00e9 des activit\u00e9s, ibml peut vous aider.\r\n\r\nLes solutions d'ibml vous int\u00e9ressent\u00a0? <a href=\"https:\/\/www.ibml.com\/consult-an-expert\/\">Cliquez ici<\/a> pour consulter un expert de l'\u00e9quipe d'ibml."}],"address":"","phone":"","background_image":"","headline":"","cta_label":"","cta_url":"","new_window":false,"sub-headline":"Prenez une longueur d'avance avec les services ibml","sub_sub_headline":"Obtenez plus de r\u00e9sultats en externalisant"},"yoast_head":"<!-- This site is optimized with the Yoast SEO plugin v26.9 - https:\/\/yoast.com\/product\/yoast-seo-wordpress\/ -->\n<title>Services | https:\/\/www.ibml.com\/<\/title>\n<meta name=\"description\" content=\"ibml propose des services externalis\u00e9s pour num\u00e9riser votre contenu et g\u00e9rer plus efficacement les informations tout au long de leur cycle de vie. Nous pouvons aider les organisations de toutes tailles, dans tous les secteurs, avec tout type de document. Appelez-nous d\u00e8s aujourd&#039;hui\u00a0!\" \/>\n<meta name=\"robots\" content=\"index, follow, max-snippet:-1, max-image-preview:large, max-video-preview:-1\" \/>\n<link rel=\"canonical\" href=\"https:\/\/www.ibml.com\/fr\/services\/\" \/>\n<meta property=\"og:locale\" content=\"fr_FR\" \/>\n<meta property=\"og:type\" content=\"article\" \/>\n<meta property=\"og:title\" content=\"Services | https:\/\/www.ibml.com\/\" \/>\n<meta property=\"og:description\" content=\"ibml propose des services externalis\u00e9s pour num\u00e9riser votre contenu et g\u00e9rer plus efficacement les informations tout au long de leur cycle de vie. Nous pouvons aider les organisations de toutes tailles, dans tous les secteurs, avec tout type de document. Appelez-nous d\u00e8s aujourd&#039;hui\u00a0!\" \/>\n<meta property=\"og:url\" content=\"https:\/\/www.ibml.com\/fr\/services\/\" \/>\n<meta property=\"og:site_name\" content=\"https:\/\/www.ibml.com\/\" \/>\n<meta property=\"article:publisher\" content=\"https:\/\/www.facebook.com\/ibmlnews\" \/>\n<meta property=\"article:modified_time\" content=\"2021-10-04T20:56:29+00:00\" \/>\n<meta name=\"twitter:card\" content=\"summary_large_image\" \/>\n<meta name=\"twitter:site\" content=\"@ibmlnews\" \/>\n<!-- \/ Yoast SEO plugin. -->","yoast_head_json":{"title":"Services | https:\/\/www.ibml.com\/","description":"ibml propose des services externalis\u00e9s pour num\u00e9riser votre contenu et g\u00e9rer plus efficacement les informations tout au long de leur cycle de vie. Nous pouvons aider les organisations de toutes tailles, dans tous les secteurs, avec tout type de document. Appelez-nous d\u00e8s aujourd'hui\u00a0!","robots":{"index":"index","follow":"follow","max-snippet":"max-snippet:-1","max-image-preview":"max-image-preview:large","max-video-preview":"max-video-preview:-1"},"canonical":"https:\/\/www.ibml.com\/fr\/services\/","og_locale":"fr_FR","og_type":"article","og_title":"Services | https:\/\/www.ibml.com\/","og_description":"ibml propose des services externalis\u00e9s pour num\u00e9riser votre contenu et g\u00e9rer plus efficacement les informations tout au long de leur cycle de vie. Nous pouvons aider les organisations de toutes tailles, dans tous les secteurs, avec tout type de document. Appelez-nous d\u00e8s aujourd'hui\u00a0!","og_url":"https:\/\/www.ibml.com\/fr\/services\/","og_site_name":"https:\/\/www.ibml.com\/","article_publisher":"https:\/\/www.facebook.com\/ibmlnews","article_modified_time":"2021-10-04T20:56:29+00:00","twitter_card":"summary_large_image","twitter_site":"@ibmlnews","schema":{"@context":"https:\/\/schema.org","@graph":[{"@type":"WebPage","@id":"https:\/\/www.ibml.com\/fr\/services\/","url":"https:\/\/www.ibml.com\/fr\/services\/","name":"Services | https:\/\/www.ibml.com\/","isPartOf":{"@id":"https:\/\/www.ibml.com\/fr\/#website"},"datePublished":"2021-09-10T20:28:57+00:00","dateModified":"2021-10-04T20:56:29+00:00","description":"ibml propose des services externalis\u00e9s pour num\u00e9riser votre contenu et g\u00e9rer plus efficacement les informations tout au long de leur cycle de vie. Nous pouvons aider les organisations de toutes tailles, dans tous les secteurs, avec tout type de document. Appelez-nous d\u00e8s aujourd'hui\u00a0!","breadcrumb":{"@id":"https:\/\/www.ibml.com\/fr\/services\/#breadcrumb"},"inLanguage":"fr-FR","potentialAction":[{"@type":"ReadAction","target":["https:\/\/www.ibml.com\/fr\/services\/"]}]},{"@type":"BreadcrumbList","@id":"https:\/\/www.ibml.com\/fr\/services\/#breadcrumb","itemListElement":[{"@type":"ListItem","position":1,"name":"Home","item":"https:\/\/www.ibml.com\/fr\/"},{"@type":"ListItem","position":2,"name":"Services"}]},{"@type":"WebSite","@id":"https:\/\/www.ibml.com\/fr\/#website","url":"https:\/\/www.ibml.com\/fr\/","name":"https:\/\/www.ibml.com\/","description":"End-to-End Enterprise Capture Solutions","publisher":{"@id":"https:\/\/www.ibml.com\/fr\/#organization"},"potentialAction":[{"@type":"SearchAction","target":{"@type":"EntryPoint","urlTemplate":"https:\/\/www.ibml.com\/fr\/?s={search_term_string}"},"query-input":{"@type":"PropertyValueSpecification","valueRequired":true,"valueName":"search_term_string"}}],"inLanguage":"fr-FR"},{"@type":"Organization","@id":"https:\/\/www.ibml.com\/fr\/#organization","name":"IBML","url":"https:\/\/www.ibml.com\/fr\/","logo":{"@type":"ImageObject","inLanguage":"fr-FR","@id":"https:\/\/www.ibml.com\/fr\/#\/schema\/logo\/image\/","url":"https:\/\/www.ibml.com\/wp-content\/uploads\/2022\/08\/ibml-logo-dark-1.png","contentUrl":"https:\/\/www.ibml.com\/wp-content\/uploads\/2022\/08\/ibml-logo-dark-1.png","width":301,"height":149,"caption":"IBML"},"image":{"@id":"https:\/\/www.ibml.com\/fr\/#\/schema\/logo\/image\/"},"sameAs":["https:\/\/www.facebook.com\/ibmlnews","https:\/\/x.com\/ibmlnews","https:\/\/www.linkedin.com\/company\/ibml\/","https:\/\/www.youtube.com\/user\/ibmltube"]}]}},"_links":{"self":[{"href":"https:\/\/www.ibml.com\/fr\/wp-json\/wp\/v2\/pages\/3034","targetHints":{"allow":["GET"]}}],"collection":[{"href":"https:\/\/www.ibml.com\/fr\/wp-json\/wp\/v2\/pages"}],"about":[{"href":"https:\/\/www.ibml.com\/fr\/wp-json\/wp\/v2\/types\/page"}],"author":[{"embeddable":true,"href":"https:\/\/www.ibml.com\/fr\/wp-json\/wp\/v2\/users\/2"}],"replies":[{"embeddable":true,"href":"https:\/\/www.ibml.com\/fr\/wp-json\/wp\/v2\/comments?post=3034"}],"version-history":[{"count":0,"href":"https:\/\/www.ibml.com\/fr\/wp-json\/wp\/v2\/pages\/3034\/revisions"}],"wp:attachment":[{"href":"https:\/\/www.ibml.com\/fr\/wp-json\/wp\/v2\/media?parent=3034"}],"curies":[{"name":"wp","href":"https:\/\/api.w.org\/{rel}","templated":true}]}}