{"id":6472,"date":"2026-01-07T13:44:25","date_gmt":"2026-01-07T13:44:25","guid":{"rendered":"https:\/\/www.ibml.com\/loesungen\/automatisierung-der-hypothekenbearbeitung\/"},"modified":"2026-02-11T13:57:39","modified_gmt":"2026-02-11T13:57:39","slug":"automatisierung-der-hypothekenbearbeitung","status":"publish","type":"page","link":"https:\/\/www.ibml.com\/de\/automatisierung-der-hypothekenbearbeitung\/","title":{"rendered":"Automatisierung der Hypothekenbearbeitung"},"content":{"rendered":"<div style=\"max-width: 1100px; margin: 0 auto; padding: 24px 0 16px 16px; font-family: ui-sans-serif,system-ui,-apple-system,'Segoe UI',Roboto,Helvetica,Arial; color: #111827; line-height: 1.6;\" role=\"main\">\n<p><!-- 2-Column Intro SYNC --><\/p>\n<section style=\"margin: 0 0 60px 0;\"><!-- Two-column: image left, copy right --><\/p>\n<div style=\"display: flex; flex-wrap: wrap; gap: 24px; align-items: flex-start;\">\n<p><!-- Left: Image --><\/p>\n<div style=\"flex: 0 0 440px; max-width: 440px;\"><img decoding=\"async\" style=\"width: 100%; height: auto; display: block; border-radius: 12px;\" src=\"\/wp-content\/uploads\/2023\/03\/Pat-the-House.jpg\" alt=\"ibml digitale poststelle \u00fcbersicht\"><\/div>\n<p><!-- Right: Copy --><\/p>\n<div style=\"flex: 1 1 320px; min-width: 320px;\">\n<p style=\"margin: 0 0 12px 0;\">Die Hypothekenbranche steht niemals still. Wirtschaftliche Ver\u00e4nderungen, neue Vorschriften und aufstrebende Konkurrenten zwingen die Kreditgeber zu schnelleren Entscheidungen mit weniger Spielraum f\u00fcr Fehler. <\/p>\n<p style=\"margin: 0 0 12px 0;\">Aber Geschwindigkeit allein ist nicht genug. Sie sehen sich mit einer Flut von Dokumenttypen, Verz\u00f6gerungen bei der manuellen Dateneingabe, hohen Kosten und sinkenden Gewinnspannen konfrontiert. <\/p>\n<p style=\"margin: 0;\">ibml verschafft Ihnen einen Vorsprung. Unsere L\u00f6sung f\u00fcr die Dokumentenverarbeitung erm\u00f6glicht <a href=\"https:\/\/www.ibml.com\/de\/blog\/wie-die-hypothekenautomatisierung-das-kreditgeschaeft-veraendert\/\">fundierte Kreditentscheidungen<\/a>, die die Bearbeitungszeit verbessern und mit Ihnen skalieren, ohne die Einhaltung von Vorschriften oder die Kostenkontrolle zu beeintr\u00e4chtigen. <\/p>\n<\/div>\n<\/div>\n<\/section>\n<p><!-- Why Traditional Practices --><\/p>\n<section style=\"margin: 0 0 60px 0; background: rgba(104,182,49,0.08); border-radius: 20px; padding: 24px;\">\n<h2 style=\"margin-top: 0; font-size: 28px; line-height: 1.25;\">Warum traditionelle Vorgehensweisen Sie ausbremsen<\/h2>\n<p style=\"margin: 0 0 10px 0;\">Langsame Abl\u00e4ufe, stockender Informationsfluss und z\u00e4he Entscheidungen. Manuelle Prozesse ziehen alles in die L\u00e4nge, verz\u00f6gern Genehmigungen, ver\u00e4rgern Kreditnehmende und dr\u00fccken auf den ROI. <\/p>\n<ul style=\"margin: 0; padding-left: 20px;\">\n<li><strong>Unz\u00e4hlige Formulartypen und unstrukturierte Dokumente<\/strong> &#8211; von PDFs bis hin zu gescanntem Papier &#8211; Inkonsistenz macht die Extraktion langsam und fehleranf\u00e4llig.<\/li>\n<li><strong>Fehleranf\u00e4llige und veraltete manuelle Datenerfassungsprozesse<\/strong> Veraltete IDP-Systeme k\u00f6nnen mit dem heutigen Datenvolumen und der Komplexit\u00e4t der Dokumente nicht mehr Schritt halten.<\/li>\n<li><strong>Risikobasierte Entscheidungsfindung mit unz\u00e4hligen Faktoren<\/strong> Ohne schnelle, genaue Daten wird das Underwriting zum Ratespiel.<\/li>\n<li><strong>Stark regulierte Prozesse und strenge Compliance-Standards<\/strong> Compliance erfordert Genauigkeit, und manuelle Fehler f\u00fchren zu Nacharbeit und Risiken. Das Ergebnis sind geringe Gewinnspannen, die Ihr Wachstum und Ihre Wettbewerbsf\u00e4higkeit einschr\u00e4nken. <\/li>\n<\/ul>\n<\/section>\n<p><!-- Simplify Mortgage Processing Section--><\/p>\n<section style=\"margin: 0 0 60px 0; border-radius: 20px; padding: 24px;\">\n<h2 style=\"margin-top: 0; font-size: 28px; line-height: 1.25;\">Wie die Software von ibml die Bearbeitung von Hypothekendarlehen vereinfacht<\/h2>\n<ul style=\"margin: 0; padding-left: 20px;\">\n<li><strong>Automatisieren Sie die Datenextraktion f\u00fcr jeden Dokumententyp<\/strong> Erfassen und verarbeiten Sie strukturierte und unstrukturierte Dokumente &#8211; Papier oder digital &#8211; aus jeder beliebigen Quelle. Eliminieren Sie manuelle Eingaben und reduzieren Sie Fehler durch gef\u00fchrte Workflows und intelligente Automatisierung. <\/li>\n<li><strong>Sicherer Service f\u00fcr Ihr Unternehmen<\/strong> Unsere sichere KI-Software wird vor Ort oder in Ihrer privaten Cloud innerhalb Ihrer Firewalls implementiert, so dass Sie sicher sein k\u00f6nnen, dass Ihre Daten keine anderen KI-Modelle trainieren.<\/li>\n<li>Mehr Umsatz in k\u00fcrzerer Zeit \u2013 dank KI\u2011gest\u00fctztem IDP. Unsere Intelligent\u2011Document\u2011Processing\u2011L\u00f6sung arbeitet mit dom\u00e4nenspezifischen Sprachmodellen, die auf Ihren Dokumenten trainiert sind und Metadaten nahezu ohne Einrichtung und v\u00f6llig halluzinationsfrei auslesen. Sie geben nur die Prompts vor, und das System erledigt den Rest. F\u00fcr einen deutlich schnelleren ROI. <\/li>\n<li><strong>Beschleunigen Sie Ihre Erfassung mit Hochgeschwindigkeits\u2011Scanning<\/strong>. Noch Papier im Einsatz? Kein Problem. Die hochmodernen Scanner von ibml, darunter der ibml Fusion HD\u2122, verarbeiten physische Dokumente mit un\u00fcbertannter Geschwindigkeit. Seit \u00fcber 30 Jahren sind wir f\u00fchrend in der intelligenten Dokumentenerfassung.   <\/li>\n<\/ul>\n<\/section>\n<p><!-- Benefits --><\/p>\n<section style=\"margin: 0 0 40px 0; background: rgba(104,182,49,0.08); border-radius: 20px; padding: 24px; color: #111827;\">\n<h2 style=\"margin-top: 0; font-size: 28px; line-height: 1.25;\">Vorteile der Automatisierung der Darlehensbearbeitung mit ibml<\/h2>\n<ul style=\"margin: 0; padding-left: 20px;\">\n<li><strong>Schnellere Kreditgenehmigungen<\/strong> Beschleunigen Sie die Entscheidungsfindung durch sofortige Datenverf\u00fcgbarkeit f\u00fcr Ihr Loan Origination System (LOS) und reduzierte Zykluszeiten.<\/li>\n<li><strong>Niedrigere Betriebskosten<\/strong> Eliminieren Sie manuelle Arbeit und reduzieren Sie Fehler, um Zeit und Geld zu sparen.<\/li>\n<li><strong>Compliance mit Vertrauen.<\/strong> Bleiben Sie jederzeit auditbereit dank sicherer, nachvollziehbarer Dokumentenverarbeitungs\u2011Workflows.<\/li>\n<li><strong>Echtzeit-Transparenz<\/strong> Verfolgen Sie Dokumente und Daten in Ihrer gesamten Pipeline mit erweiterten Analysen und Dashboards.<\/li>\n<li><strong>Einheitliche Datenerfassung<\/strong> Konsolidieren Sie Papier- und digitale Arbeitsabl\u00e4ufe in einem einzigen, optimierten Prozess.<\/li>\n<\/ul>\n<\/section>\n<p><!-- Two-column: image left, copy right --><\/p>\n<section style=\"margin: 0 0 60px 0;\">\n<div style=\"display: flex; flex-wrap: wrap; gap: 24px; align-items: flex-start;\">\n<p><!-- Left: Image --><\/p>\n<div style=\"flex: 0 0 440px; max-width: 440px;\"><img decoding=\"async\" style=\"width: 100%; height: auto; display: block; border-radius: 12px;\" src=\"\/wp-content\/uploads\/2023\/04\/Mortgage-Software-Blog-516x344.jpg\" alt=\"ibml L\u00f6sungen f\u00fcr die digitale Poststelle\"><\/div>\n<p><!-- Right: Copy --><\/p>\n<div style=\"flex: 1 1 320px; min-width: 320px;\">\n<h2 style=\"margin: 0 0 12px 0;\">Deshalb ist ibml die erste Wahl.<\/h2>\n<p style=\"margin: 0 0 12px 0;\">ibml bietet Ihnen die Technologie und das Fachwissen, das Sie ben\u00f6tigen, um schneller voranzukommen, die Vorschriften einzuhalten und Ihre Gewinnmargen zu erh\u00f6hen. Mit einer nachweislichen Erfolgsbilanz bei der intelligenten Dokumentenverarbeitung verschaffen wir Kreditgebern einen Wettbewerbsvorteil. <\/p>\n<ul style=\"margin: 0 0 12px 20px; padding: 0;\">\n<li style=\"margin: 0 0 8px 0;\"><b>ibml Capture Suite:<\/b> KI-gest\u00fctzte Software zur sicheren intelligenten Dokumentenverarbeitung f\u00fcr die Klassifizierung und Extraktion von Metadaten.<\/li>\n<li style=\"margin: 0 0 8px 0;\"><b>ibml Fusion HD:<\/b> Branchenf\u00fchrender Hochgeschwindigkeitsscanner f\u00fcr un\u00fcbertroffenen Durchsatz<\/li>\n<\/ul>\n<\/div>\n<\/div>\n<\/section>\n<p><!-- CTA Interstitial --><\/p>\n<section style=\"margin: 0 0 40px 0; border-radius: 20px; padding: 60px 24px; text-align: center;\">\n<h2 style=\"margin: 0 0 24px 0; font-size: 36px; line-height: 1.3; color: #111827;\">Beschleunigen Sie Ihre Hypothekenbearbeitung noch heute<\/h2>\n<p><a style=\"display: inline-block; padding: 10px 24px; border-radius: 999px; background: #20de87; color: #fff; text-decoration: none; font-weight: bold; font-size: 18px; box-shadow: 0 6px 18px rgba(32,222,135,.25);\" href=\"https:\/\/www.ibml.com\/consult-an-expert\">Sprechen Sie mit einem Experten<br \/>\n<\/a><\/p>\n<\/section>\n<p><!-- Explore More --><\/p>\n<section style=\"background: rgba(104,182,49,0.08); padding: 40px 20px; margin: 0 0 40px 0;\">\n<div style=\"max-width: 900px; margin: 0 auto;\">\n<h2 style=\"margin: 0 0 20px 0; font-size: 28px; line-height: 1.25; color: #111827;\">Lesen Sie mehr \u00fcber Mortgage Loan Automation<\/h2>\n<div style=\"display: flex; flex-wrap: wrap; gap: 20px; align-items: flex-start;\">\n<div style=\"flex: 0 0 150px;\"><img decoding=\"async\" style=\"width: 100%; height: auto; display: block; border-radius: 8px;\" src=\"\/wp-content\/uploads\/2024\/06\/icon-automate.png\" alt=\"Jetzt mehr erfahren\"><\/div>\n<div style=\"flex: 1; min-width: 250px;\">\n<ul style=\"margin: 0 0 0 40px; padding: 0; list-style: none;\">\n<li style=\"margin: 0 0 8px 0;\"><a style=\"color: #1f2937; text-decoration: underline;\" href=\"6 Anwendungsf\u00e4lle f\u00fcr automatisierte Hypothekenbearbeitung\">Automatisierte Hypothekenbearbeitung: 6 Anwendungsf\u00e4lle, die echte Herausforderungen l\u00f6sen<\/a><\/li>\n<li style=\"margin: 0 0 8px 0;\"><a style=\"color: #1f2937; text-decoration: underline;\" href=\"https:\/\/www.ibml.com\/de\/blog\/automatisierte-hypothekenbearbeitung-6-anwendungsfaelle-die-echte-herausforderungen-loesen\/\">Wie die Hypothekenautomatisierung das Kreditgesch\u00e4ft ver\u00e4ndert<\/a><\/li>\n<li style=\"margin: 0 0 8px 0;\"><a style=\"color: #1f2937; text-decoration: underline;\" href=\"https:\/\/www.ibml.com\/de\/blog\/warum-kreditverwaltungsunternehmen-intelligente-software-zur-hypothekenautomatisierung-benoetigen\/\">Warum Kreditverwaltungsunternehmen intelligente Software zur Hypothekenautomatisierung ben\u00f6tigen<\/a><\/li>\n<li style=\"margin: 0 0 8px 0;\"><a style=\"color: #1f2937; text-decoration: underline;\" href=\"https:\/\/www.ibml.com\/de\/blog\/kreditbearbeitung-leicht-gemacht-grundlagen-top-tools-im-ueberblick\/\">Kreditbearbeitung leicht gemacht: Grundlagen &amp; Top-Tools im \u00dcberblick<\/a><\/li>\n<\/ul>\n<\/div>\n<\/div>\n<\/div>\n<\/section>\n<p><!-- FAQ --><\/p>\n<section style=\"margin: 0 0 40px 0;\">\n<h2 style=\"margin: 0 0 16px 0; font-size: 28px; line-height: 1.25;\">H\u00e4ufig gestellte Fragen<\/h2>\n<details style=\"border: 1px solid #e5e7eb; border-radius: 12px; margin: 0 0 10px 0; background: #ffffff;\">\n<summary style=\"cursor: pointer; font-weight: 600; list-style: none; outline: none; background: #000000; color: #ffffff; padding: 14px 16px; border-radius: 12px 12px 0 0;\">Wie hilft die Automatisierung bei der Bearbeitung von Hypotheken?<\/summary>\n<div style=\"padding: 14px 16px; color: #374151;\">Die Automatisierung beschleunigt Genehmigungen, reduziert manuelle Eingaben und verbessert die Genauigkeit. So k\u00f6nnen sich die Teams auf hochwertige Aufgaben konzentrieren und gleichzeitig die Betriebskosten und Compliance-Risiken senken. <\/div>\n<\/details>\n<details style=\"border: 1px solid #e5e7eb; border-radius: 12px; margin: 0 0 10px 0; background: #ffffff;\">\n<summary style=\"cursor: pointer; font-weight: 600; list-style: none; outline: none; background: #000000; color: #ffffff; padding: 14px 16px; border-radius: 12px 12px 0 0;\">K\u00f6nnen die L\u00f6sungen von ibml zur automatisierten Verarbeitung von Hypotheken aus allen Dokumenttypen extrahieren?<\/summary>\n<div style=\"padding: 14px 16px; color: #374151;\">Ja. Die Dokumentenverarbeitungsl\u00f6sung von ibml erfasst strukturierte und unstrukturierte Informationen aus einer Vielzahl von Kreditdokumenten, unabh\u00e4ngig vom Format. Mit KI-gesteuerten Modellen passt sich das System schnell an neue Dokumententypen an.  <\/div>\n<\/details>\n<details style=\"border: 1px solid #e5e7eb; border-radius: 12px; margin: 0 0 10px 0; background: #ffffff;\">\n<summary style=\"cursor: pointer; font-weight: 600; list-style: none; outline: none; background: #000000; color: #ffffff; padding: 14px 16px; border-radius: 12px 12px 0 0;\">Ist die Plattform von ibml f\u00fcr kleine und gro\u00dfe Kreditgeber skalierbar?<\/summary>\n<div style=\"padding: 14px 16px; color: #374151;\">Nat\u00fcrlich. Egal, ob Sie Hunderte oder Tausende Dokumente verarbeiten, Sie zahlen nur f\u00fcr die tats\u00e4chliche Nutzung. <\/div>\n<\/details>\n<details style=\"border: 1px solid #e5e7eb; border-radius: 12px; margin: 0 0 10px 0; background: #ffffff;\">\n<summary style=\"cursor: pointer; font-weight: 600; list-style: none; outline: none; background: #000000; color: #ffffff; padding: 14px 16px; border-radius: 12px 12px 0 0;\">Welche Arten von Hypothekendokumenten kann ibml bearbeiten?<\/summary>\n<div style=\"padding: 14px 16px; color: #374151;\">ibml kann Kreditantr\u00e4ge, W-2s, Steuerformulare, Kontoausz\u00fcge, Gehaltsabrechnungen, Offenlegungen, Abschlussdokumente und mehr bearbeiten. Unsere KI-L\u00f6sung mit dom\u00e4nenspezifischen Sprachmodellen kann mit nur wenigen Beispielen schnell auf Ihre spezifischen Dokumententypen trainiert werden. <\/div>\n<\/details>\n<details style=\"border: 1px solid #e5e7eb; border-radius: 12px; margin: 0 0 10px 0; background: #ffffff;\">\n<summary style=\"cursor: pointer; font-weight: 600; list-style: none; outline: none; background: #000000; color: #ffffff; padding: 14px 16px; border-radius: 12px 12px 0 0;\">L\u00e4sst sich die IDP-L\u00f6sung von ibml in bestehende Kreditvergabesysteme (LOS) integrieren?<\/summary>\n<div style=\"padding: 14px 16px; color: #374151;\">Die Dokumentenerfassungssoftware von ibml ist flexibel und kann in das Kreditvergabesystem Ihrer Wahl integriert werden, so dass ein nahtloser Datenfluss in Ihre bestehenden Systeme gew\u00e4hrleistet ist, ohne den Betrieb zu unterbrechen.<\/div>\n<\/details>\n<details style=\"border: 1px solid #e5e7eb; border-radius: 12px; margin: 0 0 10px 0; background: #ffffff;\">\n<summary style=\"cursor: pointer; font-weight: 600; list-style: none; outline: none; background: #000000; color: #ffffff; padding: 14px 16px; border-radius: 12px 12px 0 0;\">Kann ibml dazu beitragen, Ausnahmen und Nacharbeit bei der Kreditbearbeitung zu reduzieren?<\/summary>\n<div style=\"padding: 14px 16px; color: #374151;\">Ja. Durch die Automatisierung der Dokumentenklassifizierung und Datenextraktion reduziert ibml menschliche Fehler und minimiert Ausnahmen, die zu kostspieligen Nacharbeiten und Verz\u00f6gerungen f\u00fchren. <\/div>\n<\/details>\n<details style=\"border: 1px solid #e5e7eb; border-radius: 12px; margin: 0 0 10px 0; background: #ffffff;\">\n<summary style=\"cursor: pointer; font-weight: 600; list-style: none; outline: none; background: #000000; color: #ffffff; padding: 14px 16px; border-radius: 12px 12px 0 0;\">Welche Art von Unterst\u00fctzung bietet ibml nach der Implementierung?<\/summary>\n<div style=\"padding: 14px 16px; color: #374151;\">ibml bietet 24\/7 technische Unterst\u00fctzung durch Helpdesks, damit Ihre Automatisierung reibungslos funktioniert.<\/div>\n<\/details>\n<details style=\"border: 1px solid #e5e7eb; border-radius: 12px; margin: 0 0 10px 0; background: #ffffff;\">\n<summary style=\"cursor: pointer; font-weight: 600; list-style: none; outline: none; background: #000000; color: #ffffff; padding: 14px 16px; border-radius: 12px 12px 0 0;\">Wie lange dauert die Implementierung?<\/summary>\n<div style=\"padding: 14px 16px; color: #374151;\">Die KI-gest\u00fctzten L\u00f6sungen von ibml sind f\u00fcr eine schnelle Einrichtung konzipiert. Unsere KI-Modelle sind auf Ihre Dokumente zugeschnitten und k\u00f6nnen in nur wenigen Minuten oder Stunden auf Ihre Dokumenttypen trainiert werden. <\/div>\n<\/details>\n<details style=\"border: 1px solid #e5e7eb; border-radius: 12px; margin: 0 0 10px 0; background: #ffffff;\">\n<summary style=\"cursor: pointer; font-weight: 600; list-style: none; outline: none; background: #000000; color: #ffffff; padding: 14px 16px; border-radius: 12px 12px 0 0;\">Wie \u00fcberwindet ibml die Halluzinationen der KI?<\/summary>\n<div style=\"padding: 14px 16px; color: #374151;\">Die einzigartige propriet\u00e4re Technologie von ibml erm\u00f6glicht es Benutzern, Vertrauensstufen festzulegen und Menschen in der Schleife zu aktivieren, um Halluzinationen zu verhindern.<\/div>\n<\/details>\n<\/section>\n<p><!-- CTA Interstitial --><\/p>\n<section style=\"margin: 0 0 40px 0; background: rgba(104,182,49,0.08); border-radius: 20px; padding: 60px 24px; text-align: center;\">\n<h2 style=\"margin: 0 0 16px 0; font-size: 32px; line-height: 1.3; color: #111827;\">Sind Sie bereit, Ihr Hypothekengesch\u00e4ft zu verbessern?<\/h2>\n<p style=\"margin: 0 0 24px 0; font-size: 18px; color: #111827;\">Transformieren Sie Ihren Kreditvergabe-Workflow und steigern Sie Ihre Rentabilit\u00e4t mit den intelligenten Dokumentenverarbeitungsl\u00f6sungen von ibml.<\/p>\n<div style=\"display: inline-flex; flex-wrap: wrap; gap: 12px; justify-content: center;\"><a style=\"padding: 10px 24px; border-radius: 999px; background: #20de87; color: #fff; text-decoration: none; font-weight: bold; font-size: 18px; box-shadow: 0 6px 18px rgba(32,222,135,.25);\" href=\"https:\/\/www.ibml.com\/de\/ueber-uns\/demo-anfordern\/\">Demo anfordern<\/a><\/p>\n<p><a style=\"padding: 10px 24px; border-radius: 999px; background: #ffffff; color: #111827; text-decoration: none; font-weight: bold; font-size: 18px; border: 1px solid #e5e7eb;\" href=\"https:\/\/www.ibml.com\/consult-an-expert\">Kontaktieren Sie unser Team<\/a><\/div>\n<\/section>\n<\/div>\n","protected":false},"excerpt":{"rendered":"<p>Die Hypothekenbranche steht niemals still. Wirtschaftliche Ver\u00e4nderungen, neue Vorschriften und aufstrebende Konkurrenten zwingen die Kreditgeber zu schnelleren Entscheidungen mit weniger Spielraum f\u00fcr Fehler. Aber Geschwindigkeit allein ist nicht genug. Sie sehen sich mit einer Flut von Dokumenttypen, Verz\u00f6gerungen bei der manuellen Dateneingabe, hohen Kosten und sinkenden Gewinnspannen konfrontiert. ibml verschafft Ihnen einen Vorsprung. Unsere L\u00f6sung [&hellip;]<\/p>\n","protected":false},"author":10,"featured_media":0,"parent":6684,"menu_order":0,"comment_status":"closed","ping_status":"closed","template":"template-basic-content.php","meta":{"_acf_changed":false,"content-type":"","_crsspst_to_ibmldevwpenginecom":false,"_crsspst_to_wwwibmlcom":false,"footnotes":""},"class_list":["post-6472","page","type-page","status-publish","hentry"],"acf":{"flexible_content":null,"address":"","phone":"","background_image":null,"headline":"","cta_label":"","cta_url":null,"new_window":false,"sub-headline":"Skalieren Sie Ihr Hypothekengesch\u00e4ft und maximieren Sie Ihre Gewinne mit den intelligenten Dokumentenverarbeitungsl\u00f6sungen von ibml","sub_sub_headline":""},"yoast_head":"<!-- This site is optimized with the Yoast SEO plugin v26.9 - https:\/\/yoast.com\/product\/yoast-seo-wordpress\/ -->\n<title>Automatisierung der Hypothekenbearbeitung | ibml L\u00f6sungen f\u00fcr die Dokumentenverarbeitung<\/title>\n<meta name=\"description\" content=\"Automatisieren Sie die Bearbeitung von Hypotheken mit der intelligenten Dokumentenerfassungssoftware von ibml. Schnellere Genehmigungen, geringere Kosten und optimierte Arbeitsabl\u00e4ufe mit fortschrittlicher Dokumentenverarbeitung\" \/>\n<meta name=\"robots\" content=\"index, follow, max-snippet:-1, max-image-preview:large, max-video-preview:-1\" \/>\n<link rel=\"canonical\" href=\"https:\/\/www.ibml.com\/de\/automatisierung-der-hypothekenbearbeitung\/\" \/>\n<meta property=\"og:locale\" content=\"de_DE\" \/>\n<meta property=\"og:type\" content=\"article\" \/>\n<meta property=\"og:title\" content=\"Automatisierung der Hypothekenbearbeitung | ibml L\u00f6sungen f\u00fcr die Dokumentenverarbeitung\" \/>\n<meta property=\"og:description\" content=\"Automatisieren Sie die Bearbeitung von Hypotheken mit der intelligenten Dokumentenerfassungssoftware von ibml. Schnellere Genehmigungen, geringere Kosten und optimierte Arbeitsabl\u00e4ufe mit fortschrittlicher Dokumentenverarbeitung\" \/>\n<meta property=\"og:url\" content=\"https:\/\/www.ibml.com\/de\/automatisierung-der-hypothekenbearbeitung\/\" \/>\n<meta property=\"og:site_name\" content=\"https:\/\/www.ibml.com\/\" \/>\n<meta property=\"article:publisher\" content=\"https:\/\/www.facebook.com\/ibmlnews\" \/>\n<meta property=\"article:modified_time\" content=\"2026-02-11T13:57:39+00:00\" \/>\n<meta name=\"twitter:card\" content=\"summary_large_image\" \/>\n<meta name=\"twitter:site\" content=\"@ibmlnews\" \/>\n<meta name=\"twitter:label1\" content=\"Gesch\u00e4tzte Lesezeit\" \/>\n\t<meta name=\"twitter:data1\" content=\"5 Minuten\" \/>\n<!-- \/ Yoast SEO plugin. -->","yoast_head_json":{"title":"Automatisierung der Hypothekenbearbeitung | ibml L\u00f6sungen f\u00fcr die Dokumentenverarbeitung","description":"Automatisieren Sie die Bearbeitung von Hypotheken mit der intelligenten Dokumentenerfassungssoftware von ibml. Schnellere Genehmigungen, geringere Kosten und optimierte Arbeitsabl\u00e4ufe mit fortschrittlicher Dokumentenverarbeitung","robots":{"index":"index","follow":"follow","max-snippet":"max-snippet:-1","max-image-preview":"max-image-preview:large","max-video-preview":"max-video-preview:-1"},"canonical":"https:\/\/www.ibml.com\/de\/automatisierung-der-hypothekenbearbeitung\/","og_locale":"de_DE","og_type":"article","og_title":"Automatisierung der Hypothekenbearbeitung | ibml L\u00f6sungen f\u00fcr die Dokumentenverarbeitung","og_description":"Automatisieren Sie die Bearbeitung von Hypotheken mit der intelligenten Dokumentenerfassungssoftware von ibml. Schnellere Genehmigungen, geringere Kosten und optimierte Arbeitsabl\u00e4ufe mit fortschrittlicher Dokumentenverarbeitung","og_url":"https:\/\/www.ibml.com\/de\/automatisierung-der-hypothekenbearbeitung\/","og_site_name":"https:\/\/www.ibml.com\/","article_publisher":"https:\/\/www.facebook.com\/ibmlnews","article_modified_time":"2026-02-11T13:57:39+00:00","twitter_card":"summary_large_image","twitter_site":"@ibmlnews","twitter_misc":{"Gesch\u00e4tzte Lesezeit":"5 Minuten"},"schema":{"@context":"https:\/\/schema.org","@graph":[{"@type":"WebPage","@id":"https:\/\/www.ibml.com\/de\/automatisierung-der-hypothekenbearbeitung\/","url":"https:\/\/www.ibml.com\/de\/automatisierung-der-hypothekenbearbeitung\/","name":"Automatisierung der Hypothekenbearbeitung | ibml L\u00f6sungen f\u00fcr die Dokumentenverarbeitung","isPartOf":{"@id":"https:\/\/www.ibml.com\/de\/#website"},"datePublished":"2026-01-07T13:44:25+00:00","dateModified":"2026-02-11T13:57:39+00:00","description":"Automatisieren Sie die Bearbeitung von Hypotheken mit der intelligenten Dokumentenerfassungssoftware von ibml. Schnellere Genehmigungen, geringere Kosten und optimierte Arbeitsabl\u00e4ufe mit fortschrittlicher Dokumentenverarbeitung","breadcrumb":{"@id":"https:\/\/www.ibml.com\/de\/automatisierung-der-hypothekenbearbeitung\/#breadcrumb"},"inLanguage":"de-DE","potentialAction":[{"@type":"ReadAction","target":["https:\/\/www.ibml.com\/de\/automatisierung-der-hypothekenbearbeitung\/"]}]},{"@type":"BreadcrumbList","@id":"https:\/\/www.ibml.com\/de\/automatisierung-der-hypothekenbearbeitung\/#breadcrumb","itemListElement":[{"@type":"ListItem","position":1,"name":"Home","item":"https:\/\/www.ibml.com\/de\/3109-2\/"},{"@type":"ListItem","position":2,"name":"L\u00f6sungen","item":"https:\/\/www.ibml.com\/de\/loesungen\/"},{"@type":"ListItem","position":3,"name":"Automatisierung der Hypothekenbearbeitung"}]},{"@type":"WebSite","@id":"https:\/\/www.ibml.com\/de\/#website","url":"https:\/\/www.ibml.com\/de\/","name":"https:\/\/www.ibml.com\/","description":"End-to-End Enterprise Capture Solutions","publisher":{"@id":"https:\/\/www.ibml.com\/de\/#organization"},"potentialAction":[{"@type":"SearchAction","target":{"@type":"EntryPoint","urlTemplate":"https:\/\/www.ibml.com\/de\/?s={search_term_string}"},"query-input":{"@type":"PropertyValueSpecification","valueRequired":true,"valueName":"search_term_string"}}],"inLanguage":"de-DE"},{"@type":"Organization","@id":"https:\/\/www.ibml.com\/de\/#organization","name":"IBML","url":"https:\/\/www.ibml.com\/de\/","logo":{"@type":"ImageObject","inLanguage":"de-DE","@id":"https:\/\/www.ibml.com\/de\/#\/schema\/logo\/image\/","url":"https:\/\/www.ibml.com\/wp-content\/uploads\/2022\/08\/ibml-logo-dark-1.png","contentUrl":"https:\/\/www.ibml.com\/wp-content\/uploads\/2022\/08\/ibml-logo-dark-1.png","width":301,"height":149,"caption":"IBML"},"image":{"@id":"https:\/\/www.ibml.com\/de\/#\/schema\/logo\/image\/"},"sameAs":["https:\/\/www.facebook.com\/ibmlnews","https:\/\/x.com\/ibmlnews","https:\/\/www.linkedin.com\/company\/ibml\/","https:\/\/www.youtube.com\/user\/ibmltube"]}]}},"_links":{"self":[{"href":"https:\/\/www.ibml.com\/de\/wp-json\/wp\/v2\/pages\/6472","targetHints":{"allow":["GET"]}}],"collection":[{"href":"https:\/\/www.ibml.com\/de\/wp-json\/wp\/v2\/pages"}],"about":[{"href":"https:\/\/www.ibml.com\/de\/wp-json\/wp\/v2\/types\/page"}],"author":[{"embeddable":true,"href":"https:\/\/www.ibml.com\/de\/wp-json\/wp\/v2\/users\/10"}],"replies":[{"embeddable":true,"href":"https:\/\/www.ibml.com\/de\/wp-json\/wp\/v2\/comments?post=6472"}],"version-history":[{"count":0,"href":"https:\/\/www.ibml.com\/de\/wp-json\/wp\/v2\/pages\/6472\/revisions"}],"up":[{"embeddable":true,"href":"https:\/\/www.ibml.com\/de\/wp-json\/wp\/v2\/pages\/6684"}],"wp:attachment":[{"href":"https:\/\/www.ibml.com\/de\/wp-json\/wp\/v2\/media?parent=6472"}],"curies":[{"name":"wp","href":"https:\/\/api.w.org\/{rel}","templated":true}]}}