{"id":6416,"date":"2025-11-18T15:53:09","date_gmt":"2025-11-18T15:53:09","guid":{"rendered":"https:\/\/ibmlstaging.wpengine.com\/loesungen\/onboarding-software-fuer-kunden-2\/"},"modified":"2026-01-13T16:12:36","modified_gmt":"2026-01-13T16:12:36","slug":"onboarding-software-fuer-kunden-2","status":"publish","type":"page","link":"https:\/\/www.ibml.com\/de\/onboarding-software-fuer-kunden-2\/","title":{"rendered":"Onboarding-Software f\u00fcr Kunden"},"content":{"rendered":"<div style=\"max-width: 1100px; margin: 0 auto; padding: 24px 0 16px 16px; font-family: ui-sans-serif,system-ui,-apple-system,'Segoe UI',Roboto,Helvetica,Arial; color: #111827; line-height: 1.6;\" role=\"main\">\n<p><!-- 2-Column Intro --><\/p>\n<section style=\"margin: 0 0 60px 0;\"><!-- Two-column: image left, copy right --><\/p>\n<div style=\"display: flex; flex-wrap: wrap; gap: 24px; align-items: flex-start;\">\n<p><!-- Left: Image --><\/p>\n<div style=\"flex: 0 0 440px; max-width: 440px;\"><img decoding=\"async\" style=\"width: 100%; height: auto; display: block; border-radius: 12px;\" src=\"\/wp-content\/uploads\/2022\/01\/Banking-CustomerService.jpg\" alt=\"ibml Kundenonboarding Review\"><\/div>\n<p><!-- Right: Copy --><\/p>\n<div style=\"flex: 1 1 320px; min-width: 320px;\">\n<p style=\"margin: 0 0 12px 0;\">Der Onboarding-Prozess pr\u00e4gt die gesamte Kundenbeziehung. Trotzdem verlassen sich viele Unternehmen noch immer auf manuelle Verfahren, die ineffizient sind, Fehler verursachen und wertvolle Zeit kosten. <\/p>\n<p style=\"margin: 0 0 12px 0;\">Das Ergebnis? Verpasste Gelegenheiten. Verlorene Auftr\u00e4ge. Und hochwertige Interessenten, die Ihrem Konkurrenten direkt in die Arme laufen.   <\/p>\n<p style=\"margin: 0;\">Vorausschauende Unternehmen wissen, dass das Onboarding ein einfacher, schneller Prozess sein muss. Manuelles Onboarding kostet Zeit und Energie. Mitarbeiter verzetteln sich bei der erneuten Eingabe von Daten, der Nachverfolgung von Dokumenten, der Korrektur von Fehlern und der Suche nach Dokumenten \u00fcber unzusammenh\u00e4ngende Kundenkommunikationskan\u00e4le. Je manueller der Prozess ist, desto langsamer ist das Onboarding und desto gr\u00f6\u00dfer ist das Risiko von Reibungen und Fehlschl\u00e4gen.   <\/p>\n<\/div>\n<\/div>\n<\/section>\n<p><!-- Why Traditional Mailrooms --><\/p>\n<section style=\"margin: 0 0 60px 0; border-radius: 20px; padding: 24px;\">\n<h2 style=\"margin-top: 0; font-size: 28px; line-height: 1.25;\">Warum traditionelle Onboarding\u2011Methoden Sie ausbremsen<\/h2>\n<ul style=\"margin: 0; padding-left: 20px;\">\n<li><strong>Lange Durchlaufzeiten:<\/strong> Die manuelle Erfassung und Weiterleitung verz\u00f6gert das Onboarding, bremst den Umsatz und schreckt potenzielle Kunden ab.<\/li>\n<li><strong>Hohe Kosten:<\/strong> Ein arbeitsintensives Onboarding f\u00fchrt mit der Zeit zu teuren Ineffizienzen und frustrierten Mitarbeitern.<\/li>\n<li><strong>Datenchaos:<\/strong> Verstreute Dateien und fehlende Informationen zwingen Kunden dazu, Dokumente erneut zu senden und verlangsamen alles.<\/li>\n<li><strong>Eingeschr\u00e4nkte Transparenz:<\/strong> Wenn Ihr Team nicht auf die ben\u00f6tigten Daten zugreifen kann, leidet der Service und es kommt zu Engp\u00e4ssen.<\/li>\n<li><strong>Informationssilos<\/strong>: Siloartige Informationsstrukturen entstehen, wenn Kommunikationskan\u00e4le nicht miteinander vernetzt sind. Das f\u00fchrt zu redundanten Prozessen und erh\u00f6ht die Fehleranf\u00e4lligkeit \u2013 zum Nachteil von Kunden und Unternehmen. <\/li>\n<\/ul>\n<\/section>\n<p><!-- Benefits --><\/p>\n<section style=\"margin: 0 0 40px 0; background: rgba(104,182,49,0.08); border-radius: 20px; padding: 24px; color: #111827;\">\n<h2 style=\"margin-top: 0; font-size: 28px; line-height: 1.25;\">Vorteile des Onboarding von Kunden mit der automatisierten L\u00f6sung von ibml<\/h2>\n<ul style=\"margin: 0; padding-left: 20px;\">\n<li><strong>Schneller zum Umsatz: <\/strong>Beschleunigen Sie jeden Schritt im Onboarding mit Automatisierung und Echtzeitdaten.<\/li>\n<li><strong>Niedrigere Betriebskosten:<\/strong> Eliminieren Sie \u00fcberfl\u00fcssige Aufgaben und reduzieren Sie die Kosten und Fehler der arbeitsintensiven Verarbeitung.<\/li>\n<li><strong>Verbesserte Kundenzufriedenheit:<\/strong> Bieten Sie ein nahtloses, effizientes Erlebnis, das einen hervorragenden ersten Eindruck hinterl\u00e4sst.<\/li>\n<li><strong>H\u00f6here Datengenauigkeit:<\/strong> Reduzieren Sie manuelle Fehler und stellen Sie die Datenintegrit\u00e4t \u00fcber alle Kan\u00e4le hinweg sicher.<\/li>\n<li><strong>Skalierbarkeit:<\/strong> Skalieren Sie Ihren Onboarding-Prozess, wenn Ihr Kundenstamm w\u00e4chst, ohne die Zahl der Mitarbeiter zu erh\u00f6hen.<\/li>\n<\/ul>\n<\/section>\n<p><!-- Two-column: image left, copy right --><\/p>\n<section style=\"margin: 0 0 60px 0;\">\n<div style=\"display: flex; flex-wrap: wrap; gap: 24px; align-items: flex-start;\">\n<p><!-- Left: Image --><\/p>\n<div style=\"flex: 0 0 440px; max-width: 440px;\"><img decoding=\"async\" style=\"width: 100%; height: auto; display: block; border-radius: 12px;\" src=\"\/wp-content\/uploads\/2022\/03\/shutterstock_583591831-1000x322.jpg\" alt=\"ibml L\u00f6sungen f\u00fcr das Onboarding von Kunden\"><\/div>\n<p><!-- Right: Copy --><\/p>\n<div style=\"flex: 1 1 320px; min-width: 320px;\">\n<h2 style=\"margin: 0 0 12px 0;\">Deshalb ist ibml die erste Wahl.<\/h2>\n<p style=\"margin: 0 0 12px 0;\">Modernes Onboarding erfordert moderne Tools. Mit ibml erhalten Sie eine leistungsstarke, speziell entwickelte Technologie, die Ihr Onboarding von einer Belastung zu einem Wettbewerbsvorteil macht. <\/p>\n<ul style=\"margin: 0 0 12px 20px; padding: 0;\">\n<li style=\"margin: 0 0 8px 0;\">ibml Fusion HD: Hochgeschwindigkeits-Dokumentenscanning f\u00fcr sichere, hochvolumige Erfassung.<\/li>\n<li style=\"margin: 0 0 8px 0;\">ibml Capture Suite: Sichere KI-gest\u00fctzte L\u00f6sung f\u00fcr die Dokumentenverarbeitung zur Beschleunigung der Datenerfassung aus isolierten Kommunikationsquellen in das Unternehmenssystem Ihrer Wahl.<\/li>\n<\/ul>\n<\/div>\n<\/div>\n<\/section>\n<p><!-- CTA Interstitial --><\/p>\n<section style=\"margin: 0 0 40px 0; background: rgba(104,182,49,0.08); border-radius: 20px; padding: 60px 24px; text-align: center;\">\n<h2 style=\"margin: 0 0 24px 0; font-size: 36px; line-height: 1.3; color: #111827;\">Transformieren Sie Ihr Onboarding heute<\/h2>\n<p><a style=\"display: inline-block; padding: 10px 24px; border-radius: 999px; background: #20de87; color: #fff; text-decoration: none; font-weight: bold; font-size: 18px; box-shadow: 0 6px 18px rgba(32,222,135,.25);\" href=\"https:\/\/www.ibml.com\/de\/ueber-uns\/konsultieren-sie-einen-experten\/\">Sprechen Sie mit einem Experten<\/a><\/p>\n<\/section>\n<p><!-- How it Works --><\/p>\n<section style=\"margin: 0 0 40px 0; padding: 40px 20px 0 20px;\">\n<div style=\"max-width: 1100px; margin: 0 auto;\">\n<h2 style=\"margin-top: 0; font-size: 28px; line-height: 1.25;\">So funktioniert die Onboarding-L\u00f6sung von ibml<\/h2>\n<ul style=\"margin: 0; padding-left: 20px;\">\n<li><strong>Zusammentragen:<\/strong> Bringen Sie alle Onboarding-Dokumente, von Papier und E-Mail bis zu Webformularen oder Faxen, in ein einheitliches System. Identifizieren Sie Kunden automatisch mit KI-gest\u00fctzter Markierung und Klassifizierung. <\/li>\n<li><strong>Erfassen:<\/strong> Nutzen Sie die intelligente Datenextraktion, um Informationen aus jeder Art von Dokument &#8211; ob strukturiert oder unstrukturiert &#8211; zu extrahieren, um die manuelle Eingabe zu vermeiden und die nachgelagerte Bereitstellung zu beschleunigen.<\/li>\n<li><strong>Integrieren:<\/strong> Durch die nahtlose Integration in das System Ihrer Wahl k\u00f6nnen Sie die erfassten Daten direkt in Ihr CRM hochladen und so Verz\u00f6gerungen und manuelle Eingriffe minimieren.<\/li>\n<li><strong>Sichern:<\/strong> Sch\u00fctzen Sie sensible Informationen mit einer privaten KI-gest\u00fctzten L\u00f6sung, die in Ihrer Umgebung arbeitet, auf Ihren Daten trainiert wird und niemals mit \u00f6ffentlichen Modellen geteilt wird.<\/li>\n<\/ul>\n<\/div>\n<\/section>\n<p><!-- Explore More --><\/p>\n<section style=\"background: rgba(104,182,49,0.08); padding: 40px 20px; margin: 0 0 40px 0;\">\n<div style=\"max-width: 900px; margin: 0 auto;\">\n<h2 style=\"margin: 0 0 20px 0; font-size: 28px; line-height: 1.25; color: #111827;\">Jetzt mehr erfahren<\/h2>\n<div style=\"display: flex; flex-wrap: wrap; gap: 20px; align-items: flex-start;\">\n<div style=\"flex: 0 0 150px;\"><img decoding=\"async\" style=\"width: 100%; height: auto; display: block; border-radius: 8px;\" src=\"https:\/\/www.ibml.com\/wp-content\/uploads\/2024\/06\/icon-automate.png\" alt=\"Jetzt mehr erfahren\"><\/div>\n<div style=\"flex: 1; min-width: 250px;\">\n<ul style=\"margin: 0 0 0 40px; padding: 0; list-style: none;\">\n<li style=\"margin: 0 0 8px 0;\"><a style=\"color: #1f2937; text-decoration: underline;\" href=\"#\">Leitfaden \u201eModernisieren Sie Ihr Customer Onboarding mit einer Cloud\u2011Capture\u2011L\u00f6sung\u201c herunterladen<\/a><\/li>\n<li style=\"margin: 0 0 8px 0;\"><a style=\"color: #1f2937; text-decoration: underline;\" href=\"https:\/\/www.ibml.com\/de\/blog\/was-ist-customer-onboarding-software\/\">Was versteht man unter &#8222;Customer Onboarding Software&#8220;?<\/a><\/li>\n<li style=\"margin: 0 0 8px 0;\"><a style=\"color: #1f2937; text-decoration: underline;\" href=\"https:\/\/www.ibml.com\/de\/blog\/was-ist-customer-onboarding-software\/\">Mit Cloud Capture das Kundenerlebnis beim Onboarding verbessern<\/a><\/li>\n<li style=\"margin: 0 0 8px 0;\"><a style=\"color: #1f2937; text-decoration: underline;\" href=\"https:\/\/www.ibml.com\/de\/blog\/automatisieren-fuer-erste-eindruecke\/\">Automatisieren f\u00fcr erste Eindr\u00fccke<\/a><\/li>\n<\/ul>\n<\/div>\n<\/div>\n<\/div>\n<\/section>\n<p><!-- FAQ --><\/p>\n<section style=\"margin: 0 0 40px 0;\">\n<h2 style=\"margin: 0 0 16px 0; font-size: 28px; line-height: 1.25;\">H\u00e4ufig gestellte Fragen<\/h2>\n<details style=\"border: 1px solid #e5e7eb; border-radius: 12px; margin: 0 0 10px 0; background: #ffffff;\">\n<summary style=\"cursor: pointer; font-weight: 600; list-style: none; outline: none; background: #000000; color: #ffffff; padding: 14px 16px; border-radius: 12px 12px 0 0;\">Was ist eine Onboarding-Software f\u00fcr Kunden?<\/summary>\n<div style=\"padding: 14px 16px; color: #374151;\">Customer Onboarding Software automatisiert den Prozess der Aufnahme neuer Kunden in Ihre Systeme, indem sie deren Informationen effizient erfasst, verifiziert und integriert. Sie ersetzt manuelle Aufgaben durch intelligente Automatisierung, wodurch Fehler reduziert und die Zeit bis zum Umsatz verk\u00fcrzt wird. Mit fortschrittlichen Funktionen wie der KI-gesteuerten Datenextraktion und der Systemintegration wird das Onboarding sowohl f\u00fcr Mitarbeiter als auch f\u00fcr Kunden reibungsloser.  <\/div>\n<\/details>\n<details style=\"border: 1px solid #e5e7eb; border-radius: 12px; margin: 0 0 10px 0; background: #ffffff;\">\n<summary style=\"cursor: pointer; font-weight: 600; list-style: none; outline: none; background: #000000; color: #ffffff; padding: 14px 16px; border-radius: 12px 12px 0 0;\">Wie geht die Onboarding-L\u00f6sung von ibml mit mehreren Dokumenttypen um?<\/summary>\n<div style=\"padding: 14px 16px; color: #374151;\">Die ibml Capture Suite unterst\u00fctzt Omnichannel-Eingaben und verarbeitet alles, von gescannten Papierdokumenten bis hin zu digitalen Formularen, E-Mails und sogar Faxen. Mithilfe von KI klassifiziert und extrahiert sie Daten aus jedem Format und stellt so sicher, dass die Informationen korrekt und schnell weitergeleitet werden, ganz gleich, wie sie ankommen. <\/div>\n<\/details>\n<details style=\"border: 1px solid #e5e7eb; border-radius: 12px; margin: 0 0 10px 0; background: #ffffff;\">\n<summary style=\"cursor: pointer; font-weight: 600; list-style: none; outline: none; background: #000000; color: #ffffff; padding: 14px 16px; border-radius: 12px 12px 0 0;\">Kann ich ibml in mein bestehendes CRM integrieren?<\/summary>\n<div style=\"padding: 14px 16px; color: #374151;\">Ja. Die L\u00f6sung von ibml wurde mit Blick auf die Integration entwickelt. Ganz gleich, ob Sie Salesforce, Hubspot, Microsoft Dynamics oder ein kundenspezifisches CRM verwenden, wir k\u00f6nnen Ihnen bei der Integration helfen, so dass Sie keine manuellen Eingaben mehr vornehmen m\u00fcssen und nahtlose Aktualisierungen auf allen Plattformen gew\u00e4hrleistet sind.  <\/div>\n<\/details>\n<details style=\"border: 1px solid #e5e7eb; border-radius: 12px; margin: 0 0 10px 0; background: #ffffff;\">\n<summary style=\"cursor: pointer; font-weight: 600; list-style: none; outline: none; background: #000000; color: #ffffff; padding: 14px 16px; border-radius: 12px 12px 0 0;\">Wie verbessert ibml das Kundenerlebnis?<\/summary>\n<div style=\"padding: 14px 16px; color: #374151;\">Durch die Beseitigung von Reibungsverlusten und Verz\u00f6gerungen sorgt ibml f\u00fcr ein schnelleres und pr\u00e4ziseres Onboarding-Erlebnis. Kunden m\u00fcssen keine Formulare mehr erneut einreichen oder tagelang warten, bis sie loslegen k\u00f6nnen. Durch die Automatisierung wird sichergestellt, dass ihre Informationen beim ersten Mal sicher und genau verarbeitet werden, was zu einer h\u00f6heren Zufriedenheit und Kundenbindung f\u00fchrt.  <\/div>\n<\/details>\n<details style=\"border: 1px solid #e5e7eb; border-radius: 12px; margin: 0 0 10px 0; background: #ffffff;\">\n<summary style=\"cursor: pointer; font-weight: 600; list-style: none; outline: none; background: #000000; color: #ffffff; padding: 14px 16px; border-radius: 12px 12px 0 0;\">Unterst\u00fctzt ibml die Einhaltung von Vorschriften und die Bereitschaft zur Pr\u00fcfung?<\/summary>\n<div style=\"padding: 14px 16px; color: #374151;\">Ja. Alle \u00fcber ibml verarbeiteten Daten werden protokolliert, verschl\u00fcsselt und gem\u00e4\u00df den Compliance-Standards archiviert. Ganz gleich, ob Sie mit Finanzvorschriften, Datenschutzgesetzen oder internen Audit-Anforderungen konfrontiert sind, mit ibml k\u00f6nnen Sie ganz einfach Protokolle abrufen und detaillierte Berichte erstellen.  <\/div>\n<\/details>\n<details style=\"border: 1px solid #e5e7eb; border-radius: 12px; margin: 0 0 10px 0; background: #ffffff;\">\n<summary style=\"cursor: pointer; font-weight: 600; list-style: none; outline: none; background: #000000; color: #ffffff; padding: 14px 16px; border-radius: 12px 12px 0 0;\">Welche Branchen profitieren am meisten von ibml&#8217;s Dokumentenverarbeitungssoftware f\u00fcr Onboarding?<\/summary>\n<div style=\"padding: 14px 16px; color: #374151;\">Jedes Unternehmen, das Kundendokumente verarbeitet, kann davon profitieren, aber ibml ist besonders wichtig f\u00fcr Banken, Versicherungen, Beh\u00f6rden, das Gesundheitswesen und Finanzdienstleistungen, also f\u00fcr Branchen, in denen gro\u00dfe Mengen, die Einhaltung von Vorschriften, Genauigkeit und Schnelligkeit entscheidend f\u00fcr den Erfolg sind.<\/div>\n<\/details>\n<details style=\"border: 1px solid #e5e7eb; border-radius: 12px; margin: 0 0 10px 0; background: #ffffff;\">\n<summary style=\"cursor: pointer; font-weight: 600; list-style: none; outline: none; background: #000000; color: #ffffff; padding: 14px 16px; border-radius: 12px 12px 0 0;\">Wie lange dauert es, die Onboarding-L\u00f6sung von ibml zu implementieren?<\/summary>\n<div style=\"padding: 14px 16px; color: #374151;\">Die Zeitvorgaben h\u00e4ngen von Ihren Systemen ab, aber die ibml Capture Suite ist f\u00fcr eine schnelle Einrichtung konzipiert. Dank des KI-gesteuerten Low-Code-Designs k\u00f6nnen viele Unternehmen innerhalb von Tagen, nicht Monaten, loslegen. <\/div>\n<\/details>\n<\/section>\n<p><!-- CTA Interstitial --><\/p>\n<section style=\"margin: 0 0 40px 0; background: rgba(104,182,49,0.08); border-radius: 20px; padding: 60px 24px; text-align: center;\">\n<h2 style=\"margin: 0 0 16px 0; font-size: 32px; line-height: 1.3; color: #111827;\">Sind Sie bereit, Ihr Onboarding zu ver\u00e4ndern?<\/h2>\n<p style=\"margin: 0 0 24px 0; font-size: 18px; color: #111827;\">Fordern Sie eine Demo an und sehen Sie, wie ibml Ihren Onboarding-Prozess rationalisieren kann.<\/p>\n<div style=\"display: inline-flex; flex-wrap: wrap; gap: 12px; justify-content: center;\"><a style=\"padding: 10px 24px; border-radius: 999px; background: #20de87; color: #fff; text-decoration: none; font-weight: bold; font-size: 18px; box-shadow: 0 6px 18px rgba(32,222,135,.25);\" href=\"https:\/\/www.ibml.com\/de\/ueber-uns\/demo-anfordern\/\">Demo anfordern<\/a><br \/>\n<a style=\"padding: 10px 24px; border-radius: 999px; background: #ffffff; color: #111827; text-decoration: none; font-weight: bold; font-size: 18px; border: 1px solid #e5e7eb;\" href=\"https:\/\/www.ibml.com\/de\/ueber-uns\/konsultieren-sie-einen-experten\/\">Kontaktieren Sie unser Team<\/a><\/div>\n<\/section>\n<\/div>\n","protected":false},"excerpt":{"rendered":"<p>Der Onboarding-Prozess pr\u00e4gt die gesamte Kundenbeziehung. Trotzdem verlassen sich viele Unternehmen noch immer auf manuelle Verfahren, die ineffizient sind, Fehler verursachen und wertvolle Zeit kosten. Das Ergebnis? Verpasste Gelegenheiten. Verlorene Auftr\u00e4ge. Und hochwertige Interessenten, die Ihrem Konkurrenten direkt in die Arme laufen. Vorausschauende Unternehmen wissen, dass das Onboarding ein einfacher, schneller Prozess sein muss. Manuelles [&hellip;]<\/p>\n","protected":false},"author":10,"featured_media":0,"parent":6684,"menu_order":0,"comment_status":"closed","ping_status":"closed","template":"template-basic-content.php","meta":{"_acf_changed":false,"content-type":"","_crsspst_to_ibmldevwpenginecom":false,"_crsspst_to_wwwibmlcom":false,"footnotes":""},"class_list":["post-6416","page","type-page","status-publish","hentry"],"acf":{"flexible_content":null,"address":"","phone":"","background_image":null,"headline":"","cta_label":"","cta_url":null,"new_window":false,"sub-headline":"Beschleunigen Sie das Onboarding von Kunden mit der Intelligent Document Processing (IDP) Technologie von ibml","sub_sub_headline":""},"yoast_head":"<!-- This site is optimized with the Yoast SEO plugin v26.9 - https:\/\/yoast.com\/product\/yoast-seo-wordpress\/ -->\n<title>Kunden-Onboarding Software-L\u00f6sungen | Automatisieren Sie mit ibml<\/title>\n<meta name=\"description\" content=\"Rationalisieren Sie die Aufnahme von Kunden mit den Softwarel\u00f6sungen von ibml f\u00fcr die Aufnahme von Kunden. Automatisieren Sie die Dokumentenerfassung, reduzieren Sie Fehler und beschleunigen Sie die Time-to-Revenue.\" \/>\n<meta name=\"robots\" content=\"index, follow, max-snippet:-1, max-image-preview:large, max-video-preview:-1\" \/>\n<link rel=\"canonical\" href=\"https:\/\/www.ibml.com\/de\/onboarding-software-fuer-kunden-2\/\" \/>\n<meta property=\"og:locale\" content=\"de_DE\" \/>\n<meta property=\"og:type\" content=\"article\" \/>\n<meta property=\"og:title\" content=\"Kunden-Onboarding Software-L\u00f6sungen | Automatisieren Sie mit ibml\" \/>\n<meta property=\"og:description\" content=\"Rationalisieren Sie die Aufnahme von Kunden mit den Softwarel\u00f6sungen von ibml f\u00fcr die Aufnahme von Kunden. Automatisieren Sie die Dokumentenerfassung, reduzieren Sie Fehler und beschleunigen Sie die Time-to-Revenue.\" \/>\n<meta property=\"og:url\" content=\"https:\/\/www.ibml.com\/de\/onboarding-software-fuer-kunden-2\/\" \/>\n<meta property=\"og:site_name\" content=\"https:\/\/www.ibml.com\/\" \/>\n<meta property=\"article:publisher\" content=\"https:\/\/www.facebook.com\/ibmlnews\" \/>\n<meta property=\"article:modified_time\" content=\"2026-01-13T16:12:36+00:00\" \/>\n<meta property=\"og:image\" content=\"https:\/\/www.ibml.com\/wp-content\/uploads\/2024\/06\/icon-automate.png\" \/>\n<meta name=\"twitter:card\" content=\"summary_large_image\" \/>\n<meta name=\"twitter:site\" content=\"@ibmlnews\" \/>\n<meta name=\"twitter:label1\" content=\"Gesch\u00e4tzte Lesezeit\" \/>\n\t<meta name=\"twitter:data1\" content=\"5 Minuten\" \/>\n<!-- \/ Yoast SEO plugin. -->","yoast_head_json":{"title":"Kunden-Onboarding Software-L\u00f6sungen | Automatisieren Sie mit ibml","description":"Rationalisieren Sie die Aufnahme von Kunden mit den Softwarel\u00f6sungen von ibml f\u00fcr die Aufnahme von Kunden. Automatisieren Sie die Dokumentenerfassung, reduzieren Sie Fehler und beschleunigen Sie die Time-to-Revenue.","robots":{"index":"index","follow":"follow","max-snippet":"max-snippet:-1","max-image-preview":"max-image-preview:large","max-video-preview":"max-video-preview:-1"},"canonical":"https:\/\/www.ibml.com\/de\/onboarding-software-fuer-kunden-2\/","og_locale":"de_DE","og_type":"article","og_title":"Kunden-Onboarding Software-L\u00f6sungen | Automatisieren Sie mit ibml","og_description":"Rationalisieren Sie die Aufnahme von Kunden mit den Softwarel\u00f6sungen von ibml f\u00fcr die Aufnahme von Kunden. Automatisieren Sie die Dokumentenerfassung, reduzieren Sie Fehler und beschleunigen Sie die Time-to-Revenue.","og_url":"https:\/\/www.ibml.com\/de\/onboarding-software-fuer-kunden-2\/","og_site_name":"https:\/\/www.ibml.com\/","article_publisher":"https:\/\/www.facebook.com\/ibmlnews","article_modified_time":"2026-01-13T16:12:36+00:00","og_image":[{"url":"https:\/\/www.ibml.com\/wp-content\/uploads\/2024\/06\/icon-automate.png","type":"","width":"","height":""}],"twitter_card":"summary_large_image","twitter_site":"@ibmlnews","twitter_misc":{"Gesch\u00e4tzte Lesezeit":"5 Minuten"},"schema":{"@context":"https:\/\/schema.org","@graph":[{"@type":"WebPage","@id":"https:\/\/www.ibml.com\/de\/onboarding-software-fuer-kunden-2\/","url":"https:\/\/www.ibml.com\/de\/onboarding-software-fuer-kunden-2\/","name":"Kunden-Onboarding Software-L\u00f6sungen | Automatisieren Sie mit ibml","isPartOf":{"@id":"https:\/\/www.ibml.com\/de\/#website"},"primaryImageOfPage":{"@id":"https:\/\/www.ibml.com\/de\/onboarding-software-fuer-kunden-2\/#primaryimage"},"image":{"@id":"https:\/\/www.ibml.com\/de\/onboarding-software-fuer-kunden-2\/#primaryimage"},"thumbnailUrl":"https:\/\/www.ibml.com\/wp-content\/uploads\/2024\/06\/icon-automate.png","datePublished":"2025-11-18T15:53:09+00:00","dateModified":"2026-01-13T16:12:36+00:00","description":"Rationalisieren Sie die Aufnahme von Kunden mit den Softwarel\u00f6sungen von ibml f\u00fcr die Aufnahme von Kunden. Automatisieren Sie die Dokumentenerfassung, reduzieren Sie Fehler und beschleunigen Sie die Time-to-Revenue.","breadcrumb":{"@id":"https:\/\/www.ibml.com\/de\/onboarding-software-fuer-kunden-2\/#breadcrumb"},"inLanguage":"de-DE","potentialAction":[{"@type":"ReadAction","target":["https:\/\/www.ibml.com\/de\/onboarding-software-fuer-kunden-2\/"]}]},{"@type":"ImageObject","inLanguage":"de-DE","@id":"https:\/\/www.ibml.com\/de\/onboarding-software-fuer-kunden-2\/#primaryimage","url":"https:\/\/www.ibml.com\/wp-content\/uploads\/2024\/06\/icon-automate.png","contentUrl":"https:\/\/www.ibml.com\/wp-content\/uploads\/2024\/06\/icon-automate.png"},{"@type":"BreadcrumbList","@id":"https:\/\/www.ibml.com\/de\/onboarding-software-fuer-kunden-2\/#breadcrumb","itemListElement":[{"@type":"ListItem","position":1,"name":"Home","item":"https:\/\/www.ibml.com\/de\/3109-2\/"},{"@type":"ListItem","position":2,"name":"L\u00f6sungen","item":"https:\/\/www.ibml.com\/de\/loesungen\/"},{"@type":"ListItem","position":3,"name":"Onboarding-Software f\u00fcr Kunden"}]},{"@type":"WebSite","@id":"https:\/\/www.ibml.com\/de\/#website","url":"https:\/\/www.ibml.com\/de\/","name":"https:\/\/www.ibml.com\/","description":"End-to-End Enterprise Capture Solutions","publisher":{"@id":"https:\/\/www.ibml.com\/de\/#organization"},"potentialAction":[{"@type":"SearchAction","target":{"@type":"EntryPoint","urlTemplate":"https:\/\/www.ibml.com\/de\/?s={search_term_string}"},"query-input":{"@type":"PropertyValueSpecification","valueRequired":true,"valueName":"search_term_string"}}],"inLanguage":"de-DE"},{"@type":"Organization","@id":"https:\/\/www.ibml.com\/de\/#organization","name":"IBML","url":"https:\/\/www.ibml.com\/de\/","logo":{"@type":"ImageObject","inLanguage":"de-DE","@id":"https:\/\/www.ibml.com\/de\/#\/schema\/logo\/image\/","url":"https:\/\/www.ibml.com\/wp-content\/uploads\/2022\/08\/ibml-logo-dark-1.png","contentUrl":"https:\/\/www.ibml.com\/wp-content\/uploads\/2022\/08\/ibml-logo-dark-1.png","width":301,"height":149,"caption":"IBML"},"image":{"@id":"https:\/\/www.ibml.com\/de\/#\/schema\/logo\/image\/"},"sameAs":["https:\/\/www.facebook.com\/ibmlnews","https:\/\/x.com\/ibmlnews","https:\/\/www.linkedin.com\/company\/ibml\/","https:\/\/www.youtube.com\/user\/ibmltube"]}]}},"_links":{"self":[{"href":"https:\/\/www.ibml.com\/de\/wp-json\/wp\/v2\/pages\/6416","targetHints":{"allow":["GET"]}}],"collection":[{"href":"https:\/\/www.ibml.com\/de\/wp-json\/wp\/v2\/pages"}],"about":[{"href":"https:\/\/www.ibml.com\/de\/wp-json\/wp\/v2\/types\/page"}],"author":[{"embeddable":true,"href":"https:\/\/www.ibml.com\/de\/wp-json\/wp\/v2\/users\/10"}],"replies":[{"embeddable":true,"href":"https:\/\/www.ibml.com\/de\/wp-json\/wp\/v2\/comments?post=6416"}],"version-history":[{"count":0,"href":"https:\/\/www.ibml.com\/de\/wp-json\/wp\/v2\/pages\/6416\/revisions"}],"up":[{"embeddable":true,"href":"https:\/\/www.ibml.com\/de\/wp-json\/wp\/v2\/pages\/6684"}],"wp:attachment":[{"href":"https:\/\/www.ibml.com\/de\/wp-json\/wp\/v2\/media?parent=6416"}],"curies":[{"name":"wp","href":"https:\/\/api.w.org\/{rel}","templated":true}]}}