{"id":3288,"date":"2021-10-05T14:09:35","date_gmt":"2021-10-05T14:09:35","guid":{"rendered":"https:\/\/ibmlstaging.wpengine.com\/ada-compliance\/"},"modified":"2021-10-05T14:09:35","modified_gmt":"2021-10-05T14:09:35","slug":"ada-compliance","status":"publish","type":"page","link":"https:\/\/www.ibml.com\/de\/ada-compliance\/","title":{"rendered":"Ada-Compliance"},"content":{"rendered":"<h2>\u00a7 508<\/h2>\n<p>\u00a7 508 verpflichtet die Bundesbeh\u00f6rden, ihre Elektronik und Informationstechnologie f\u00fcr Menschen mit Behinderungen zug\u00e4nglich zu machen.<\/p>\n<p>Unzug\u00e4ngliche Technologien schr\u00e4nken den Zugang zu Informationen ein und schaffen Hindernisse f\u00fcr neue M\u00f6glichkeiten f\u00fcr Menschen mit Behinderungen. Das Gesetz gilt f\u00fcr alle Bundesbeh\u00f6rden, wenn sie elektronische und Informationstechnologie entwickeln, beschaffen, warten oder nutzen.<\/p>\n<p>Ibml ist bestrebt, der bevorzugte Anbieter f\u00fcr Kunden zu sein, die zug\u00e4ngliche L\u00f6sungen f\u00fcr ihre High-Speed-Scan-Anforderungen suchen. Der Design- und Fertigungsprozess von ibml erm\u00f6glicht eine schnelle \u00dcberpr\u00fcfung und Implementierung von Designm\u00f6glichkeiten, um den universellen Zugang zu adressieren.<\/p>\n<p>Um Regierungsbeh\u00f6rden die ben\u00f6tigten Informationen zu liefern, bewertete ibml seine Produkte nach den Bestimmungen aus \u00a7&nbsp;508. Die resultierenden Daten wurden in der VPAT (Voluntary Product Assessment Template) zusammengestellt und aufgezeichnet.<\/p>\n<p>Diese Informationen stehen den Bundesbeh\u00f6rden zur Verf\u00fcgung, wenn sie Chris Keller unter 205.439.7100 kontaktieren.<\/p>\n","protected":false},"excerpt":{"rendered":"<p>\u00a7 508 \u00a7 508 verpflichtet die Bundesbeh\u00f6rden, ihre Elektronik und Informationstechnologie f\u00fcr Menschen mit Behinderungen zug\u00e4nglich zu machen. Unzug\u00e4ngliche Technologien schr\u00e4nken den Zugang zu Informationen ein und schaffen Hindernisse f\u00fcr neue M\u00f6glichkeiten f\u00fcr Menschen mit Behinderungen. Das Gesetz gilt f\u00fcr alle Bundesbeh\u00f6rden, wenn sie elektronische und Informationstechnologie entwickeln, beschaffen, warten oder nutzen. Ibml ist bestrebt, [&hellip;]<\/p>\n","protected":false},"author":2,"featured_media":0,"parent":0,"menu_order":0,"comment_status":"closed","ping_status":"closed","template":"","meta":{"_acf_changed":false,"content-type":"","_crsspst_to_ibmldevwpenginecom":false,"_crsspst_to_wwwibmlcom":false,"footnotes":""},"class_list":["post-3288","page","type-page","status-publish","hentry"],"acf":{"flexible_content":null,"address":"","phone":"","background_image":null,"headline":"","cta_label":"","cta_url":null,"new_window":false,"anchors":{"hide_component":false,"anchor_id":"","anchor_dropdown_title":"","anchor_links":null},"downloadable_assets":{"hide_component":false,"anchor_id":"","downloadable_asset":null},"hero":{"hide_component":false,"anchor_id":"","hero_background_image":null,"eyebrow":"","hero_headline":"","hero_paragraph":"","hero_cta":null,"hero_video_images":null},"new_product":{"hide_component":false,"anchor_id":"","new_product_background_image":null,"headline":"","paragraph":"","product_image":null,"show_hotspots":false,"hotspot_1":"","hotspot_2":"","hotspot_3":"","hotspot_4":"","hotspot_5":"","hotspot_6":"","hotspot_7":"","hotspot_8":"","hotspot_9":""},"section_7":{"hide_component":false,"anchor_id":"","section_7_background_image":null,"section_7_headline":"","section_7_paragraph":"","cta_label":"","downloadable_asset":null,"infographic_asset":null},"testimonials":{"hide_component":false,"anchor_id":"","testimonial_quote":"","testimonial_author":"","testimonial_author_position":"","testimonial_company":"","downloadable_asset_label":"","downloadable_asset":null},"section_5":{"hide_component":false,"anchor_id":"","section_5_headline":"","section_5_paragraph":"","cta_label":"","downloadable_asset":null},"roi_calculator_section":{"hide_component":false,"anchor_id":"","roi_calculator_headline":"","roi_calculator_paragraph":"","roi_calculator_cta_link":null,"roi_calculator_image":null},"potencial_section":{"hide_component":false,"anchor_id":"","potencial_section_background_image":null,"potencial_section_headline":"","potencial_section_paragraph":"","cta_label":"","downloadable_asset":null,"potencial_section_asset_image":null},"section_8":{"hide_component":false,"anchor_id":"","section_8_background_image":null,"section_8_headline":"","section_8_paragraph":"","section_8_cta_link":null,"section_8_infographic_image":null,"cta_label":"","downloadable_asset":null,"left_image":null,"right_image":null},"section_9":{"hide_component":false,"anchor_id":"","section_9_background_image":null,"section_9_headline":"","section_9_paragraph":"","guide_image":null,"cta_label":"","downloadable_asset":null},"fadgi_callout":{"hide_component":false,"anchor_id":"","fadgi_logo":null,"show_stars":false,"headline":"","content":"","additional_content":"","cta":null},"section_11":{"hide_component":false,"anchor_id":"","section_11_headline":"","section_11_paragraph":""},"capture_suite":{"hide_component":false,"anchor_id":"","eyebrow":"","headline":"","content":"","cta":null,"image":null},"faqs":{"hide_component":false,"anchor_id":"","faqs_background_image":null,"faqs_headline":"","single_faq":null},"webinar_video_content":{"hide_component":false,"anchor_id":"","webinar_video_headline":"","webinar_video_paragraph":"","video_thumbnail":null,"video_url":"","cta_label":""},"section_10":{"hide_component":false,"anchor_id":"","section_10_headline":"","section_10_paragraph":"","section_10_cta_link":null,"section_10_image":null},"show_icon_text_col":false,"sub-headline":"","sub_sub_headline":""},"yoast_head":"<!-- This site is optimized with the Yoast SEO plugin v26.9 - https:\/\/yoast.com\/product\/yoast-seo-wordpress\/ -->\n<title>\u25b7 Ada-Compliance | https:\/\/www.ibml.com\/<\/title>\n<meta name=\"description\" content=\"\u2705 Ibml ist bestrebt, der Anbieter der Wahl f\u00fcr Kunden zu sein, die zug\u00e4ngliche L\u00f6sungen f\u00fcr ihre High-Speed-Scan-Anforderungen suchen. Der Design- und Fertigungsprozess von ibml erm\u00f6glicht eine schnelle \u00dcberpr\u00fcfung und Implementierung von Designm\u00f6glichkeiten, um den universellen Zugang zu adressieren. Kontaktieren Sie ibml noch heute!\" \/>\n<meta name=\"robots\" content=\"index, follow, max-snippet:-1, max-image-preview:large, max-video-preview:-1\" \/>\n<link rel=\"canonical\" href=\"https:\/\/www.ibml.com\/de\/ada-compliance\/\" \/>\n<meta property=\"og:locale\" content=\"de_DE\" \/>\n<meta property=\"og:type\" content=\"article\" \/>\n<meta property=\"og:title\" content=\"\u25b7 Ada-Compliance | https:\/\/www.ibml.com\/\" \/>\n<meta property=\"og:description\" content=\"\u2705 Ibml ist bestrebt, der Anbieter der Wahl f\u00fcr Kunden zu sein, die zug\u00e4ngliche L\u00f6sungen f\u00fcr ihre High-Speed-Scan-Anforderungen suchen. Der Design- und Fertigungsprozess von ibml erm\u00f6glicht eine schnelle \u00dcberpr\u00fcfung und Implementierung von Designm\u00f6glichkeiten, um den universellen Zugang zu adressieren. Kontaktieren Sie ibml noch heute!\" \/>\n<meta property=\"og:url\" content=\"https:\/\/www.ibml.com\/de\/ada-compliance\/\" \/>\n<meta property=\"og:site_name\" content=\"https:\/\/www.ibml.com\/\" \/>\n<meta property=\"article:publisher\" content=\"https:\/\/www.facebook.com\/ibmlnews\" \/>\n<meta name=\"twitter:card\" content=\"summary_large_image\" \/>\n<meta name=\"twitter:site\" content=\"@ibmlnews\" \/>\n<meta name=\"twitter:label1\" content=\"Gesch\u00e4tzte Lesezeit\" \/>\n\t<meta name=\"twitter:data1\" content=\"1 Minute\" \/>\n<!-- \/ Yoast SEO plugin. -->","yoast_head_json":{"title":"\u25b7 Ada-Compliance | https:\/\/www.ibml.com\/","description":"\u2705 Ibml ist bestrebt, der Anbieter der Wahl f\u00fcr Kunden zu sein, die zug\u00e4ngliche L\u00f6sungen f\u00fcr ihre High-Speed-Scan-Anforderungen suchen. Der Design- und Fertigungsprozess von ibml erm\u00f6glicht eine schnelle \u00dcberpr\u00fcfung und Implementierung von Designm\u00f6glichkeiten, um den universellen Zugang zu adressieren. Kontaktieren Sie ibml noch heute!","robots":{"index":"index","follow":"follow","max-snippet":"max-snippet:-1","max-image-preview":"max-image-preview:large","max-video-preview":"max-video-preview:-1"},"canonical":"https:\/\/www.ibml.com\/de\/ada-compliance\/","og_locale":"de_DE","og_type":"article","og_title":"\u25b7 Ada-Compliance | https:\/\/www.ibml.com\/","og_description":"\u2705 Ibml ist bestrebt, der Anbieter der Wahl f\u00fcr Kunden zu sein, die zug\u00e4ngliche L\u00f6sungen f\u00fcr ihre High-Speed-Scan-Anforderungen suchen. Der Design- und Fertigungsprozess von ibml erm\u00f6glicht eine schnelle \u00dcberpr\u00fcfung und Implementierung von Designm\u00f6glichkeiten, um den universellen Zugang zu adressieren. Kontaktieren Sie ibml noch heute!","og_url":"https:\/\/www.ibml.com\/de\/ada-compliance\/","og_site_name":"https:\/\/www.ibml.com\/","article_publisher":"https:\/\/www.facebook.com\/ibmlnews","twitter_card":"summary_large_image","twitter_site":"@ibmlnews","twitter_misc":{"Gesch\u00e4tzte Lesezeit":"1 Minute"},"schema":{"@context":"https:\/\/schema.org","@graph":[{"@type":"WebPage","@id":"https:\/\/www.ibml.com\/de\/ada-compliance\/","url":"https:\/\/www.ibml.com\/de\/ada-compliance\/","name":"\u25b7 Ada-Compliance | https:\/\/www.ibml.com\/","isPartOf":{"@id":"https:\/\/www.ibml.com\/de\/#website"},"datePublished":"2021-10-05T14:09:35+00:00","description":"\u2705 Ibml ist bestrebt, der Anbieter der Wahl f\u00fcr Kunden zu sein, die zug\u00e4ngliche L\u00f6sungen f\u00fcr ihre High-Speed-Scan-Anforderungen suchen. Der Design- und Fertigungsprozess von ibml erm\u00f6glicht eine schnelle \u00dcberpr\u00fcfung und Implementierung von Designm\u00f6glichkeiten, um den universellen Zugang zu adressieren. Kontaktieren Sie ibml noch heute!","breadcrumb":{"@id":"https:\/\/www.ibml.com\/de\/ada-compliance\/#breadcrumb"},"inLanguage":"de-DE","potentialAction":[{"@type":"ReadAction","target":["https:\/\/www.ibml.com\/de\/ada-compliance\/"]}]},{"@type":"BreadcrumbList","@id":"https:\/\/www.ibml.com\/de\/ada-compliance\/#breadcrumb","itemListElement":[{"@type":"ListItem","position":1,"name":"Home","item":"https:\/\/www.ibml.com\/de\/3109-2\/"},{"@type":"ListItem","position":2,"name":"Ada-Compliance"}]},{"@type":"WebSite","@id":"https:\/\/www.ibml.com\/de\/#website","url":"https:\/\/www.ibml.com\/de\/","name":"https:\/\/www.ibml.com\/","description":"End-to-End Enterprise Capture Solutions","publisher":{"@id":"https:\/\/www.ibml.com\/de\/#organization"},"potentialAction":[{"@type":"SearchAction","target":{"@type":"EntryPoint","urlTemplate":"https:\/\/www.ibml.com\/de\/?s={search_term_string}"},"query-input":{"@type":"PropertyValueSpecification","valueRequired":true,"valueName":"search_term_string"}}],"inLanguage":"de-DE"},{"@type":"Organization","@id":"https:\/\/www.ibml.com\/de\/#organization","name":"IBML","url":"https:\/\/www.ibml.com\/de\/","logo":{"@type":"ImageObject","inLanguage":"de-DE","@id":"https:\/\/www.ibml.com\/de\/#\/schema\/logo\/image\/","url":"https:\/\/www.ibml.com\/wp-content\/uploads\/2022\/08\/ibml-logo-dark-1.png","contentUrl":"https:\/\/www.ibml.com\/wp-content\/uploads\/2022\/08\/ibml-logo-dark-1.png","width":301,"height":149,"caption":"IBML"},"image":{"@id":"https:\/\/www.ibml.com\/de\/#\/schema\/logo\/image\/"},"sameAs":["https:\/\/www.facebook.com\/ibmlnews","https:\/\/x.com\/ibmlnews","https:\/\/www.linkedin.com\/company\/ibml\/","https:\/\/www.youtube.com\/user\/ibmltube"]}]}},"_links":{"self":[{"href":"https:\/\/www.ibml.com\/de\/wp-json\/wp\/v2\/pages\/3288","targetHints":{"allow":["GET"]}}],"collection":[{"href":"https:\/\/www.ibml.com\/de\/wp-json\/wp\/v2\/pages"}],"about":[{"href":"https:\/\/www.ibml.com\/de\/wp-json\/wp\/v2\/types\/page"}],"author":[{"embeddable":true,"href":"https:\/\/www.ibml.com\/de\/wp-json\/wp\/v2\/users\/2"}],"replies":[{"embeddable":true,"href":"https:\/\/www.ibml.com\/de\/wp-json\/wp\/v2\/comments?post=3288"}],"version-history":[{"count":0,"href":"https:\/\/www.ibml.com\/de\/wp-json\/wp\/v2\/pages\/3288\/revisions"}],"wp:attachment":[{"href":"https:\/\/www.ibml.com\/de\/wp-json\/wp\/v2\/media?parent=3288"}],"curies":[{"name":"wp","href":"https:\/\/api.w.org\/{rel}","templated":true}]}}