{"id":3106,"date":"2021-09-10T20:29:30","date_gmt":"2021-09-10T20:29:30","guid":{"rendered":"https:\/\/ibmlstaging.wpengine.com\/datenperfektion\/"},"modified":"2026-02-04T13:15:24","modified_gmt":"2026-02-04T13:15:24","slug":"datenperfektion","status":"publish","type":"page","link":"https:\/\/www.ibml.com\/de\/datenperfektion\/","title":{"rendered":"Datenperfektion"},"content":{"rendered":"","protected":false},"excerpt":{"rendered":"","protected":false},"author":5,"featured_media":0,"parent":6684,"menu_order":0,"comment_status":"closed","ping_status":"closed","template":"template-landing-page.php","meta":{"_acf_changed":false,"content-type":"","_crsspst_to_ibmldevwpenginecom":false,"_crsspst_to_wwwibmlcom":false,"footnotes":""},"class_list":["post-3106","page","type-page","status-publish","hentry"],"acf":{"header":{"logo":2610,"headline":"Perfekte Datenerfassung mit Ki.I & HI","sub-headline":"Wenn Daten gesch\u00e4ftskritisch sind, ist Zweifel keine Option.","cta":{"title":"Fordern Sie unser White Paper an","url":"#","target":""}},"section_1":{"left_column_content":"<strong>Mangelhafte Datenqualit\u00e4t kommt Ihrem Unternehmen teuer zu stehen!<\/strong> Informationen prasseln in unterschiedlichsten Formaten und aus verschiedensten Quellen auf Ihr Unternehmen ein \u2013 deshalb ist die Bew\u00e4ltigung dieser Daten gesch\u00e4ftskritisch.\n\n<strong>Dennoch sind hochentwickelte Systeme zur automatisierten Datenerfassung fehlerbehaftet.<\/strong> Aufgrund von Ausnahmef\u00e4llen und systembedingten Fehlern, sind Ihre Daten im Durchschnitt 80%-95% korrekt \u2013 und mangelhafte Datenqualit\u00e4t kann schwerwiegende Folgen nach sich ziehen. \n\nAnstatt auf kostenintensive und fehlerbehaftete manuelle Prozesse zur\u00fcckzugreifen, setzen Sie eher auf sorgf\u00e4ltig ausgew\u00e4hlte Branchenl\u00f6sungen, um die Datenqualit\u00e4t Ihres Unternehmens gezielt zu optimieren.","right_column_content":{"featured_data":"88%","content":"der Unternehmen sehen eine direkte Auswirkung auf ihr Endergebnis als Folge von ungenauen Daten, so eine Studie von Experian."},"featured_green_box_text":"<strong>Erreichen Sie Datenperfektion<\/strong> mit der kombinierten Leistung von ibml und unseren Technologiepartnern."},"section_2":{"headline":"Das Fehlen von Datenveredelungs-Tools <br>kommt Sie teuer zu stehen.","sub-headline":"Vermeiden Sie schlechte Daten mit Data Intelligence Software","image":2800,"content":"Sie denken, Sie kommen mit unvollkommenen Daten aus? Denken Sie anders. Alles, was nicht perfekt ist, stellt Ihr Unternehmen vor eine ganze Reihe von Problemen. Von verpassten Gesch\u00e4ftschancen bis hin zu Bu\u00dfgeldern f\u00fcr die Einhaltung von Vorschriften - hier erfahren Sie, was passieren kann, wenn Sie Ihre Datenunterschiede ignorieren.   ","cta":{"title":"Die Infografik lesen","url":"https:\/\/www.ibml.com\/wp-content\/uploads\/2020\/09\/ibml-stop-running-your-business-with-imperfect-data-infographic.pdf","target":"_blank"}},"section_3":{"headline":"St\u00e4rken Sie Ihr Unternehmen mit <br>Data Intelligence Software, der Sie vertrauen  ","sub-headline":"KI-Datenbereinigung verschafft Ihnen einen Wettbewerbsvorteil:","icons":[{"icon":2810,"headline":"Reduzieren Sie","sub-headline":"Arbeitskosten"},{"icon":2808,"headline":"Verbessern Sie","sub-headline":"das Kundenerlebnis"},{"icon":2806,"headline":"Erh\u00f6hen Sie","sub-headline":"Agilit\u00e4t bei der Entscheidungsfindung"}],"image":2804,"content":"<div>Kombinieren Sie die besten Erfassungstechnologien mit Hochgeschwindigkeits-KI-Datenverarbeitung und manueller Crowd-Source-Validierung, um Daten zu perfektionieren.<\/div>\n<div>Laden Sie das White Paper \"Data Perfection is Possible\" herunter und erfahren Sie mehr \u00fcber die Vorteile perfekter Daten.<\/div>","cta":{"title":"Fordern Sie unser Whitepaper an","url":"#","target":""}},"address":"","phone":"","background_image":"","headline":"","cta_label":"","cta_url":"","new_window":false},"yoast_head":"<!-- This site is optimized with the Yoast SEO plugin v26.9 - https:\/\/yoast.com\/product\/yoast-seo-wordpress\/ -->\n<title>Perfekte Datenerfassung aus komplexen Gesch\u00e4ftsdokumenten<\/title>\n<meta name=\"description\" content=\"Die IDP-L\u00f6sung von ibml kombiniert K.I. mit menschlicher Expertise, um die Datenerfassung aus komplexen, unstrukturierten Gesch\u00e4ftsdokumenten zu perfektionieren.\" \/>\n<meta name=\"robots\" content=\"index, follow, max-snippet:-1, max-image-preview:large, max-video-preview:-1\" \/>\n<link rel=\"canonical\" href=\"https:\/\/www.ibml.com\/de\/datenperfektion\/\" \/>\n<meta property=\"og:locale\" content=\"de_DE\" \/>\n<meta property=\"og:type\" content=\"article\" \/>\n<meta property=\"og:title\" content=\"Perfekte Datenerfassung aus komplexen Gesch\u00e4ftsdokumenten\" \/>\n<meta property=\"og:description\" content=\"Die IDP-L\u00f6sung von ibml kombiniert K.I. mit menschlicher Expertise, um die Datenerfassung aus komplexen, unstrukturierten Gesch\u00e4ftsdokumenten zu perfektionieren.\" \/>\n<meta property=\"og:url\" content=\"https:\/\/www.ibml.com\/de\/datenperfektion\/\" \/>\n<meta property=\"og:site_name\" content=\"https:\/\/www.ibml.com\/\" \/>\n<meta property=\"article:publisher\" content=\"https:\/\/www.facebook.com\/ibmlnews\" \/>\n<meta property=\"article:modified_time\" content=\"2026-02-04T13:15:24+00:00\" \/>\n<meta name=\"twitter:card\" content=\"summary_large_image\" \/>\n<meta name=\"twitter:site\" content=\"@ibmlnews\" \/>\n<!-- \/ Yoast SEO plugin. -->","yoast_head_json":{"title":"Perfekte Datenerfassung aus komplexen Gesch\u00e4ftsdokumenten","description":"Die IDP-L\u00f6sung von ibml kombiniert K.I. mit menschlicher Expertise, um die Datenerfassung aus komplexen, unstrukturierten Gesch\u00e4ftsdokumenten zu perfektionieren.","robots":{"index":"index","follow":"follow","max-snippet":"max-snippet:-1","max-image-preview":"max-image-preview:large","max-video-preview":"max-video-preview:-1"},"canonical":"https:\/\/www.ibml.com\/de\/datenperfektion\/","og_locale":"de_DE","og_type":"article","og_title":"Perfekte Datenerfassung aus komplexen Gesch\u00e4ftsdokumenten","og_description":"Die IDP-L\u00f6sung von ibml kombiniert K.I. mit menschlicher Expertise, um die Datenerfassung aus komplexen, unstrukturierten Gesch\u00e4ftsdokumenten zu perfektionieren.","og_url":"https:\/\/www.ibml.com\/de\/datenperfektion\/","og_site_name":"https:\/\/www.ibml.com\/","article_publisher":"https:\/\/www.facebook.com\/ibmlnews","article_modified_time":"2026-02-04T13:15:24+00:00","twitter_card":"summary_large_image","twitter_site":"@ibmlnews","schema":{"@context":"https:\/\/schema.org","@graph":[{"@type":"WebPage","@id":"https:\/\/www.ibml.com\/de\/datenperfektion\/","url":"https:\/\/www.ibml.com\/de\/datenperfektion\/","name":"Perfekte Datenerfassung aus komplexen Gesch\u00e4ftsdokumenten","isPartOf":{"@id":"https:\/\/www.ibml.com\/de\/#website"},"datePublished":"2021-09-10T20:29:30+00:00","dateModified":"2026-02-04T13:15:24+00:00","description":"Die IDP-L\u00f6sung von ibml kombiniert K.I. mit menschlicher Expertise, um die Datenerfassung aus komplexen, unstrukturierten Gesch\u00e4ftsdokumenten zu perfektionieren.","breadcrumb":{"@id":"https:\/\/www.ibml.com\/de\/datenperfektion\/#breadcrumb"},"inLanguage":"de-DE","potentialAction":[{"@type":"ReadAction","target":["https:\/\/www.ibml.com\/de\/datenperfektion\/"]}]},{"@type":"BreadcrumbList","@id":"https:\/\/www.ibml.com\/de\/datenperfektion\/#breadcrumb","itemListElement":[{"@type":"ListItem","position":1,"name":"Home","item":"https:\/\/www.ibml.com\/de\/3109-2\/"},{"@type":"ListItem","position":2,"name":"L\u00f6sungen","item":"https:\/\/www.ibml.com\/de\/loesungen\/"},{"@type":"ListItem","position":3,"name":"Datenperfektion"}]},{"@type":"WebSite","@id":"https:\/\/www.ibml.com\/de\/#website","url":"https:\/\/www.ibml.com\/de\/","name":"https:\/\/www.ibml.com\/","description":"End-to-End Enterprise Capture Solutions","publisher":{"@id":"https:\/\/www.ibml.com\/de\/#organization"},"potentialAction":[{"@type":"SearchAction","target":{"@type":"EntryPoint","urlTemplate":"https:\/\/www.ibml.com\/de\/?s={search_term_string}"},"query-input":{"@type":"PropertyValueSpecification","valueRequired":true,"valueName":"search_term_string"}}],"inLanguage":"de-DE"},{"@type":"Organization","@id":"https:\/\/www.ibml.com\/de\/#organization","name":"IBML","url":"https:\/\/www.ibml.com\/de\/","logo":{"@type":"ImageObject","inLanguage":"de-DE","@id":"https:\/\/www.ibml.com\/de\/#\/schema\/logo\/image\/","url":"https:\/\/www.ibml.com\/wp-content\/uploads\/2022\/08\/ibml-logo-dark-1.png","contentUrl":"https:\/\/www.ibml.com\/wp-content\/uploads\/2022\/08\/ibml-logo-dark-1.png","width":301,"height":149,"caption":"IBML"},"image":{"@id":"https:\/\/www.ibml.com\/de\/#\/schema\/logo\/image\/"},"sameAs":["https:\/\/www.facebook.com\/ibmlnews","https:\/\/x.com\/ibmlnews","https:\/\/www.linkedin.com\/company\/ibml\/","https:\/\/www.youtube.com\/user\/ibmltube"]}]}},"_links":{"self":[{"href":"https:\/\/www.ibml.com\/de\/wp-json\/wp\/v2\/pages\/3106","targetHints":{"allow":["GET"]}}],"collection":[{"href":"https:\/\/www.ibml.com\/de\/wp-json\/wp\/v2\/pages"}],"about":[{"href":"https:\/\/www.ibml.com\/de\/wp-json\/wp\/v2\/types\/page"}],"author":[{"embeddable":true,"href":"https:\/\/www.ibml.com\/de\/wp-json\/wp\/v2\/users\/5"}],"replies":[{"embeddable":true,"href":"https:\/\/www.ibml.com\/de\/wp-json\/wp\/v2\/comments?post=3106"}],"version-history":[{"count":0,"href":"https:\/\/www.ibml.com\/de\/wp-json\/wp\/v2\/pages\/3106\/revisions"}],"up":[{"embeddable":true,"href":"https:\/\/www.ibml.com\/de\/wp-json\/wp\/v2\/pages\/6684"}],"wp:attachment":[{"href":"https:\/\/www.ibml.com\/de\/wp-json\/wp\/v2\/media?parent=3106"}],"curies":[{"name":"wp","href":"https:\/\/api.w.org\/{rel}","templated":true}]}}