{"id":3086,"date":"2021-09-10T20:29:24","date_gmt":"2021-09-10T20:29:24","guid":{"rendered":"https:\/\/ibmlstaging.wpengine.com\/branchen-loesungen\/branchen\/gesundheitsdienstleister\/"},"modified":"2023-10-31T16:47:39","modified_gmt":"2023-10-31T16:47:39","slug":"gesundheitsdienstleister","status":"publish","type":"page","link":"https:\/\/www.ibml.com\/de\/branchen\/gesundheitsdienstleister\/","title":{"rendered":"Dokumentenmanagement-L\u00f6sungen f\u00fcr das Gesundheitswesen"},"content":{"rendered":"<p>Intelligente Erfassungsl\u00f6sungen von ibml erm\u00f6glichen es Gesundheitsdienstleistern, die Verarbeitung von Informationen zu automatisieren, um die Patientenversorgung und die administrativen Ergebnisse zu verbessern. Mit ibml-L\u00f6sungen stehen \u00c4rzten und Finanzmitarbeitern schneller als je zuvor nutzbare Informationen zur Verf\u00fcgung.<\/p>\n<p>Unsere L\u00f6sungen unterst\u00fctzen eine Vielzahl von Anwendungen f\u00fcr Gesundheitsorganisationen und die Business Process Outsourcer (BPO), die sie bedienen, einschlie\u00dflich Verwaltung von Krankenakten, Codierung, Auszahlungsbescheide, \u00dcberweisungsabwicklung, Leistungserkl\u00e4rung (EOB) und Check 21.<\/p>\n<p>L\u00f6sungen von ibml erfassen alle papierbasierten oder elektronischen Gesundheits-, Finanz- oder Patientendokumente, einschlie\u00dflich Zulassungsformulare, Versicherungskarten, Krankenakten, klinische Notizen, Laborberichte, Schecks, EOB-Dokumente, Versicherungsanspr\u00fcche, Ablehnungs-\/Beschwerdebriefe, erweiterte Richtlinien und Berichte.<\/p>\n","protected":false},"excerpt":{"rendered":"<p>Intelligente Erfassungsl\u00f6sungen von ibml erm\u00f6glichen es Gesundheitsdienstleistern, die Verarbeitung von Informationen zu automatisieren, um die Patientenversorgung und die administrativen Ergebnisse zu verbessern. Mit ibml-L\u00f6sungen stehen \u00c4rzten und Finanzmitarbeitern schneller als je zuvor nutzbare Informationen zur Verf\u00fcgung. Unsere L\u00f6sungen unterst\u00fctzen eine Vielzahl von Anwendungen f\u00fcr Gesundheitsorganisationen und die Business Process Outsourcer (BPO), die sie bedienen, einschlie\u00dflich [&hellip;]<\/p>\n","protected":false},"author":2,"featured_media":2300,"parent":3071,"menu_order":6,"comment_status":"closed","ping_status":"closed","template":"template-outsourced-industries.php","meta":{"_acf_changed":false,"content-type":"","_crsspst_to_ibmldevwpenginecom":false,"_crsspst_to_wwwibmlcom":false,"footnotes":""},"class_list":["post-3086","page","type-page","status-publish","has-post-thumbnail","hentry"],"acf":{"flexible_content":[{"acf_fc_layout":"image_and_text_60_40","image":2332,"headline":"Verbesserung der Patientenversorgung","paragraph":"Anbieter k\u00f6nnen dank des schnellen digitalen Zugriffs auf Aufzeichnungen, die durch die reduzierte Dokumentenvorbereitung, Inline-Erfassung, Dokumentensortierung und nahtlose Exporte von ibml bereitgestellt werden, besser informierte Entscheidungen treffen."},{"acf_fc_layout":"two_column_title_and_paragraph","headline_1":"Beschleunigen Sie die Zahl der Tage f\u00fcr ausstehende Verk\u00e4ufe","paragraph_1":"Die schnelleren Zykluszeiten, die von den Scannern und der Erfassungssoftware von ibml bereitgestellt werden, machen Service- und Finanzinformationen schneller verf\u00fcgbar, wodurch die Zeit f\u00fcr die Abrechnung von Zahlern und die Entscheidung \u00fcber Ablehnungen erheblich reduziert wird.","headline_2":"Steigern Sie die Geschwindigkeit, mit der Informationen zur Verf\u00fcgung stehen","paragraph_2":"Die sichere und nahtlose Integration mit Kernanwendungen und anderen nachgelagerten Gesundheitsinformationssystemen tr\u00e4gt dazu bei, dass aussagekr\u00e4ftige Informationen verf\u00fcgbar sind, wenn die Beteiligten sie ben\u00f6tigen."},{"acf_fc_layout":"two_column_title_and_paragraph","headline_1":"Reduzieren Sie den Verwaltungsaufwand","paragraph_1":"Durch die automatisierte Aussortierung von Trennbl\u00e4ttern, die Erfassung und Validierung von Daten aus EOBs und anderen Dokumenten sowie die digitale Informationsspeicherung werden die Betriebskosten deutlich gesenkt.","headline_2":"Rationalisieren Sie die Sicherheit und Einhaltung gesetzlicher Vorschriften","paragraph_2":"Reduzieren Sie die Risiken von Datendiebstahl und HIPAA-Compliance-Verst\u00f6\u00dfen durch rollenbasierten Zugriff auf Dokumente und Systemfunktionen, vollst\u00e4ndige Audit-Trails, Berichterstattung \u00fcber alle Aktivit\u00e4ten und Datenverschl\u00fcsselung."},{"acf_fc_layout":"highlight_content_box","headline":"ibml-as-a-service (iaaS)","subheadline":"Profitieren Sie von der neuesten Technologie<br> Ohne Vorlaufkosten","description":"Verschaffen Sie sich einen unschlagbaren technologischen Vorteil und entlasten Sie gleichzeitig Ihren Cashflow. Mit dem neuen ibml-as-a-Service k\u00f6nnen Sie die modernste Erfassungstechnologie von ibml auf einer Pay-as-you-go-Basis nutzen, indem Sie sich f\u00fcr feste viertelj\u00e4hrliche Zahlungen entscheiden. Dank gr\u00f6\u00dferer Flexibilit\u00e4t und Freiheit k\u00f6nnen Sie hohe CAPEX-Kosten vermeiden, Barmittel f\u00fcr andere wichtige Wachstumsinitiativen einsparen und Ihr Technologieabonnement an die individuellen Bed\u00fcrfnisse anpassen, skalieren und b\u00fcndeln. Au\u00dferdem ist Ihre Investition zu 100 % steuerlich absetzbar und kann jederzeit durch Upgrades oder neue Funktionen erg\u00e4nzt werden.","remove_margin_top":false},{"acf_fc_layout":"wysiwyg_paragraph_full","wysiwyg_paragraph_full":"<h3 class=\"h2\" style=\"text-align: center;\">So funktioniert das iaaS-Abonnement:<\/h3>"},{"acf_fc_layout":"responsive_image","desktop_image":2900,"mobile_image":2898},{"acf_fc_layout":"cta_callout_centered","remove_top_margin":true,"remove_bot_margin":false,"callout_headline":"","callout_description":"","callout_cta_label":"Weitere Informationen","callout_upload_a_file":true,"callout_cta_file":"","callout_cta_url":{"title":"ibml-as-a-service (iaaS)","url":"https:\/\/www.ibml.com\/services\/ibml-as-a-service-iaas\/","target":""},"new_window":false,"callout_cta_thumbnail":""},{"acf_fc_layout":"cta_callout_centered","remove_top_margin":false,"remove_bot_margin":false,"callout_headline":"Brosch\u00fcre f\u00fcr Gesundheitsdienstleister","callout_description":"","callout_cta_label":"Jetzt herunterladen","callout_upload_a_file":true,"callout_cta_file":"","callout_cta_url":null,"new_window":true,"callout_cta_thumbnail":""}],"preview_text":"Steigern Sie die Gewinne und verbessern Sie die Patientenversorgung durch beschleunigte Zykluszeiten","address":"","phone":"","select_pre_footer_ad":[3006],"background_image":"","headline":"","cta_label":"","cta_url":"","new_window":false,"industry_title":"Gesundheitsdienstleister","industry_description":"Verbesserung der Patientenversorgung und Optimieren der Compliance. Gew\u00e4hrleisten Sie Datensicherheit und Datenschutz mit vertrauensw\u00fcrdigen ibml-L\u00f6sungen.","relevant_link":null,"sub-headline":"Steigern Sie die Gewinne und verbessern Sie die Patientenversorgung durch beschleunigte Zykluszeiten","sub_sub_headline":""},"yoast_head":"<!-- This site is optimized with the Yoast SEO plugin v26.9 - https:\/\/yoast.com\/product\/yoast-seo-wordpress\/ -->\n<title>Dokumentenmanagement f\u00fcr Gesundheitsdienstleister | ibml<\/title>\n<meta name=\"description\" content=\"ibml hilft bei der Erfassung von Patientenakten und automatisiert die Zahlungsabwicklung f\u00fcr Gesundheitsdienstleister.\" \/>\n<meta name=\"robots\" content=\"index, follow, max-snippet:-1, max-image-preview:large, max-video-preview:-1\" \/>\n<link rel=\"canonical\" href=\"https:\/\/www.ibml.com\/de\/branchen\/gesundheitsdienstleister\/\" \/>\n<meta property=\"og:locale\" content=\"de_DE\" \/>\n<meta property=\"og:type\" content=\"article\" \/>\n<meta property=\"og:title\" content=\"Dokumentenmanagement f\u00fcr Gesundheitsdienstleister | ibml\" \/>\n<meta property=\"og:description\" content=\"ibml hilft bei der Erfassung von Patientenakten und automatisiert die Zahlungsabwicklung f\u00fcr Gesundheitsdienstleister.\" \/>\n<meta property=\"og:url\" content=\"https:\/\/www.ibml.com\/de\/branchen\/gesundheitsdienstleister\/\" \/>\n<meta property=\"og:site_name\" content=\"https:\/\/www.ibml.com\/\" \/>\n<meta property=\"article:publisher\" content=\"https:\/\/www.facebook.com\/ibmlnews\" \/>\n<meta property=\"article:modified_time\" content=\"2023-10-31T16:47:39+00:00\" \/>\n<meta property=\"og:image\" content=\"https:\/\/www.ibml.com\/wp-content\/uploads\/2020\/01\/healthcare-providers-banner.jpg\" \/>\n\t<meta property=\"og:image:width\" content=\"3800\" \/>\n\t<meta property=\"og:image:height\" content=\"800\" \/>\n\t<meta property=\"og:image:type\" content=\"image\/jpeg\" \/>\n<meta name=\"twitter:card\" content=\"summary_large_image\" \/>\n<meta name=\"twitter:site\" content=\"@ibmlnews\" \/>\n<meta name=\"twitter:label1\" content=\"Gesch\u00e4tzte Lesezeit\" \/>\n\t<meta name=\"twitter:data1\" content=\"1 Minute\" \/>\n<!-- \/ Yoast SEO plugin. -->","yoast_head_json":{"title":"Dokumentenmanagement f\u00fcr Gesundheitsdienstleister | ibml","description":"ibml hilft bei der Erfassung von Patientenakten und automatisiert die Zahlungsabwicklung f\u00fcr Gesundheitsdienstleister.","robots":{"index":"index","follow":"follow","max-snippet":"max-snippet:-1","max-image-preview":"max-image-preview:large","max-video-preview":"max-video-preview:-1"},"canonical":"https:\/\/www.ibml.com\/de\/branchen\/gesundheitsdienstleister\/","og_locale":"de_DE","og_type":"article","og_title":"Dokumentenmanagement f\u00fcr Gesundheitsdienstleister | ibml","og_description":"ibml hilft bei der Erfassung von Patientenakten und automatisiert die Zahlungsabwicklung f\u00fcr Gesundheitsdienstleister.","og_url":"https:\/\/www.ibml.com\/de\/branchen\/gesundheitsdienstleister\/","og_site_name":"https:\/\/www.ibml.com\/","article_publisher":"https:\/\/www.facebook.com\/ibmlnews","article_modified_time":"2023-10-31T16:47:39+00:00","og_image":[{"width":3800,"height":800,"url":"https:\/\/www.ibml.com\/wp-content\/uploads\/2020\/01\/healthcare-providers-banner.jpg","type":"image\/jpeg"}],"twitter_card":"summary_large_image","twitter_site":"@ibmlnews","twitter_misc":{"Gesch\u00e4tzte Lesezeit":"1 Minute"},"schema":{"@context":"https:\/\/schema.org","@graph":[{"@type":"WebPage","@id":"https:\/\/www.ibml.com\/de\/branchen\/gesundheitsdienstleister\/","url":"https:\/\/www.ibml.com\/de\/branchen\/gesundheitsdienstleister\/","name":"Dokumentenmanagement f\u00fcr Gesundheitsdienstleister | ibml","isPartOf":{"@id":"https:\/\/www.ibml.com\/de\/#website"},"primaryImageOfPage":{"@id":"https:\/\/www.ibml.com\/de\/branchen\/gesundheitsdienstleister\/#primaryimage"},"image":{"@id":"https:\/\/www.ibml.com\/de\/branchen\/gesundheitsdienstleister\/#primaryimage"},"thumbnailUrl":"https:\/\/www.ibml.com\/wp-content\/uploads\/2020\/01\/healthcare-providers-banner.jpg","datePublished":"2021-09-10T20:29:24+00:00","dateModified":"2023-10-31T16:47:39+00:00","description":"ibml hilft bei der Erfassung von Patientenakten und automatisiert die Zahlungsabwicklung f\u00fcr Gesundheitsdienstleister.","breadcrumb":{"@id":"https:\/\/www.ibml.com\/de\/branchen\/gesundheitsdienstleister\/#breadcrumb"},"inLanguage":"de-DE","potentialAction":[{"@type":"ReadAction","target":["https:\/\/www.ibml.com\/de\/branchen\/gesundheitsdienstleister\/"]}]},{"@type":"ImageObject","inLanguage":"de-DE","@id":"https:\/\/www.ibml.com\/de\/branchen\/gesundheitsdienstleister\/#primaryimage","url":"https:\/\/www.ibml.com\/wp-content\/uploads\/2020\/01\/healthcare-providers-banner.jpg","contentUrl":"https:\/\/www.ibml.com\/wp-content\/uploads\/2020\/01\/healthcare-providers-banner.jpg","width":3800,"height":800,"caption":"Gesundheitsdienstleister"},{"@type":"BreadcrumbList","@id":"https:\/\/www.ibml.com\/de\/branchen\/gesundheitsdienstleister\/#breadcrumb","itemListElement":[{"@type":"ListItem","position":1,"name":"Home","item":"https:\/\/www.ibml.com\/de\/3109-2\/"},{"@type":"ListItem","position":2,"name":"Branchen","item":"https:\/\/www.ibml.com\/de\/branchen-loesungen\/branchen\/?lang=de"},{"@type":"ListItem","position":3,"name":"Dokumentenmanagement-L\u00f6sungen f\u00fcr das Gesundheitswesen"}]},{"@type":"WebSite","@id":"https:\/\/www.ibml.com\/de\/#website","url":"https:\/\/www.ibml.com\/de\/","name":"https:\/\/www.ibml.com\/","description":"End-to-End Enterprise Capture Solutions","publisher":{"@id":"https:\/\/www.ibml.com\/de\/#organization"},"potentialAction":[{"@type":"SearchAction","target":{"@type":"EntryPoint","urlTemplate":"https:\/\/www.ibml.com\/de\/?s={search_term_string}"},"query-input":{"@type":"PropertyValueSpecification","valueRequired":true,"valueName":"search_term_string"}}],"inLanguage":"de-DE"},{"@type":"Organization","@id":"https:\/\/www.ibml.com\/de\/#organization","name":"IBML","url":"https:\/\/www.ibml.com\/de\/","logo":{"@type":"ImageObject","inLanguage":"de-DE","@id":"https:\/\/www.ibml.com\/de\/#\/schema\/logo\/image\/","url":"https:\/\/www.ibml.com\/wp-content\/uploads\/2022\/08\/ibml-logo-dark-1.png","contentUrl":"https:\/\/www.ibml.com\/wp-content\/uploads\/2022\/08\/ibml-logo-dark-1.png","width":301,"height":149,"caption":"IBML"},"image":{"@id":"https:\/\/www.ibml.com\/de\/#\/schema\/logo\/image\/"},"sameAs":["https:\/\/www.facebook.com\/ibmlnews","https:\/\/x.com\/ibmlnews","https:\/\/www.linkedin.com\/company\/ibml\/","https:\/\/www.youtube.com\/user\/ibmltube"]}]}},"_links":{"self":[{"href":"https:\/\/www.ibml.com\/de\/wp-json\/wp\/v2\/pages\/3086","targetHints":{"allow":["GET"]}}],"collection":[{"href":"https:\/\/www.ibml.com\/de\/wp-json\/wp\/v2\/pages"}],"about":[{"href":"https:\/\/www.ibml.com\/de\/wp-json\/wp\/v2\/types\/page"}],"author":[{"embeddable":true,"href":"https:\/\/www.ibml.com\/de\/wp-json\/wp\/v2\/users\/2"}],"replies":[{"embeddable":true,"href":"https:\/\/www.ibml.com\/de\/wp-json\/wp\/v2\/comments?post=3086"}],"version-history":[{"count":0,"href":"https:\/\/www.ibml.com\/de\/wp-json\/wp\/v2\/pages\/3086\/revisions"}],"up":[{"embeddable":true,"href":"https:\/\/www.ibml.com\/de\/wp-json\/wp\/v2\/pages\/3071"}],"acf:post":[{"embeddable":true,"href":"https:\/\/www.ibml.com\/de\/wp-json\/wp\/v2\/pre_footer_ad\/3006"}],"wp:featuredmedia":[{"embeddable":true,"href":"https:\/\/www.ibml.com\/de\/wp-json\/wp\/v2\/media\/2300"}],"wp:attachment":[{"href":"https:\/\/www.ibml.com\/de\/wp-json\/wp\/v2\/media?parent=3086"}],"curies":[{"name":"wp","href":"https:\/\/api.w.org\/{rel}","templated":true}]}}