{"id":3080,"date":"2021-09-10T20:29:20","date_gmt":"2021-09-10T20:29:20","guid":{"rendered":"https:\/\/ibmlstaging.wpengine.com\/branchen-loesungen\/branchen\/versicherungen\/"},"modified":"2023-10-31T16:48:28","modified_gmt":"2023-10-31T16:48:28","slug":"versicherungen","status":"publish","type":"page","link":"https:\/\/www.ibml.com\/de\/branchen\/versicherungen\/","title":{"rendered":"Intelligente Dokumentenverarbeitungsl\u00f6sungen f\u00fcr Versicherungen"},"content":{"rendered":"<p>Intelligente Erfassungsl\u00f6sungen von ibml erm\u00f6glichen es Versicherungstr\u00e4gern und den Anbietern von Gesch\u00e4ftsprozess-Outsourcing, die sie beliefern, ihre Rentabilit\u00e4t zu steigern, die Reaktionsf\u00e4higkeit gegen\u00fcber Kunden, Agenten und Call-Center-Mitarbeitern zu verbessern, sensible Informationen zu sch\u00fctzen und gesetzliche Vorschriften besser einzuhalten.<\/p>\n<p>L\u00f6sungen von ibml automatisieren die Erfassung, Klassifizierung, Validierung und den Export von Informationen aus allen papierbasierten oder elektronischen Dokumenten, die per Post, E-Mail, Fax, Internet oder Agentenstandort eingehen. Versicherungstr\u00e4ger und BPOs k\u00f6nnen Anmeldeformulare, Antr\u00e4ge, Krankenakten, Vorabgenehmigungsformulare, Berechtigungsnachweise, Schecks, \u00dcberweisungsdokumente und Leistungserkl\u00e4rungen effizienter und mit gr\u00f6\u00dferer Genauigkeit als je zuvor \u00fcber einen Erfassungsprozess verarbeiten.<\/p>\n<p>Die Funktionalit\u00e4t und Flexibilit\u00e4t der ibml-Erfassungsl\u00f6sungen ist ideal f\u00fcr die Bearbeitung von Anspr\u00fcchen in den Bereichen Medizin, Zahnmedizin, Rezepte, Arbeitsunfall, Auto, Leben und Eigentum. Unsere L\u00f6sungen haben sich auch in den Bereichen Anmeldung, Berechtigungsnachweis, Aktenmanagement, Pr\u00e4mienbearbeitung und Kundenservice bew\u00e4hrt.<\/p>\n","protected":false},"excerpt":{"rendered":"<p>Intelligente Erfassungsl\u00f6sungen von ibml erm\u00f6glichen es Versicherungstr\u00e4gern und den Anbietern von Gesch\u00e4ftsprozess-Outsourcing, die sie beliefern, ihre Rentabilit\u00e4t zu steigern, die Reaktionsf\u00e4higkeit gegen\u00fcber Kunden, Agenten und Call-Center-Mitarbeitern zu verbessern, sensible Informationen zu sch\u00fctzen und gesetzliche Vorschriften besser einzuhalten. L\u00f6sungen von ibml automatisieren die Erfassung, Klassifizierung, Validierung und den Export von Informationen aus allen papierbasierten oder elektronischen [&hellip;]<\/p>\n","protected":false},"author":2,"featured_media":2298,"parent":3071,"menu_order":7,"comment_status":"closed","ping_status":"closed","template":"template-outsourced-industries.php","meta":{"_acf_changed":false,"content-type":"","_crsspst_to_ibmldevwpenginecom":false,"_crsspst_to_wwwibmlcom":false,"footnotes":""},"class_list":["post-3080","page","type-page","status-publish","has-post-thumbnail","hentry"],"acf":{"flexible_content":[{"acf_fc_layout":"image_and_text_60_40","image":2338,"headline":"Verbessern Sie Ihren Kundenservice","paragraph":"Beschleunigen Sie die Schadenabwicklung und verbessern Sie die Reaktionszeit f\u00fcr Kunden, indem Sie Informationen so schnell wie m\u00f6glich erfassen und an den Kundenservice weiterleiten."},{"acf_fc_layout":"two_column_title_and_paragraph","headline_1":"F\u00f6rdern Sie eine bessere Entscheidungsfindung","paragraph_1":"Erm\u00f6glichen Sie Schadensachbearbeitern und anderen Mitarbeitern im gesamten Unternehmen, schnellere und fundiertere Entscheidungen zu treffen, indem Sie mehr Informationen aus allen Kan\u00e4len erfassen und sie den wichtigsten Entscheidungstr\u00e4gern schneller zur Verf\u00fcgung stellen.","headline_2":"Optimieren Sie die betriebliche Effizienz","paragraph_2":"Eliminieren Sie Ineffizienzen bei der Dokumentenverarbeitung mit erweiterten Erfassungsfunktionen wie virtuellem Batching, automatisierter Dokumentenklassifizierung, Datenerfassung und -validierung, Dokumentensortierung sowie zentralisierter Scan-Verwaltung und -Analyse."},{"acf_fc_layout":"two_column_title_and_paragraph","headline_1":"Reduzieren Sie kostspielige Ausnahmen","paragraph_1":"Erfassen Sie Ausnahmen, bevor sie Sie Geld kosten. Die \u00fcberlegene Bildqualit\u00e4t, die patentierte Erkennung von verlinkten Dokumenten, erstklassige Bildbearbeitungswerkzeuge und die automatisierte Datenvalidierung sorgen gemeinsam daf\u00fcr, dass die Chancen auf nachgelagerte Ausnahmen erheblich reduziert werden.","headline_2":"Richten Sie ein \u201eKompetenzzentrum f\u00fcr die Datenerfassung\u201c ein","paragraph_2":"Profitieren Sie von Skaleneffekten und schaffen Sie Freir\u00e4ume f\u00fcr Agenten und andere Au\u00dfendienstmitarbeiter, damit sie sich auf wertsch\u00f6pfende Aktivit\u00e4ten konzentrieren k\u00f6nnen, indem Sie mehrere dokumentengesteuerte Anwendungen in einer Shared Services-Umgebung bearbeiten."},{"acf_fc_layout":"image_and_text_60_40","image":2330,"headline":"Minimieren Sie Risiko und Compliance","paragraph":"Mit rollenbasierten Zugriffsbeschr\u00e4nkungen, vollst\u00e4ndigen Audit-Trails, Aktivit\u00e4tsprotokollierung, Datenverschl\u00fcsselung und zentralisierten Sicherheitskontrollen und -einblicken f\u00fcr Administratoren sind Sie Datendieben und Auditoren einen Schritt voraus."},{"acf_fc_layout":"highlight_content_box","headline":"ibml-as-a-service (iaaS)","subheadline":"Profitieren Sie von der neuesten Technologie<br> Ohne Vorlaufkosten","description":"Verschaffen Sie sich einen unschlagbaren technologischen Vorteil und entlasten Sie gleichzeitig Ihren Cashflow. Mit dem neuen ibml-as-a-Service k\u00f6nnen Sie die modernste Erfassungstechnologie von ibml auf einer Pay-as-you-go-Basis nutzen, indem Sie sich f\u00fcr feste viertelj\u00e4hrliche Zahlungen entscheiden. Dank gr\u00f6\u00dferer Flexibilit\u00e4t und Freiheit k\u00f6nnen Sie hohe CAPEX-Kosten vermeiden, Barmittel f\u00fcr andere wichtige Wachstumsinitiativen einsparen und Ihr Technologieabonnement an die individuellen Bed\u00fcrfnisse anpassen, skalieren und b\u00fcndeln. Au\u00dferdem ist Ihre Investition zu 100 % steuerlich absetzbar und kann jederzeit durch Upgrades oder neue Funktionen erg\u00e4nzt werden.","remove_margin_top":false},{"acf_fc_layout":"wysiwyg_paragraph_full","wysiwyg_paragraph_full":"<h3 class=\"h2\" style=\"text-align: center;\">So funktioniert das iaaS-Abonnement:<\/h3>"},{"acf_fc_layout":"responsive_image","desktop_image":2900,"mobile_image":2898},{"acf_fc_layout":"cta_callout_centered","remove_top_margin":true,"remove_bot_margin":false,"callout_headline":"","callout_description":"","callout_cta_label":"Weitere Informationen","callout_upload_a_file":true,"callout_cta_file":"","callout_cta_url":{"title":"ibml-as-a-service (iaaS)","url":"https:\/\/www.ibml.com\/services\/ibml-as-a-service-iaas\/","target":""},"new_window":false,"callout_cta_thumbnail":""},{"acf_fc_layout":"cta_callout_centered","remove_top_margin":false,"remove_bot_margin":false,"callout_headline":"Brosch\u00fcre f\u00fcr Versicherungen","callout_description":"","callout_cta_label":"Jetzt herunterladen","callout_upload_a_file":true,"callout_cta_file":2662,"callout_cta_url":null,"new_window":true,"callout_cta_thumbnail":""}],"preview_text":"Beschleunigen Sie die Schadensbearbeitung ","address":"","phone":"","select_pre_footer_ad":[3017],"background_image":"","headline":"","cta_label":"","cta_url":"","new_window":false,"industry_title":"Versicherungen","industry_description":"Beschleunigen Sie die Schadensbearbeitung und mindern Sie Risiken. Ibml kann helfen, die Kosten f\u00fcr die Bearbeitung von Versicherungsdokumenten zu senken und Ihren ROI zu erh\u00f6hen.","relevant_link":null,"sub-headline":"Hervorragender Kundenservice in einem wettbewerbsintensiven Umfeld","sub_sub_headline":""},"yoast_head":"<!-- This site is optimized with the Yoast SEO plugin v26.9 - https:\/\/yoast.com\/product\/yoast-seo-wordpress\/ -->\n<title>Antragsbearbeitung f\u00fcr Versicherungsgesellschaften | ibml<\/title>\n<meta name=\"description\" content=\"Intelligente Dokumentenverarbeitungssoftware und hochvolumige Dokumentenscansysteme von ibml helfen bei der Automatisierung von dokumentenintensiven Gesch\u00e4ftsprozessen.\" \/>\n<meta name=\"robots\" content=\"index, follow, max-snippet:-1, max-image-preview:large, max-video-preview:-1\" \/>\n<link rel=\"canonical\" href=\"https:\/\/www.ibml.com\/de\/branchen\/versicherungen\/\" \/>\n<meta property=\"og:locale\" content=\"de_DE\" \/>\n<meta property=\"og:type\" content=\"article\" \/>\n<meta property=\"og:title\" content=\"Antragsbearbeitung f\u00fcr Versicherungsgesellschaften | ibml\" \/>\n<meta property=\"og:description\" content=\"Intelligente Dokumentenverarbeitungssoftware und hochvolumige Dokumentenscansysteme von ibml helfen bei der Automatisierung von dokumentenintensiven Gesch\u00e4ftsprozessen.\" \/>\n<meta property=\"og:url\" content=\"https:\/\/www.ibml.com\/de\/branchen\/versicherungen\/\" \/>\n<meta property=\"og:site_name\" content=\"https:\/\/www.ibml.com\/\" \/>\n<meta property=\"article:publisher\" content=\"https:\/\/www.facebook.com\/ibmlnews\" \/>\n<meta property=\"article:modified_time\" content=\"2023-10-31T16:48:28+00:00\" \/>\n<meta property=\"og:image\" content=\"https:\/\/www.ibml.com\/wp-content\/uploads\/2020\/01\/insurance-banner.jpg\" \/>\n\t<meta property=\"og:image:width\" content=\"3800\" \/>\n\t<meta property=\"og:image:height\" content=\"800\" \/>\n\t<meta property=\"og:image:type\" content=\"image\/jpeg\" \/>\n<meta name=\"twitter:card\" content=\"summary_large_image\" \/>\n<meta name=\"twitter:site\" content=\"@ibmlnews\" \/>\n<meta name=\"twitter:label1\" content=\"Gesch\u00e4tzte Lesezeit\" \/>\n\t<meta name=\"twitter:data1\" content=\"1 Minute\" \/>\n<!-- \/ Yoast SEO plugin. -->","yoast_head_json":{"title":"Antragsbearbeitung f\u00fcr Versicherungsgesellschaften | ibml","description":"Intelligente Dokumentenverarbeitungssoftware und hochvolumige Dokumentenscansysteme von ibml helfen bei der Automatisierung von dokumentenintensiven Gesch\u00e4ftsprozessen.","robots":{"index":"index","follow":"follow","max-snippet":"max-snippet:-1","max-image-preview":"max-image-preview:large","max-video-preview":"max-video-preview:-1"},"canonical":"https:\/\/www.ibml.com\/de\/branchen\/versicherungen\/","og_locale":"de_DE","og_type":"article","og_title":"Antragsbearbeitung f\u00fcr Versicherungsgesellschaften | ibml","og_description":"Intelligente Dokumentenverarbeitungssoftware und hochvolumige Dokumentenscansysteme von ibml helfen bei der Automatisierung von dokumentenintensiven Gesch\u00e4ftsprozessen.","og_url":"https:\/\/www.ibml.com\/de\/branchen\/versicherungen\/","og_site_name":"https:\/\/www.ibml.com\/","article_publisher":"https:\/\/www.facebook.com\/ibmlnews","article_modified_time":"2023-10-31T16:48:28+00:00","og_image":[{"width":3800,"height":800,"url":"https:\/\/www.ibml.com\/wp-content\/uploads\/2020\/01\/insurance-banner.jpg","type":"image\/jpeg"}],"twitter_card":"summary_large_image","twitter_site":"@ibmlnews","twitter_misc":{"Gesch\u00e4tzte Lesezeit":"1 Minute"},"schema":{"@context":"https:\/\/schema.org","@graph":[{"@type":"WebPage","@id":"https:\/\/www.ibml.com\/de\/branchen\/versicherungen\/","url":"https:\/\/www.ibml.com\/de\/branchen\/versicherungen\/","name":"Antragsbearbeitung f\u00fcr Versicherungsgesellschaften | ibml","isPartOf":{"@id":"https:\/\/www.ibml.com\/de\/#website"},"primaryImageOfPage":{"@id":"https:\/\/www.ibml.com\/de\/branchen\/versicherungen\/#primaryimage"},"image":{"@id":"https:\/\/www.ibml.com\/de\/branchen\/versicherungen\/#primaryimage"},"thumbnailUrl":"https:\/\/www.ibml.com\/wp-content\/uploads\/2020\/01\/insurance-banner.jpg","datePublished":"2021-09-10T20:29:20+00:00","dateModified":"2023-10-31T16:48:28+00:00","description":"Intelligente Dokumentenverarbeitungssoftware und hochvolumige Dokumentenscansysteme von ibml helfen bei der Automatisierung von dokumentenintensiven Gesch\u00e4ftsprozessen.","breadcrumb":{"@id":"https:\/\/www.ibml.com\/de\/branchen\/versicherungen\/#breadcrumb"},"inLanguage":"de-DE","potentialAction":[{"@type":"ReadAction","target":["https:\/\/www.ibml.com\/de\/branchen\/versicherungen\/"]}]},{"@type":"ImageObject","inLanguage":"de-DE","@id":"https:\/\/www.ibml.com\/de\/branchen\/versicherungen\/#primaryimage","url":"https:\/\/www.ibml.com\/wp-content\/uploads\/2020\/01\/insurance-banner.jpg","contentUrl":"https:\/\/www.ibml.com\/wp-content\/uploads\/2020\/01\/insurance-banner.jpg","width":3800,"height":800,"caption":"Versicherungen"},{"@type":"BreadcrumbList","@id":"https:\/\/www.ibml.com\/de\/branchen\/versicherungen\/#breadcrumb","itemListElement":[{"@type":"ListItem","position":1,"name":"Home","item":"https:\/\/www.ibml.com\/de\/3109-2\/"},{"@type":"ListItem","position":2,"name":"Branchen","item":"https:\/\/www.ibml.com\/de\/branchen-loesungen\/branchen\/?lang=de"},{"@type":"ListItem","position":3,"name":"Intelligente Dokumentenverarbeitungsl\u00f6sungen f\u00fcr Versicherungen"}]},{"@type":"WebSite","@id":"https:\/\/www.ibml.com\/de\/#website","url":"https:\/\/www.ibml.com\/de\/","name":"https:\/\/www.ibml.com\/","description":"End-to-End Enterprise Capture Solutions","publisher":{"@id":"https:\/\/www.ibml.com\/de\/#organization"},"potentialAction":[{"@type":"SearchAction","target":{"@type":"EntryPoint","urlTemplate":"https:\/\/www.ibml.com\/de\/?s={search_term_string}"},"query-input":{"@type":"PropertyValueSpecification","valueRequired":true,"valueName":"search_term_string"}}],"inLanguage":"de-DE"},{"@type":"Organization","@id":"https:\/\/www.ibml.com\/de\/#organization","name":"IBML","url":"https:\/\/www.ibml.com\/de\/","logo":{"@type":"ImageObject","inLanguage":"de-DE","@id":"https:\/\/www.ibml.com\/de\/#\/schema\/logo\/image\/","url":"https:\/\/www.ibml.com\/wp-content\/uploads\/2022\/08\/ibml-logo-dark-1.png","contentUrl":"https:\/\/www.ibml.com\/wp-content\/uploads\/2022\/08\/ibml-logo-dark-1.png","width":301,"height":149,"caption":"IBML"},"image":{"@id":"https:\/\/www.ibml.com\/de\/#\/schema\/logo\/image\/"},"sameAs":["https:\/\/www.facebook.com\/ibmlnews","https:\/\/x.com\/ibmlnews","https:\/\/www.linkedin.com\/company\/ibml\/","https:\/\/www.youtube.com\/user\/ibmltube"]}]}},"_links":{"self":[{"href":"https:\/\/www.ibml.com\/de\/wp-json\/wp\/v2\/pages\/3080","targetHints":{"allow":["GET"]}}],"collection":[{"href":"https:\/\/www.ibml.com\/de\/wp-json\/wp\/v2\/pages"}],"about":[{"href":"https:\/\/www.ibml.com\/de\/wp-json\/wp\/v2\/types\/page"}],"author":[{"embeddable":true,"href":"https:\/\/www.ibml.com\/de\/wp-json\/wp\/v2\/users\/2"}],"replies":[{"embeddable":true,"href":"https:\/\/www.ibml.com\/de\/wp-json\/wp\/v2\/comments?post=3080"}],"version-history":[{"count":0,"href":"https:\/\/www.ibml.com\/de\/wp-json\/wp\/v2\/pages\/3080\/revisions"}],"up":[{"embeddable":true,"href":"https:\/\/www.ibml.com\/de\/wp-json\/wp\/v2\/pages\/3071"}],"acf:post":[{"embeddable":true,"href":"https:\/\/www.ibml.com\/de\/wp-json\/wp\/v2\/pre_footer_ad\/3017"}],"wp:featuredmedia":[{"embeddable":true,"href":"https:\/\/www.ibml.com\/de\/wp-json\/wp\/v2\/media\/2298"}],"wp:attachment":[{"href":"https:\/\/www.ibml.com\/de\/wp-json\/wp\/v2\/media?parent=3080"}],"curies":[{"name":"wp","href":"https:\/\/api.w.org\/{rel}","templated":true}]}}