{"id":3060,"date":"2021-09-10T20:29:13","date_gmt":"2021-09-10T20:29:13","guid":{"rendered":"https:\/\/ibmlstaging.wpengine.com\/standorte\/"},"modified":"2025-03-20T13:45:44","modified_gmt":"2025-03-20T13:45:44","slug":"standorte","status":"publish","type":"page","link":"https:\/\/www.ibml.com\/de\/ueber-uns\/standorte\/","title":{"rendered":"ibml Standorte &#038; Niederlassungen"},"content":{"rendered":"","protected":false},"excerpt":{"rendered":"","protected":false},"author":2,"featured_media":0,"parent":3065,"menu_order":0,"comment_status":"closed","ping_status":"closed","template":"template-locations.php","meta":{"_acf_changed":false,"content-type":"","_crsspst_to_ibmldevwpenginecom":false,"_crsspst_to_wwwibmlcom":false,"footnotes":""},"class_list":["post-3060","page","type-page","status-publish","hentry"],"acf":{"flexible_content":null,"title":"","description":"","location_item":[{"location_name":"Unternehmenszentrale","location_description":"","address":"2750 Crestwood Boulevard\r\nBirmingham, AL 35210","map_address":{"address":"Crestwood Blvd, Birmingham, AL, USA","lat":33.531159,"lng":-86.7114843,"zoom":14,"place_id":"EiNDcmVzdHdvb2QgQmx2ZCwgQmlybWluZ2hhbSwgQUwsIFVTQSIuKiwKFAoSCXmptF9aEImIETA_2D_ogTaJEhQKEgnTv4VY3xGJiBHOVLrqCXRQJQ","street_name":"Crestwood Boulevard","street_name_short":"Crestwood Blvd","city":"Birmingham","state":"Alabama","state_short":"AL","country":"USA","country_short":"US"},"phone_number_1_label":"Telefon","phone_number_1":"205-956-4071","phone_number_2_label":"Verkauf","phone_number_2":"205-439-7100","phone_number_3_label":"Fax.","phone_number_3":"205-956-5309","lodging_item":[{"lodging_name":"Holiday Inn Express","lodging_address":"811 Old Grants Mill Road\r\nBirmingham, AL 35210","lodging_details":"(205) 957-0555\r\n\r\n<a href=\"http:\/\/www.ichotelsgroup.com\/h\/d\/ex\/1\/en\/advancedsearch;jsessionid=MT53LBFJ4KLQWCTGWA2SIIQKM0YBCIY4?whichtype=room&amp;roomResult=none&amp;hotelCode=iroal&amp;quickRes=city&amp;_rateCode=IGCOR&amp;_corpId=100211273&amp;WT.ptvanity=redirect&amp;_requestid=485496\" target=\"_blank\" rel=\"noopener\">Click here<\/a> to make online Reservation\r\n\r\nAsk for \"ibml rate\" when calling to make a reservation."},{"lodging_name":"Hampton Inn & Suites","lodging_address":"3930 Old Grants Mill Road\r\nBirmingham, AL 35210","lodging_details":"(205) 933-0444\r\n\r\n<a href=\"http:\/\/hamptoninn3.hilton.com\/en\/hotels\/alabama\/hampton-inn-and-suites-birmingham-airport-area-BHMEAHX\/index.html\" target=\"_blank\" rel=\"noopener\">Click Here<\/a> to make online Reservation\r\n\r\nAsk for \"ibml rate\" when calling to make a reservation."},{"lodging_name":"Hilton Garden Inn - Liberty Park","lodging_address":"2090 Urban Center Parkway\r\nBirmingham, AL 35242","lodging_details":"(205) 503-5220\r\n\r\n<a href=\"https:\/\/secure3.hilton.com\/en_US\/gi\/reservation\/book.htm?ctyhocn=BHMLPGI&amp;corporateCode=N2768701\" target=\"_blank\" rel=\"noopener\">Click Here<\/a> to make online Reservation\r\n\r\nAsk for \"ibml rate\" when calling to make a reservation."},{"lodging_name":"Springhill Suites","lodging_address":"3950 Colonnade Parkway\r\nBirmingham, AL 35243","lodging_details":"(205) 969-8099\r\n\r\n<a href=\"http:\/\/www.marriott.com\/hotels\/travel\/bhmco?corporateCode=I56&amp;app=resvlink&amp;fromDate=&amp;toDate=\" target=\"_blank\" rel=\"noopener\">Click Here<\/a> to make online Reservation\r\n\r\nAsk for \"ibml rate\" when calling to make a reservation."},{"lodging_name":"","lodging_address":"","lodging_details":""}]},{"location_name":"Fertigung & CAS","location_description":"","address":"475 25th Street South\r\nBirmingham, AL 35210","map_address":{"address":"25th St S, Birmingham, AL 35210, USA","lat":33.5374699,"lng":-86.6990904,"zoom":14,"place_id":"EiQyNXRoIFN0IFMsIEJpcm1pbmdoYW0sIEFMIDM1MjEwLCBVU0EiLiosChQKEgnHrllsrBGJiBHDoa9qgAx44BIUChIJ07-FWN8RiYgRzlS66gl0UCU","street_name":"25th Street South","street_name_short":"25th St S","city":"Birmingham","state":"Alabama","state_short":"AL","post_code":35210,"country":"USA","country_short":"US"},"phone_number_1_label":"Fertigung","phone_number_1":"205-956-4071","phone_number_2_label":"CAS","phone_number_2":"205-313-1366","phone_number_3_label":"","phone_number_3":"","lodging_item":[{"lodging_name":"Holiday Inn Express","lodging_address":"811 Old Grants Mill Road\r\nBirmingham, AL 35210","lodging_details":"(205) 957-0555\r\n\r\n<a href=\"http:\/\/www.ichotelsgroup.com\/h\/d\/ex\/1\/en\/advancedsearch;jsessionid=MT53LBFJ4KLQWCTGWA2SIIQKM0YBCIY4?whichtype=room&amp;roomResult=none&amp;hotelCode=iroal&amp;quickRes=city&amp;_rateCode=IGCOR&amp;_corpId=100211273&amp;WT.ptvanity=redirect&amp;_requestid=485496\" target=\"_blank\" rel=\"noopener\">Click here<\/a> to make online Reservation\r\n\r\nAsk for \"ibml rate\" when calling to make a reservation."},{"lodging_name":"Hampton Inn & Suites","lodging_address":"3930 Old Grants Mill Road\r\nBirmingham, AL 35210","lodging_details":"(205) 933-0444\r\n\r\n<a href=\"http:\/\/hamptoninn3.hilton.com\/en\/hotels\/alabama\/hampton-inn-and-suites-birmingham-airport-area-BHMEAHX\/index.html\" target=\"_blank\" rel=\"noopener\">Click Here<\/a> to make online Reservation\r\n\r\nAsk for \"ibml rate\" when calling to make a reservation."},{"lodging_name":"Hilton Garden Inn - Liberty Park","lodging_address":"2090 Urban Center Parkway\r\nBirmingham, AL 35242","lodging_details":"(205) 503-5220\r\n\r\n<a href=\"https:\/\/secure3.hilton.com\/en_US\/gi\/reservation\/book.htm?ctyhocn=BHMLPGI&amp;corporateCode=N2768701\" target=\"_blank\" rel=\"noopener\">Click Here<\/a> to make online Reservation\r\n\r\nAsk for \"ibml rate\" when calling to make a reservation."},{"lodging_name":"Marriott Courtyard","lodging_address":"4300 Colonnade Parkway\r\nBirmingham, AL 35243","lodging_details":"(205) 967-4466\r\n\r\n<a href=\"http:\/\/www.marriott.com\/meeting-event-hotels\/group-corporate-travel\/groupCorp.mi?resLinkData=ibml%5EI56%60BHMSC%60&amp;app=resvlink&amp;stop_mobi=yes\" target=\"_blank\" rel=\"noopener\">Click Here<\/a> to make online Reservation\r\n\r\nAsk for \"ibml rate\" when calling to make a reservation."},{"lodging_name":"Springhill Suites","lodging_address":"3950 Colonnade Parkway\r\nBirmingham, AL 35243","lodging_details":"(205) 969-8099\r\n\r\n<a href=\"http:\/\/www.marriott.com\/hotels\/travel\/bhmco?corporateCode=I56&amp;app=resvlink&amp;fromDate=&amp;toDate=\" target=\"_blank\" rel=\"noopener\">Click Here<\/a> to make online Reservation\r\n\r\nAsk for \"ibml rate\" when calling to make a reservation."}]},{"location_name":"B\u00fcro in Deutschland","location_description":"","address":"Line-Eid-Stra\u00dfe 3\r\nD-78467 Konstanz Germany","map_address":{"address":"Line-Eid-Stra\u00dfe 3, 78467 Konstanz, Germany","lat":47.6726993,"lng":9.1554574,"zoom":14,"place_id":"ChIJcelEVfT2mkcRVWCFaj6knO4","street_number":3,"street_name":"Line-Eid-Stra\u00dfe","city":"Konstanz","city_short":"KN","state":"Baden-W\u00fcrttemberg","state_short":"BW","post_code":78467,"country":"Deutschland","country_short":"DE"},"phone_number_1_label":"Tel.","phone_number_1":"+49-7531-36171-0","phone_number_2_label":"Fax.","phone_number_2":"+49-7531-36171-23","phone_number_3_label":"Service","phone_number_3":"+49 7531 36171 20","lodging_item":[{"lodging_name":"Hotel Halm Konstanz","lodging_address":"Bahnhofplatz 6\r\n78462 Konstanz","lodging_details":"(49) 07531\/1210\r\n(49) 07531\/21803\r\n\r\nCity Center Konstanz, opposite train station\r\n\r\n<a href=\"http:\/\/www.hotel-halm.de\/en\/hotel-konstanz\" target=\"_blank\" rel=\"noopener\">Click Here<\/a> to make online Reservation\r\n\r\nAsk for \"ibml rate\" when calling to make a reservation."},{"lodging_name":"Hotel ibis Konstanz","lodging_address":"Benediktiner Platz 9\r\n78467 Konstanz","lodging_details":"(49) 7531\/45700\r\n\r\nFor more information <a href=\"http:\/\/ibishotel.ibis.com\/de\/hotel-7290-ibis-konstanz\/index.shtml\" target=\"_blank\" rel=\"noopener\">Click Here<\/a>."},{"lodging_name":"47\u00b0","lodging_address":"Reichenaustra\u00dfe 17\r\n78467 Konstanz","lodging_details":"(49) 7531\/12749-0\r\n\r\nFor more information <a href=\"http:\/\/www.47grad.de\/en\/information-wellnesshotel-bodensee\" target=\"_blank\" rel=\"noopener\">Click Here<\/a>."}]},{"location_name":"B\u00fcro in Gro\u00dfbritannien","location_description":"","address":"ibml House\r\n3 Bridge Court\r\nWrecclesham,\r\nFarnham Surrey\r\nGU10 4QE, United Kingdom","map_address":{"address":"Cubic, Unit 3 Bridge Court, Wrecclesham, Farnham, Surrey GU10 4QE, UK","lat":51.2010712,"lng":-0.8180606,"zoom":14,"place_id":"ChIJeauUY78tdEgRqsqbzFVFXAg","name":"Cubic","street_number":"Unit 3","street_name":"Bridge Court","street_name_short":"Bridge Ct","city":"Wrecclesham","state":"England","post_code":"GU10 4QE","country":"United Kingdom","country_short":"GB"},"phone_number_1_label":"Tel.","phone_number_1":"+44 (0) 1252 962870","phone_number_2_label":"","phone_number_2":"","phone_number_3_label":"","phone_number_3":"","lodging_item":null}],"address":"","phone":"","background_image":"","headline":"","cta_label":"","cta_url":"","new_window":false,"sub-headline":"","sub_sub_headline":""},"yoast_head":"<!-- This site is optimized with the Yoast SEO plugin v26.9 - https:\/\/yoast.com\/product\/yoast-seo-wordpress\/ -->\n<title>Unsere Standorte | Besuchen Sie ibml<\/title>\n<meta name=\"description\" content=\"ibml, der f\u00fchrende Anbieter von Dokumentenscannern und Datenerfassungsl\u00f6sungen f\u00fcr Unternehmen, ber\u00e4t Sie in allen Fragen des Scannens und der intelligenten Dokumentenverarbeitungssoftware.\" \/>\n<meta name=\"robots\" content=\"index, follow, max-snippet:-1, max-image-preview:large, max-video-preview:-1\" \/>\n<link rel=\"canonical\" href=\"https:\/\/www.ibml.com\/de\/ueber-uns\/standorte\/\" \/>\n<meta property=\"og:locale\" content=\"de_DE\" \/>\n<meta property=\"og:type\" content=\"article\" \/>\n<meta property=\"og:title\" content=\"Unsere Standorte | Besuchen Sie ibml\" \/>\n<meta property=\"og:description\" content=\"ibml, der f\u00fchrende Anbieter von Dokumentenscannern und Datenerfassungsl\u00f6sungen f\u00fcr Unternehmen, ber\u00e4t Sie in allen Fragen des Scannens und der intelligenten Dokumentenverarbeitungssoftware.\" \/>\n<meta property=\"og:url\" content=\"https:\/\/www.ibml.com\/de\/ueber-uns\/standorte\/\" \/>\n<meta property=\"og:site_name\" content=\"https:\/\/www.ibml.com\/\" \/>\n<meta property=\"article:publisher\" content=\"https:\/\/www.facebook.com\/ibmlnews\" \/>\n<meta property=\"article:modified_time\" content=\"2025-03-20T13:45:44+00:00\" \/>\n<meta name=\"twitter:card\" content=\"summary_large_image\" \/>\n<meta name=\"twitter:site\" content=\"@ibmlnews\" \/>\n<!-- \/ Yoast SEO plugin. -->","yoast_head_json":{"title":"Unsere Standorte | Besuchen Sie ibml","description":"ibml, der f\u00fchrende Anbieter von Dokumentenscannern und Datenerfassungsl\u00f6sungen f\u00fcr Unternehmen, ber\u00e4t Sie in allen Fragen des Scannens und der intelligenten Dokumentenverarbeitungssoftware.","robots":{"index":"index","follow":"follow","max-snippet":"max-snippet:-1","max-image-preview":"max-image-preview:large","max-video-preview":"max-video-preview:-1"},"canonical":"https:\/\/www.ibml.com\/de\/ueber-uns\/standorte\/","og_locale":"de_DE","og_type":"article","og_title":"Unsere Standorte | Besuchen Sie ibml","og_description":"ibml, der f\u00fchrende Anbieter von Dokumentenscannern und Datenerfassungsl\u00f6sungen f\u00fcr Unternehmen, ber\u00e4t Sie in allen Fragen des Scannens und der intelligenten Dokumentenverarbeitungssoftware.","og_url":"https:\/\/www.ibml.com\/de\/ueber-uns\/standorte\/","og_site_name":"https:\/\/www.ibml.com\/","article_publisher":"https:\/\/www.facebook.com\/ibmlnews","article_modified_time":"2025-03-20T13:45:44+00:00","twitter_card":"summary_large_image","twitter_site":"@ibmlnews","schema":{"@context":"https:\/\/schema.org","@graph":[{"@type":"WebPage","@id":"https:\/\/www.ibml.com\/de\/ueber-uns\/standorte\/","url":"https:\/\/www.ibml.com\/de\/ueber-uns\/standorte\/","name":"Unsere Standorte | Besuchen Sie ibml","isPartOf":{"@id":"https:\/\/www.ibml.com\/de\/#website"},"datePublished":"2021-09-10T20:29:13+00:00","dateModified":"2025-03-20T13:45:44+00:00","description":"ibml, der f\u00fchrende Anbieter von Dokumentenscannern und Datenerfassungsl\u00f6sungen f\u00fcr Unternehmen, ber\u00e4t Sie in allen Fragen des Scannens und der intelligenten Dokumentenverarbeitungssoftware.","breadcrumb":{"@id":"https:\/\/www.ibml.com\/de\/ueber-uns\/standorte\/#breadcrumb"},"inLanguage":"de-DE","potentialAction":[{"@type":"ReadAction","target":["https:\/\/www.ibml.com\/de\/ueber-uns\/standorte\/"]}]},{"@type":"BreadcrumbList","@id":"https:\/\/www.ibml.com\/de\/ueber-uns\/standorte\/#breadcrumb","itemListElement":[{"@type":"ListItem","position":1,"name":"Home","item":"https:\/\/www.ibml.com\/de\/3109-2\/"},{"@type":"ListItem","position":2,"name":"\u00dcber uns","item":"https:\/\/www.ibml.com\/de\/ueber-uns\/"},{"@type":"ListItem","position":3,"name":"ibml Standorte &#038; Niederlassungen"}]},{"@type":"WebSite","@id":"https:\/\/www.ibml.com\/de\/#website","url":"https:\/\/www.ibml.com\/de\/","name":"https:\/\/www.ibml.com\/","description":"End-to-End Enterprise Capture Solutions","publisher":{"@id":"https:\/\/www.ibml.com\/de\/#organization"},"potentialAction":[{"@type":"SearchAction","target":{"@type":"EntryPoint","urlTemplate":"https:\/\/www.ibml.com\/de\/?s={search_term_string}"},"query-input":{"@type":"PropertyValueSpecification","valueRequired":true,"valueName":"search_term_string"}}],"inLanguage":"de-DE"},{"@type":"Organization","@id":"https:\/\/www.ibml.com\/de\/#organization","name":"IBML","url":"https:\/\/www.ibml.com\/de\/","logo":{"@type":"ImageObject","inLanguage":"de-DE","@id":"https:\/\/www.ibml.com\/de\/#\/schema\/logo\/image\/","url":"https:\/\/www.ibml.com\/wp-content\/uploads\/2022\/08\/ibml-logo-dark-1.png","contentUrl":"https:\/\/www.ibml.com\/wp-content\/uploads\/2022\/08\/ibml-logo-dark-1.png","width":301,"height":149,"caption":"IBML"},"image":{"@id":"https:\/\/www.ibml.com\/de\/#\/schema\/logo\/image\/"},"sameAs":["https:\/\/www.facebook.com\/ibmlnews","https:\/\/x.com\/ibmlnews","https:\/\/www.linkedin.com\/company\/ibml\/","https:\/\/www.youtube.com\/user\/ibmltube"]}]}},"_links":{"self":[{"href":"https:\/\/www.ibml.com\/de\/wp-json\/wp\/v2\/pages\/3060","targetHints":{"allow":["GET"]}}],"collection":[{"href":"https:\/\/www.ibml.com\/de\/wp-json\/wp\/v2\/pages"}],"about":[{"href":"https:\/\/www.ibml.com\/de\/wp-json\/wp\/v2\/types\/page"}],"author":[{"embeddable":true,"href":"https:\/\/www.ibml.com\/de\/wp-json\/wp\/v2\/users\/2"}],"replies":[{"embeddable":true,"href":"https:\/\/www.ibml.com\/de\/wp-json\/wp\/v2\/comments?post=3060"}],"version-history":[{"count":0,"href":"https:\/\/www.ibml.com\/de\/wp-json\/wp\/v2\/pages\/3060\/revisions"}],"up":[{"embeddable":true,"href":"https:\/\/www.ibml.com\/de\/wp-json\/wp\/v2\/pages\/3065"}],"wp:attachment":[{"href":"https:\/\/www.ibml.com\/de\/wp-json\/wp\/v2\/media?parent=3060"}],"curies":[{"name":"wp","href":"https:\/\/api.w.org\/{rel}","templated":true}]}}